{"id":18112,"date":"2023-07-17T09:24:21","date_gmt":"2023-07-17T07:24:21","guid":{"rendered":"https:\/\/www.brikol.sk\/produkt\/rozperka-pro-zaluzie-climax-bila-par\/"},"modified":"2023-07-17T09:24:21","modified_gmt":"2023-07-17T07:24:21","slug":"rozperka-pro-zaluzie-climax-bila-par","status":"publish","type":"product","link":"https:\/\/www.brikol.sk\/cs\/produkt\/rozperka-pro-zaluzie-climax-bila-par\/","title":{"rendered":"Rozp\u011brka pro \u017ealuzie Climax b\u00edl\u00e1 \/ p\u00e1r"},"content":{"rendered":"<p><strong>Distan\u010dn\u00ed podlo\u017eka pro \u017ealuzie CLIMAX<\/strong><\/p>\n<p>Podlo\u017eka je ur\u010dena pro z\u00e1kladn\u00ed \u010d\u00e1st ITS.<\/p>\n<p>V\u00fd\u0161ka podlo\u017eky je <strong>4 mm<\/strong>, pou\u017e\u00edv\u00e1 se u \u00fazk\u00fdch zaskl\u00edvac\u00edch li\u0161t, aby se lamely \u017ealuzie mohly ot\u00e1\u010det a byla tak zaji\u0161t\u011bna jejich funk\u010dnost.<\/p>\n<p>&nbsp;<\/p>\n","protected":false},"excerpt":{"rendered":"<p>Podlo\u017eka je ur\u010dena k pou\u017eit\u00ed pod <strong><a href=\"https:\/\/www.brikol.sk\/produkt\/zakladna-cast-pre-climax\/\">z\u00e1kladn\u00ed \u010d\u00e1st<\/a><\/strong> IDS.<\/p>\n<p>V\u00fd\u0161ka podlo\u017eky je 4 mm, pou\u017e\u00edv\u00e1 se u \u00fazk\u00fdch zaskl\u00edvac\u00edch li\u0161t, aby se lamely \u017ealuzie mohly ot\u00e1\u010det a byla tak zaji\u0161t\u011bna jejich funk\u010dnost.<\/p>\n","protected":false},"featured_media":16362,"comment_status":"open","ping_status":"closed","template":"","meta":[],"product_cat":[132,140],"product_tag":[],"_links":{"self":[{"href":"https:\/\/www.brikol.sk\/cs\/wp-json\/wp\/v2\/product\/18112"}],"collection":[{"href":"https:\/\/www.brikol.sk\/cs\/wp-json\/wp\/v2\/product"}],"about":[{"href":"https:\/\/www.brikol.sk\/cs\/wp-json\/wp\/v2\/types\/product"}],"replies":[{"embeddable":true,"href":"https:\/\/www.brikol.sk\/cs\/wp-json\/wp\/v2\/comments?post=18112"}],"wp:featuredmedia":[{"embeddable":true,"href":"https:\/\/www.brikol.sk\/cs\/wp-json\/wp\/v2\/media\/16362"}],"wp:attachment":[{"href":"https:\/\/www.brikol.sk\/cs\/wp-json\/wp\/v2\/media?parent=18112"}],"wp:term":[{"taxonomy":"product_cat","embeddable":true,"href":"https:\/\/www.brikol.sk\/cs\/wp-json\/wp\/v2\/product_cat?post=18112"},{"taxonomy":"product_tag","embeddable":true,"href":"https:\/\/www.brikol.sk\/cs\/wp-json\/wp\/v2\/product_tag?post=18112"}],"curies":[{"name":"wp","href":"https:\/\/api.w.org\/{rel}","templated":true}]}}