{"id":18113,"date":"2023-07-17T10:49:54","date_gmt":"2023-07-17T08:49:54","guid":{"rendered":"https:\/\/www.brikol.sk\/produkt\/zakladni-cast-pro-ids-spolek\/"},"modified":"2023-07-17T10:49:54","modified_gmt":"2023-07-17T08:49:54","slug":"zakladni-cast-pro-ids-spolek","status":"publish","type":"product","link":"https:\/\/www.brikol.sk\/cs\/produkt\/zakladni-cast-pro-ids-spolek\/","title":{"rendered":"Z\u00e1kladn\u00ed \u010d\u00e1st pro IDS\/spolek"},"content":{"rendered":"<p>Tato z\u00e1kladn\u00ed \u010d\u00e1st se pou\u017e\u00edv\u00e1 pouze pro \u017ealuzie<strong> Climax &#8211; IDS.<\/strong><\/p>\n<p>Neobsahuje ozuben\u00e9 kolo.<\/p>\n<p>Vodic\u00ed li\u0161ty se zasouvaj\u00ed do horn\u00edho profilu \u017ealuzie ze stran, na jedn\u00e9 stran\u011b ( vpravo\/vlevo ) je veden \u0159et\u00edzek.<\/p>\n<p>&nbsp;<\/p>\n","protected":false},"excerpt":{"rendered":"<p>Z\u00e1kladn\u00ed d\u00edl pro IDS toto zapojen\u00ed se pou\u017e\u00edv\u00e1 pouze pro \u017ealuzie <strong>Climax &#8211; IDS<\/strong><\/p>\n","protected":false},"featured_media":16352,"comment_status":"open","ping_status":"closed","template":"","meta":[],"product_cat":[132,140],"product_tag":[],"_links":{"self":[{"href":"https:\/\/www.brikol.sk\/cs\/wp-json\/wp\/v2\/product\/18113"}],"collection":[{"href":"https:\/\/www.brikol.sk\/cs\/wp-json\/wp\/v2\/product"}],"about":[{"href":"https:\/\/www.brikol.sk\/cs\/wp-json\/wp\/v2\/types\/product"}],"replies":[{"embeddable":true,"href":"https:\/\/www.brikol.sk\/cs\/wp-json\/wp\/v2\/comments?post=18113"}],"wp:featuredmedia":[{"embeddable":true,"href":"https:\/\/www.brikol.sk\/cs\/wp-json\/wp\/v2\/media\/16352"}],"wp:attachment":[{"href":"https:\/\/www.brikol.sk\/cs\/wp-json\/wp\/v2\/media?parent=18113"}],"wp:term":[{"taxonomy":"product_cat","embeddable":true,"href":"https:\/\/www.brikol.sk\/cs\/wp-json\/wp\/v2\/product_cat?post=18113"},{"taxonomy":"product_tag","embeddable":true,"href":"https:\/\/www.brikol.sk\/cs\/wp-json\/wp\/v2\/product_tag?post=18113"}],"curies":[{"name":"wp","href":"https:\/\/api.w.org\/{rel}","templated":true}]}}