{"id":18114,"date":"2023-07-11T12:58:06","date_gmt":"2023-07-11T10:58:06","guid":{"rendered":"https:\/\/www.brikol.sk\/produkt\/krytky-zavesu-gu-leve-sada\/"},"modified":"2026-01-13T11:36:03","modified_gmt":"2026-01-13T10:36:03","slug":"krytky-zavesu-gu-leve-sada","status":"publish","type":"product","link":"https:\/\/www.brikol.sk\/cs\/produkt\/krytky-zavesu-gu-leve-sada\/","title":{"rendered":"Krytky z\u00e1v\u011bs\u016f GU lev\u00e9 \/ sada"},"content":{"rendered":"<p>Krytky z\u00e1v\u011bs\u016f ur\u010den\u00e9 pro kov\u00e1n\u00ed GU s v\u00fd\u0159ezem na lev\u00e9 stran\u011b pro plastov\u00e1 okna. Obsahuje spodn\u00ed krytky z\u00e1v\u011bs\u016f a horn\u00ed krytky z\u00e1v\u011bs\u016f.<\/p>\n<p>&nbsp;<\/p>\n","protected":false},"excerpt":{"rendered":"<p>Kryty z\u00e1v\u011bs\u016f ur\u010den\u00e9 pro kov\u00e1n\u00ed GU s v\u00fd\u0159ezem na lev\u00e9 stran\u011b pro plastov\u00e1 okna. Obsahuje spodn\u00ed krytky z\u00e1v\u011bs\u016f a horn\u00ed krytky z\u00e1v\u011bs\u016f.<\/p>\n","protected":false},"featured_media":16327,"comment_status":"open","ping_status":"closed","template":"","meta":[],"product_cat":[136,221,126,222],"product_tag":[],"_links":{"self":[{"href":"https:\/\/www.brikol.sk\/cs\/wp-json\/wp\/v2\/product\/18114"}],"collection":[{"href":"https:\/\/www.brikol.sk\/cs\/wp-json\/wp\/v2\/product"}],"about":[{"href":"https:\/\/www.brikol.sk\/cs\/wp-json\/wp\/v2\/types\/product"}],"replies":[{"embeddable":true,"href":"https:\/\/www.brikol.sk\/cs\/wp-json\/wp\/v2\/comments?post=18114"}],"wp:featuredmedia":[{"embeddable":true,"href":"https:\/\/www.brikol.sk\/cs\/wp-json\/wp\/v2\/media\/16327"}],"wp:attachment":[{"href":"https:\/\/www.brikol.sk\/cs\/wp-json\/wp\/v2\/media?parent=18114"}],"wp:term":[{"taxonomy":"product_cat","embeddable":true,"href":"https:\/\/www.brikol.sk\/cs\/wp-json\/wp\/v2\/product_cat?post=18114"},{"taxonomy":"product_tag","embeddable":true,"href":"https:\/\/www.brikol.sk\/cs\/wp-json\/wp\/v2\/product_tag?post=18114"}],"curies":[{"name":"wp","href":"https:\/\/api.w.org\/{rel}","templated":true}]}}