{"id":18116,"date":"2023-07-11T10:50:13","date_gmt":"2023-07-11T08:50:13","guid":{"rendered":"https:\/\/www.brikol.sk\/produkt\/krytky-zavesu-gu-prave-sada\/"},"modified":"2026-01-13T11:36:15","modified_gmt":"2026-01-13T10:36:15","slug":"krytky-zavesu-gu-prave-sada","status":"publish","type":"product","link":"https:\/\/www.brikol.sk\/cs\/produkt\/krytky-zavesu-gu-prave-sada\/","title":{"rendered":"Krytky z\u00e1v\u011bs\u016f GU prav\u00e9 \/ sada"},"content":{"rendered":"<p>Krytky z\u00e1v\u011bs\u016f ur\u010den\u00e9 pro kov\u00e1n\u00ed GU s v\u00fd\u0159ezem na prav\u00e9 stran\u011b pro plastov\u00e1 okna. Obsahuje spodn\u00ed krytky z\u00e1v\u011bs\u016f a horn\u00ed krytky z\u00e1v\u011bs\u016f.<\/p>\n<p>&nbsp;<\/p>\n","protected":false},"excerpt":{"rendered":"<p>Kryty z\u00e1v\u011bs\u016f ur\u010den\u00e9 pro kov\u00e1n\u00ed GU s v\u00fd\u0159ezem na prav\u00e9 stran\u011b pro plastov\u00e1 okna. Obsahuje spodn\u00ed krytky z\u00e1v\u011bs\u016f a horn\u00ed krytky z\u00e1v\u011bs\u016f.<\/p>\n","protected":false},"featured_media":16312,"comment_status":"open","ping_status":"closed","template":"","meta":[],"product_cat":[136,126,222],"product_tag":[],"_links":{"self":[{"href":"https:\/\/www.brikol.sk\/cs\/wp-json\/wp\/v2\/product\/18116"}],"collection":[{"href":"https:\/\/www.brikol.sk\/cs\/wp-json\/wp\/v2\/product"}],"about":[{"href":"https:\/\/www.brikol.sk\/cs\/wp-json\/wp\/v2\/types\/product"}],"replies":[{"embeddable":true,"href":"https:\/\/www.brikol.sk\/cs\/wp-json\/wp\/v2\/comments?post=18116"}],"wp:featuredmedia":[{"embeddable":true,"href":"https:\/\/www.brikol.sk\/cs\/wp-json\/wp\/v2\/media\/16312"}],"wp:attachment":[{"href":"https:\/\/www.brikol.sk\/cs\/wp-json\/wp\/v2\/media?parent=18116"}],"wp:term":[{"taxonomy":"product_cat","embeddable":true,"href":"https:\/\/www.brikol.sk\/cs\/wp-json\/wp\/v2\/product_cat?post=18116"},{"taxonomy":"product_tag","embeddable":true,"href":"https:\/\/www.brikol.sk\/cs\/wp-json\/wp\/v2\/product_tag?post=18116"}],"curies":[{"name":"wp","href":"https:\/\/api.w.org\/{rel}","templated":true}]}}