{"id":18125,"date":"2023-06-02T11:13:37","date_gmt":"2023-06-02T09:13:37","guid":{"rendered":"https:\/\/www.brikol.sk\/produkt\/kryt-pritlacneho-zavesu-roto-bily-par\/"},"modified":"2026-01-13T12:34:40","modified_gmt":"2026-01-13T11:34:40","slug":"kryt-pritlacneho-zavesu-roto-bily-par","status":"publish","type":"product","link":"https:\/\/www.brikol.sk\/cs\/produkt\/kryt-pritlacneho-zavesu-roto-bily-par\/","title":{"rendered":"Kryt p\u0159\u00edtla\u010dn\u00e9ho z\u00e1v\u011bsu Roto b\u00edl\u00fd \/ p\u00e1r"},"content":{"rendered":"<p>Kryt p\u0159\u00edtla\u010dn\u00e9ho z\u00e1v\u011bsu obsahuje 1 kryt r\u00e1mu a 1 kryt k\u0159\u00eddla. V\u00ed\u010dka se nasazuj\u00ed na p\u0159\u00edtla\u010dnou \u010d\u00e1st z\u00e1v\u011bsu.<\/p>\n<p>&nbsp;<\/p>\n<p>&nbsp;<\/p>\n","protected":false},"excerpt":{"rendered":"<p>P\u0159\u00edtla\u010dn\u00fd kryt z\u00e1v\u011bsu Roto.<\/p>\n","protected":false},"featured_media":16037,"comment_status":"open","ping_status":"closed","template":"","meta":[],"product_cat":[136,147,222],"product_tag":[],"_links":{"self":[{"href":"https:\/\/www.brikol.sk\/cs\/wp-json\/wp\/v2\/product\/18125"}],"collection":[{"href":"https:\/\/www.brikol.sk\/cs\/wp-json\/wp\/v2\/product"}],"about":[{"href":"https:\/\/www.brikol.sk\/cs\/wp-json\/wp\/v2\/types\/product"}],"replies":[{"embeddable":true,"href":"https:\/\/www.brikol.sk\/cs\/wp-json\/wp\/v2\/comments?post=18125"}],"wp:featuredmedia":[{"embeddable":true,"href":"https:\/\/www.brikol.sk\/cs\/wp-json\/wp\/v2\/media\/16037"}],"wp:attachment":[{"href":"https:\/\/www.brikol.sk\/cs\/wp-json\/wp\/v2\/media?parent=18125"}],"wp:term":[{"taxonomy":"product_cat","embeddable":true,"href":"https:\/\/www.brikol.sk\/cs\/wp-json\/wp\/v2\/product_cat?post=18125"},{"taxonomy":"product_tag","embeddable":true,"href":"https:\/\/www.brikol.sk\/cs\/wp-json\/wp\/v2\/product_tag?post=18125"}],"curies":[{"name":"wp","href":"https:\/\/api.w.org\/{rel}","templated":true}]}}