{"id":18126,"date":"2023-05-18T15:16:49","date_gmt":"2023-05-18T13:16:49","guid":{"rendered":"https:\/\/www.brikol.sk\/produkt\/univerzalni-zaves-pro-plastova-okna\/"},"modified":"2026-01-13T12:35:38","modified_gmt":"2026-01-13T11:35:38","slug":"univerzalni-zaves-pro-plastova-okna","status":"publish","type":"product","link":"https:\/\/www.brikol.sk\/cs\/produkt\/univerzalni-zaves-pro-plastova-okna\/","title":{"rendered":"Univerz\u00e1ln\u00ed z\u00e1v\u011bs pro plastov\u00e1 okna"},"content":{"rendered":"<p>Vhodn\u00e9 pro plastov\u00e1 skl\u00e1dac\u00ed okna<\/p>\n<ul>\n<li>pr\u016fm\u011br 14 mm<\/li>\n<li>v\u00fd\u0161ka 80 mm<\/li>\n<li>bez\u00fadr\u017ebov\u00e9 pou\u017eit\u00ed<\/li>\n<li>dlouh\u00e1 \u017eivotnost<\/li>\n<\/ul>\n<p><span style=\"text-decoration: underline;\"><strong>St\u00e1hnout<\/strong><\/span><\/p>\n<p><a href=\"https:\/\/www.brikol.sk\/wp-content\/uploads\/2023\/05\/technicky-list.pdf\">technicky list<\/a><\/p>\n","protected":false},"excerpt":{"rendered":"<p>Vhodn\u00e9 pro plastov\u00e1 skl\u00e1dac\u00ed okna<\/p>\n<ul>\n<li>pr\u016fm\u011br 14 mm<\/li>\n<li>v\u00fd\u0161ka 80 mm<\/li>\n<li>bez\u00fadr\u017ebov\u00e9 pou\u017eit\u00ed<\/li>\n<li>dlouh\u00e1 \u017eivotnost<\/li>\n<\/ul>\n","protected":false},"featured_media":16002,"comment_status":"open","ping_status":"closed","template":"","meta":[],"product_cat":[136,221,145,126,146,147,152],"product_tag":[],"_links":{"self":[{"href":"https:\/\/www.brikol.sk\/cs\/wp-json\/wp\/v2\/product\/18126"}],"collection":[{"href":"https:\/\/www.brikol.sk\/cs\/wp-json\/wp\/v2\/product"}],"about":[{"href":"https:\/\/www.brikol.sk\/cs\/wp-json\/wp\/v2\/types\/product"}],"replies":[{"embeddable":true,"href":"https:\/\/www.brikol.sk\/cs\/wp-json\/wp\/v2\/comments?post=18126"}],"wp:featuredmedia":[{"embeddable":true,"href":"https:\/\/www.brikol.sk\/cs\/wp-json\/wp\/v2\/media\/16002"}],"wp:attachment":[{"href":"https:\/\/www.brikol.sk\/cs\/wp-json\/wp\/v2\/media?parent=18126"}],"wp:term":[{"taxonomy":"product_cat","embeddable":true,"href":"https:\/\/www.brikol.sk\/cs\/wp-json\/wp\/v2\/product_cat?post=18126"},{"taxonomy":"product_tag","embeddable":true,"href":"https:\/\/www.brikol.sk\/cs\/wp-json\/wp\/v2\/product_tag?post=18126"}],"curies":[{"name":"wp","href":"https:\/\/api.w.org\/{rel}","templated":true}]}}