{"id":18130,"date":"2023-03-07T09:05:04","date_gmt":"2023-03-07T08:05:04","guid":{"rendered":"https:\/\/www.brikol.sk\/produkt\/ocelove-lano-08-mm-m\/"},"modified":"2023-03-07T09:05:04","modified_gmt":"2023-03-07T08:05:04","slug":"ocelove-lano-08-mm-m","status":"publish","type":"product","link":"https:\/\/www.brikol.sk\/cs\/produkt\/ocelove-lano-08-mm-m\/","title":{"rendered":"Ocelov\u00e9 lano 0,8 mm\/m"},"content":{"rendered":"<div id=\"ocelove-lanko-ako-vodiace-lanko\">\n<p>Ocelov\u00e9 lanko ur\u010den\u00e9 jako vodic\u00ed lanko pro horizont\u00e1ln\u00ed \u017ealuzie pro v\u0161echny typy \u017ealuzi\u00ed. Ocelov\u00e9 lanko je odoln\u00e9 proti UV z\u00e1\u0159en\u00ed.<\/p>\n<p><strong>Ocelov\u00e9 lanko <\/strong>je ur\u010deno k upevn\u011bn\u00ed horizont\u00e1ln\u00edch \u017ealuzi\u00ed. Oprava rozbit\u00e9ho vodic\u00edho silonu m\u016f\u017ee b\u00fdt pova\u017eov\u00e1na za jednu z nej\u010dast\u011bj\u0161\u00edch oprav \u017ealuzi\u00ed v\u016fbec. P\u0159i \u010di\u0161t\u011bn\u00ed \u017ealuzi\u00ed nebo p\u0159i jak\u00e9mkoli m\u00edrn\u00e9m z\u00e1sahu do silonu se vodic\u00ed silon \u010dasto rozbije. Zejm\u00e9na v p\u0159\u00edpadech, kdy se s \u017ealuziemi \u010dasto manipuluje a maj\u00ed za sebou ur\u010dit\u00fd po\u010det let provozu.<\/p>\n<p><strong>Doporu\u010dujeme p\u0159idat <a href=\"https:\/\/www.brikol.sk\/produkt\/fixacny-kolik-silonu\/?preview_id=258&amp;preview_nonce=ad02ff9721&amp;_thumbnail_id=6938&amp;preview=true\">upev\u0148ovac\u00ed kol\u00edky<\/a> do objedn\u00e1vky vodic\u00edho silikonu.<br \/>\n<\/strong><\/p>\n<p>Zbo\u017e\u00ed zas\u00edl\u00e1me zabalen\u00e9 po <strong>cel\u00fdch metrech.<\/strong> V p\u0159\u00edpad\u011b v\u011bt\u0161\u00edch zak\u00e1zek nad 100 m rozd\u011bl\u00edme silon pro lep\u0161\u00ed manipulaci.<br \/>\nNap\u0159\u00edklad. p\u0159i objedn\u00e1n\u00ed 5 kus\u016f v\u00e1m bude zasl\u00e1no 5 metr\u016f v jednom kuse.<\/p>\n<\/div>\n","protected":false},"excerpt":{"rendered":"<p>Ocelov\u00e9 lanko ur\u010den\u00e9 jako vodic\u00ed lanko pro horizont\u00e1ln\u00ed \u017ealuzie pro v\u0161echny typy \u017ealuzi\u00ed. Ocelov\u00e9 lanko odol\u00e1v\u00e1 UV z\u00e1\u0159en\u00ed a&#8230;<a href=\"#ocelove-lanko-ako-vodiace-lanko\"><span style=\"color: #0000ff;\"><strong><span style=\"text-decoration: underline;\">V\u00edce v popisu<\/span><\/strong><\/span><\/a><\/p>\n","protected":false},"featured_media":15057,"comment_status":"open","ping_status":"closed","template":"","meta":[],"product_cat":[132,140,137,138,139,133,141],"product_tag":[],"_links":{"self":[{"href":"https:\/\/www.brikol.sk\/cs\/wp-json\/wp\/v2\/product\/18130"}],"collection":[{"href":"https:\/\/www.brikol.sk\/cs\/wp-json\/wp\/v2\/product"}],"about":[{"href":"https:\/\/www.brikol.sk\/cs\/wp-json\/wp\/v2\/types\/product"}],"replies":[{"embeddable":true,"href":"https:\/\/www.brikol.sk\/cs\/wp-json\/wp\/v2\/comments?post=18130"}],"wp:featuredmedia":[{"embeddable":true,"href":"https:\/\/www.brikol.sk\/cs\/wp-json\/wp\/v2\/media\/15057"}],"wp:attachment":[{"href":"https:\/\/www.brikol.sk\/cs\/wp-json\/wp\/v2\/media?parent=18130"}],"wp:term":[{"taxonomy":"product_cat","embeddable":true,"href":"https:\/\/www.brikol.sk\/cs\/wp-json\/wp\/v2\/product_cat?post=18130"},{"taxonomy":"product_tag","embeddable":true,"href":"https:\/\/www.brikol.sk\/cs\/wp-json\/wp\/v2\/product_tag?post=18130"}],"curies":[{"name":"wp","href":"https:\/\/api.w.org\/{rel}","templated":true}]}}