{"id":18131,"date":"2023-03-07T08:23:59","date_gmt":"2023-03-07T07:23:59","guid":{"rendered":"https:\/\/www.brikol.sk\/produkt\/drzak-pro-prvni-lamelu-zaluzie-ks\/"},"modified":"2023-03-07T08:23:59","modified_gmt":"2023-03-07T07:23:59","slug":"drzak-pro-prvni-lamelu-zaluzie-ks","status":"publish","type":"product","link":"https:\/\/www.brikol.sk\/cs\/produkt\/drzak-pro-prvni-lamelu-zaluzie-ks\/","title":{"rendered":"Dr\u017e\u00e1k pro prvn\u00ed lamelu \u017ealuzie \/ ks"},"content":{"rendered":"<div id=\"plastova-priehladna-konzolka\">\n<p><span style=\"font-size: 100%;\"><strong>Plastov\u00fd pr\u016fhledn\u00fd dr\u017e\u00e1k na<\/strong> prvn\u00ed lamelu \u017ealuzie, kter\u00fd se pou\u017e\u00edv\u00e1 k upevn\u011bn\u00ed \u017eeb\u0159\u00edku na prvn\u00ed lamelu \u017ealuzie.  <\/span><\/p>\n<p>Pou\u017e\u00edv\u00e1 se nam\u00edsto d\u0159\u00edve pou\u017e\u00edvan\u00fdch dr\u017e\u00e1k\u016f z hlin\u00edkov\u00e9ho plechu, kter\u00e9 \u010dasto vypad\u00e1vaj\u00ed z &#8220;u\u0161\u00ed&#8221; a pak se opot\u0159ebov\u00e1v\u00e1 textiln\u00ed p\u00e1ska pro vyta\u017een\u00ed lamel \u017ealuzie. Plastov\u00fd dr\u017e\u00e1k se p\u0159ipevn\u00ed k prvn\u00ed li\u0161t\u011b pod horn\u00edm profilem (li\u0161ta je m\u00edrn\u011b stla\u010den\u00e1 mezi prsty).<\/p>\n<h3><\/h3>\n<p>&nbsp;<\/p>\n<\/div>\n","protected":false},"excerpt":{"rendered":"<p><strong>Plastov\u00fd pr\u016fhledn\u00fd dr\u017e\u00e1k na<\/strong> prvn\u00ed lamelu \u017ealuzie, kter\u00fd slou\u017e\u00ed k upevn\u011bn\u00ed \u017eeb\u0159\u00edku na prvn\u00ed lamelu \u017ealuzie&#8230;.<a href=\"#plastova-priehladna-konzolka\"><span style=\"text-decoration: underline; color: #0000ff;\"><strong>V\u00edce v popisu<\/strong><\/span><\/a><\/p>\n","protected":false},"featured_media":15047,"comment_status":"open","ping_status":"closed","template":"","meta":[],"product_cat":[132,137,138,139,133],"product_tag":[],"_links":{"self":[{"href":"https:\/\/www.brikol.sk\/cs\/wp-json\/wp\/v2\/product\/18131"}],"collection":[{"href":"https:\/\/www.brikol.sk\/cs\/wp-json\/wp\/v2\/product"}],"about":[{"href":"https:\/\/www.brikol.sk\/cs\/wp-json\/wp\/v2\/types\/product"}],"replies":[{"embeddable":true,"href":"https:\/\/www.brikol.sk\/cs\/wp-json\/wp\/v2\/comments?post=18131"}],"wp:featuredmedia":[{"embeddable":true,"href":"https:\/\/www.brikol.sk\/cs\/wp-json\/wp\/v2\/media\/15047"}],"wp:attachment":[{"href":"https:\/\/www.brikol.sk\/cs\/wp-json\/wp\/v2\/media?parent=18131"}],"wp:term":[{"taxonomy":"product_cat","embeddable":true,"href":"https:\/\/www.brikol.sk\/cs\/wp-json\/wp\/v2\/product_cat?post=18131"},{"taxonomy":"product_tag","embeddable":true,"href":"https:\/\/www.brikol.sk\/cs\/wp-json\/wp\/v2\/product_tag?post=18131"}],"curies":[{"name":"wp","href":"https:\/\/api.w.org\/{rel}","templated":true}]}}