{"id":18132,"date":"2023-03-07T08:01:31","date_gmt":"2023-03-07T07:01:31","guid":{"rendered":"https:\/\/www.brikol.sk\/produkt\/kulickove-lanko-retizek-nikl-4-mm-m\/"},"modified":"2023-03-07T08:01:31","modified_gmt":"2023-03-07T07:01:31","slug":"kulickove-lanko-retizek-nikl-4-mm-m","status":"publish","type":"product","link":"https:\/\/www.brikol.sk\/cs\/produkt\/kulickove-lanko-retizek-nikl-4-mm-m\/","title":{"rendered":"Kuli\u010dkov\u00e9 lanko (\u0159et\u00edzek) Nikl 4 mm \/ m"},"content":{"rendered":"<p>Kuli\u010dkov\u00e1 \u0161\u0148\u016fra o pr\u016fm\u011bru <strong>4 mm<\/strong>. Kuli\u010dkov\u00e1 \u0161\u0148\u016fra je vhodn\u00e1 pro l\u00e1tkov\u00e9 rolety, denn\u00ed a no\u010dn\u00ed rolety, pliss\u00e9 rolety.<\/p>\n<p><strong>Kuli\u010dkov\u00e1 \u0161\u0148\u016fra<\/strong> se stala nejroz\u0161\u00ed\u0159en\u011bj\u0161\u00edm zp\u016fsobem ovl\u00e1d\u00e1n\u00ed \u017ealuzi\u00ed, ale velmi \u010dasto se st\u00e1v\u00e1, \u017ee se opot\u0159eben\u00edm a st\u00e1\u0159\u00edm zlom\u00ed, ale v\u00fdhodou t\u011bchto \u0161\u0148\u016fr je snadn\u00e1 v\u00fdm\u011bna. P\u0159i v\u00fdm\u011bn\u011b m\u016f\u017eete \u0161\u0148\u016fru snadno ust\u0159ihnout n\u016f\u017ekami na po\u017eadovanou d\u00e9lku, k p\u0159ipojen\u00ed kuli\u010dkov\u00e9 \u0161\u0148\u016fry je t\u0159eba pou\u017e\u00edt <a href=\"https:\/\/www.brikol.sk\/produkt\/spojka-gulickovej-snury\/?preview_id=270&amp;preview_nonce=962f0815f8&amp;_thumbnail_id=6578&amp;preview=true\"><span style=\"text-decoration: underline;\">spojku kuli\u010dkov\u00e9 \u0161\u0148\u016fry.<\/span><\/a><\/p>\n<p>Zbo\u017e\u00ed zas\u00edl\u00e1me zabalen\u00e9 po cel\u00fdch metrech. V p\u0159\u00edpad\u011b v\u011bt\u0161\u00edch objedn\u00e1vek nad 100 m \u0159et\u011bz rozd\u011bl\u00edme pro lep\u0161\u00ed manipulaci.<br \/>\nNap\u0159\u00edklad. p\u0159i objedn\u00e1n\u00ed 5 kus\u016f v\u00e1m bude zasl\u00e1no 5 metr\u016f.<\/p>\n","protected":false},"excerpt":{"rendered":"<p>Kuli\u010dkov\u00e1 \u0161\u0148\u016fra o pr\u016fm\u011bru <strong>4 mm<\/strong>. Kuli\u010dkov\u00e1 \u0161\u0148\u016fra je vhodn\u00e1 pro l\u00e1tkov\u00e9 rolety, denn\u00ed a no\u010dn\u00ed rolety, pliss\u00e9 rolety.<\/p>\n","protected":false},"featured_media":15042,"comment_status":"open","ping_status":"closed","template":"","meta":[],"product_cat":[132,133,141],"product_tag":[],"_links":{"self":[{"href":"https:\/\/www.brikol.sk\/cs\/wp-json\/wp\/v2\/product\/18132"}],"collection":[{"href":"https:\/\/www.brikol.sk\/cs\/wp-json\/wp\/v2\/product"}],"about":[{"href":"https:\/\/www.brikol.sk\/cs\/wp-json\/wp\/v2\/types\/product"}],"replies":[{"embeddable":true,"href":"https:\/\/www.brikol.sk\/cs\/wp-json\/wp\/v2\/comments?post=18132"}],"wp:featuredmedia":[{"embeddable":true,"href":"https:\/\/www.brikol.sk\/cs\/wp-json\/wp\/v2\/media\/15042"}],"wp:attachment":[{"href":"https:\/\/www.brikol.sk\/cs\/wp-json\/wp\/v2\/media?parent=18132"}],"wp:term":[{"taxonomy":"product_cat","embeddable":true,"href":"https:\/\/www.brikol.sk\/cs\/wp-json\/wp\/v2\/product_cat?post=18132"},{"taxonomy":"product_tag","embeddable":true,"href":"https:\/\/www.brikol.sk\/cs\/wp-json\/wp\/v2\/product_tag?post=18132"}],"curies":[{"name":"wp","href":"https:\/\/api.w.org\/{rel}","templated":true}]}}