{"id":18134,"date":"2023-03-06T07:54:05","date_gmt":"2023-03-06T06:54:05","guid":{"rendered":"https:\/\/www.brikol.sk\/produkt\/zasklivaci-kliny\/"},"modified":"2023-03-06T07:54:05","modified_gmt":"2023-03-06T06:54:05","slug":"zasklivaci-kliny","status":"publish","type":"product","link":"https:\/\/www.brikol.sk\/cs\/produkt\/zasklivaci-kliny\/","title":{"rendered":"Zaskl\u00edvac\u00ed kl\u00edny"},"content":{"rendered":"<p>Ozna\u010dovac\u00ed kl\u00edny ur\u010den\u00e9 pro p\u0159esn\u00e9 osazen\u00ed oken nebo dve\u0159\u00ed.<\/p>\n<h2><span style=\"font-size: 80%\">V\u00fdhody  <\/span><\/h2>\n<ul>\n<li>dlouh\u00e1 \u017eivotnost<\/li>\n<li>nulov\u00e1 absorpce vody<\/li>\n<\/ul>\n<p><span style=\"font-size: 115%\"><strong>Rozm\u011br<\/strong><\/span><\/p>\n<p>Mal\u00e9: 75 mm x 30 mm x 13 mm<\/p>\n<p>St\u0159edn\u00ed rozm\u011br: 95 mm x 43 mm x 15 mm<\/p>\n<p>&nbsp;<\/p>\n<p>&nbsp;<\/p>\n<p>&nbsp;<\/p>\n<p>&nbsp;<\/p>\n<p>&nbsp;<\/p>\n<p>&nbsp;<\/p>\n","protected":false},"excerpt":{"rendered":"<p>Ozna\u010dovac\u00ed kl\u00edny ur\u010den\u00e9 pro p\u0159esn\u00e9 osazen\u00ed oken nebo dve\u0159\u00ed.<\/p>\n","protected":false},"featured_media":15032,"comment_status":"open","ping_status":"closed","template":"","meta":[],"product_cat":[68,129],"product_tag":[],"_links":{"self":[{"href":"https:\/\/www.brikol.sk\/cs\/wp-json\/wp\/v2\/product\/18134"}],"collection":[{"href":"https:\/\/www.brikol.sk\/cs\/wp-json\/wp\/v2\/product"}],"about":[{"href":"https:\/\/www.brikol.sk\/cs\/wp-json\/wp\/v2\/types\/product"}],"replies":[{"embeddable":true,"href":"https:\/\/www.brikol.sk\/cs\/wp-json\/wp\/v2\/comments?post=18134"}],"wp:featuredmedia":[{"embeddable":true,"href":"https:\/\/www.brikol.sk\/cs\/wp-json\/wp\/v2\/media\/15032"}],"wp:attachment":[{"href":"https:\/\/www.brikol.sk\/cs\/wp-json\/wp\/v2\/media?parent=18134"}],"wp:term":[{"taxonomy":"product_cat","embeddable":true,"href":"https:\/\/www.brikol.sk\/cs\/wp-json\/wp\/v2\/product_cat?post=18134"},{"taxonomy":"product_tag","embeddable":true,"href":"https:\/\/www.brikol.sk\/cs\/wp-json\/wp\/v2\/product_tag?post=18134"}],"curies":[{"name":"wp","href":"https:\/\/api.w.org\/{rel}","templated":true}]}}