{"id":18137,"date":"2023-03-03T11:47:55","date_gmt":"2023-03-03T10:47:55","guid":{"rendered":"https:\/\/www.brikol.sk\/produkt\/svorka-pro-stlacene-pasky\/"},"modified":"2023-03-03T11:47:55","modified_gmt":"2023-03-03T10:47:55","slug":"svorka-pro-stlacene-pasky","status":"publish","type":"product","link":"https:\/\/www.brikol.sk\/cs\/produkt\/svorka-pro-stlacene-pasky\/","title":{"rendered":"Svorka pro stla\u010den\u00e9 p\u00e1sky"},"content":{"rendered":"<div class=\"popisObsah\">\n<div class=\"popisObsah\">\n<p>Svorka zaji\u0161\u0165uje kr\u00e1tkodob\u00e9 zachov\u00e1n\u00ed p\u016fvodn\u00ed role stla\u010den\u00fdch p\u00e1sek p\u0159i pou\u017eit\u00ed. P\u016fsob\u00ed proti vysouv\u00e1n\u00ed \u010d\u00e1st\u00ed p\u00e1sky a eliminuje deformaci role, \u010d\u00edm\u017e umo\u017e\u0148uje jej\u00ed dal\u0161\u00ed bezprobl\u00e9mov\u00e9 pou\u017e\u00edv\u00e1n\u00ed.<\/p>\n<h2><span style=\"font-size: 80%\">Specifikace<\/span><\/h2>\n<ul>\n<li>pro p\u00e1sky do \u0161\u00ed\u0159ky 30 mm<\/li>\n<\/ul>\n<h2><span style=\"font-size: 80%\">V\u00fdhody<\/span><\/h2>\n<ul>\n<li>opakovan\u011b pou\u017eiteln\u00e9<\/li>\n<li>mo\u017enost manipulace jednou rukou<\/li>\n<li>zabra\u0148uje samovoln\u00e9mu rozp\u00edn\u00e1n\u00ed kompresn\u00edch p\u00e1sek.<\/li>\n<\/ul>\n<\/div>\n<\/div>\n<p>&nbsp;<\/p>\n<p>&nbsp;<\/p>\n<p>&nbsp;<\/p>\n","protected":false},"excerpt":{"rendered":"<p>Svorka zaji\u0161\u0165uje kr\u00e1tkodob\u00e9 zachov\u00e1n\u00ed p\u016fvodn\u00ed role stla\u010den\u00fdch p\u00e1sek p\u0159i pou\u017eit\u00ed. P\u016fsob\u00ed proti vysouv\u00e1n\u00ed \u010d\u00e1st\u00ed p\u00e1sky a eliminuje deformaci role, \u010d\u00edm\u017e umo\u017e\u0148uje jej\u00ed dal\u0161\u00ed bezprobl\u00e9mov\u00e9 pou\u017e\u00edv\u00e1n\u00ed.<\/p>\n","protected":false},"featured_media":15027,"comment_status":"open","ping_status":"closed","template":"","meta":[],"product_cat":[68,129],"product_tag":[],"_links":{"self":[{"href":"https:\/\/www.brikol.sk\/cs\/wp-json\/wp\/v2\/product\/18137"}],"collection":[{"href":"https:\/\/www.brikol.sk\/cs\/wp-json\/wp\/v2\/product"}],"about":[{"href":"https:\/\/www.brikol.sk\/cs\/wp-json\/wp\/v2\/types\/product"}],"replies":[{"embeddable":true,"href":"https:\/\/www.brikol.sk\/cs\/wp-json\/wp\/v2\/comments?post=18137"}],"wp:featuredmedia":[{"embeddable":true,"href":"https:\/\/www.brikol.sk\/cs\/wp-json\/wp\/v2\/media\/15027"}],"wp:attachment":[{"href":"https:\/\/www.brikol.sk\/cs\/wp-json\/wp\/v2\/media?parent=18137"}],"wp:term":[{"taxonomy":"product_cat","embeddable":true,"href":"https:\/\/www.brikol.sk\/cs\/wp-json\/wp\/v2\/product_cat?post=18137"},{"taxonomy":"product_tag","embeddable":true,"href":"https:\/\/www.brikol.sk\/cs\/wp-json\/wp\/v2\/product_tag?post=18137"}],"curies":[{"name":"wp","href":"https:\/\/api.w.org\/{rel}","templated":true}]}}