{"id":18138,"date":"2023-03-03T11:42:12","date_gmt":"2023-03-03T10:42:12","guid":{"rendered":"https:\/\/www.brikol.sk\/produkt\/zatahovaci-pasek-pro-stlacene-pasky\/"},"modified":"2023-03-03T11:42:12","modified_gmt":"2023-03-03T10:42:12","slug":"zatahovaci-pasek-pro-stlacene-pasky","status":"publish","type":"product","link":"https:\/\/www.brikol.sk\/cs\/produkt\/zatahovaci-pasek-pro-stlacene-pasky\/","title":{"rendered":"Zatahovac\u00ed p\u00e1sek pro stla\u010den\u00e9 p\u00e1sky"},"content":{"rendered":"<div class=\"popisObsah\">Otev\u0159en\u00e1 role p\u00e1sky zabra\u0148uje dlouhodob\u00e9mu ne\u017e\u00e1douc\u00edmu rozp\u00edn\u00e1n\u00ed stla\u010den\u00fdch p\u00e1sek z v\u00fdpln\u011b dr\u00e1\u017eky. Ur\u010deno pro sp\u00e1ry o \u0161\u00ed\u0159ce nad 30 mm.<\/div>\n<p>&nbsp;<\/p>\n<p>&nbsp;<\/p>\n<p>&nbsp;<\/p>\n","protected":false},"excerpt":{"rendered":"<p>Otev\u0159en\u00e1 role p\u00e1sky zabra\u0148uje dlouhodob\u00e9mu ne\u017e\u00e1douc\u00edmu rozp\u00edn\u00e1n\u00ed stla\u010den\u00fdch p\u00e1sek z v\u00fdpln\u011b dr\u00e1\u017eky. Ur\u010deno pro sp\u00e1ry o \u0161\u00ed\u0159ce nad 30 mm.<\/p>\n","protected":false},"featured_media":15022,"comment_status":"open","ping_status":"closed","template":"","meta":[],"product_cat":[68,129],"product_tag":[],"_links":{"self":[{"href":"https:\/\/www.brikol.sk\/cs\/wp-json\/wp\/v2\/product\/18138"}],"collection":[{"href":"https:\/\/www.brikol.sk\/cs\/wp-json\/wp\/v2\/product"}],"about":[{"href":"https:\/\/www.brikol.sk\/cs\/wp-json\/wp\/v2\/types\/product"}],"replies":[{"embeddable":true,"href":"https:\/\/www.brikol.sk\/cs\/wp-json\/wp\/v2\/comments?post=18138"}],"wp:featuredmedia":[{"embeddable":true,"href":"https:\/\/www.brikol.sk\/cs\/wp-json\/wp\/v2\/media\/15022"}],"wp:attachment":[{"href":"https:\/\/www.brikol.sk\/cs\/wp-json\/wp\/v2\/media?parent=18138"}],"wp:term":[{"taxonomy":"product_cat","embeddable":true,"href":"https:\/\/www.brikol.sk\/cs\/wp-json\/wp\/v2\/product_cat?post=18138"},{"taxonomy":"product_tag","embeddable":true,"href":"https:\/\/www.brikol.sk\/cs\/wp-json\/wp\/v2\/product_tag?post=18138"}],"curies":[{"name":"wp","href":"https:\/\/api.w.org\/{rel}","templated":true}]}}