{"id":18140,"date":"2023-03-03T11:12:50","date_gmt":"2023-03-03T10:12:50","guid":{"rendered":"https:\/\/www.brikol.sk\/produkt\/aplikacni-valec\/"},"modified":"2023-03-03T11:12:50","modified_gmt":"2023-03-03T10:12:50","slug":"aplikacni-valec","status":"publish","type":"product","link":"https:\/\/www.brikol.sk\/cs\/produkt\/aplikacni-valec\/","title":{"rendered":"Aplika\u010dn\u00ed v\u00e1lec"},"content":{"rendered":"<div class=\"popisObsah\">\n<p>V\u00e1le\u010dek ur\u010den\u00fd pro dokonal\u00e9 lisov\u00e1n\u00ed p\u00e1sek a f\u00f3li\u00ed na podklad.<\/p>\n<p>Detail, kter\u00fd rozli\u0161uje mezi pr\u016fm\u011brnou a vysokou kvalitou aplikace butylov\u00fdch a bitumenov\u00fdch f\u00f3li\u00ed a p\u00e1sek.<\/p>\n<p>Pou\u017eit\u00edm v\u00e1le\u010dku a p\u0159itla\u010den\u00edm butylov\u00e9 p\u00e1sky k podkladu dos\u00e1hnete dokonal\u00e9ho spojen\u00ed.<\/p>\n<h2><span style=\"font-size: 80%\">V\u00fdhody  <\/span><\/h2>\n<ul>\n<li>dlouh\u00e1 \u017eivotnost<\/li>\n<li>velmi n\u00edzk\u00e1 hmotnost<\/li>\n<\/ul>\n<\/div>\n<p>&nbsp;<\/p>\n<p>&nbsp;<\/p>\n<p>&nbsp;<\/p>\n<p>&nbsp;<\/p>\n<p>&nbsp;<\/p>\n","protected":false},"excerpt":{"rendered":"<p>V\u00e1le\u010dek ur\u010den\u00fd pro dokonal\u00e9 lisov\u00e1n\u00ed p\u00e1sek a f\u00f3li\u00ed na podklad.<\/p>\n","protected":false},"featured_media":15007,"comment_status":"open","ping_status":"closed","template":"","meta":[],"product_cat":[68,129],"product_tag":[],"_links":{"self":[{"href":"https:\/\/www.brikol.sk\/cs\/wp-json\/wp\/v2\/product\/18140"}],"collection":[{"href":"https:\/\/www.brikol.sk\/cs\/wp-json\/wp\/v2\/product"}],"about":[{"href":"https:\/\/www.brikol.sk\/cs\/wp-json\/wp\/v2\/types\/product"}],"replies":[{"embeddable":true,"href":"https:\/\/www.brikol.sk\/cs\/wp-json\/wp\/v2\/comments?post=18140"}],"wp:featuredmedia":[{"embeddable":true,"href":"https:\/\/www.brikol.sk\/cs\/wp-json\/wp\/v2\/media\/15007"}],"wp:attachment":[{"href":"https:\/\/www.brikol.sk\/cs\/wp-json\/wp\/v2\/media?parent=18140"}],"wp:term":[{"taxonomy":"product_cat","embeddable":true,"href":"https:\/\/www.brikol.sk\/cs\/wp-json\/wp\/v2\/product_cat?post=18140"},{"taxonomy":"product_tag","embeddable":true,"href":"https:\/\/www.brikol.sk\/cs\/wp-json\/wp\/v2\/product_tag?post=18140"}],"curies":[{"name":"wp","href":"https:\/\/api.w.org\/{rel}","templated":true}]}}