{"id":18141,"date":"2023-03-03T11:03:04","date_gmt":"2023-03-03T10:03:04","guid":{"rendered":"https:\/\/www.brikol.sk\/produkt\/cistici-ubrousky\/"},"modified":"2023-03-03T11:03:04","modified_gmt":"2023-03-03T10:03:04","slug":"cistici-ubrousky","status":"publish","type":"product","link":"https:\/\/www.brikol.sk\/cs\/produkt\/cistici-ubrousky\/","title":{"rendered":"\u010cistic\u00ed ubrousky"},"content":{"rendered":"<p><strong><span style=\"font-size: 110%\">Vlh\u010den\u00e9 \u010distic\u00ed ubrousky,<\/span> <\/strong>ur\u010den\u00e9 k rychl\u00e9mu a \u0161etrn\u00e9mu odstran\u011bn\u00ed nevytvrzen\u00fdch zbytk\u016f polyuretanov\u00fdch p\u011bn a tmel\u016f z rukou, pracovn\u00edho vybaven\u00ed a hladk\u00fdch nesav\u00fdch povrch\u016f. Ubrousky jsou vhodn\u00e9 tak\u00e9 k odstra\u0148ov\u00e1n\u00ed \u010derstv\u00fdch zbytk\u016f barev, inkoust\u016f, lak\u016f a mastnoty. Lze pou\u017e\u00edt i na \u010di\u0161t\u011bn\u00ed povrch\u016f zne\u010di\u0161t\u011bn\u00fdch plast\u016f.<\/p>\n<h2><span style=\"font-size: 80%\">  Balen\u00ed<\/span><\/h2>\n<ul>\n<li>plastov\u00e1 krabi\u010dka obsahuj\u00edc\u00ed 100 ks<\/li>\n<\/ul>\n<h2><span style=\"font-size: 80%\">V\u00fdhody  <\/span><\/h2>\n<ul>\n<li>velmi \u0161etrn\u00e9 a d\u016fkladn\u00e9 \u010di\u0161t\u011bn\u00ed<\/li>\n<li>snadno uzav\u00edrateln\u00fd a praktick\u00fd obal<\/li>\n<li>p\u0159\u00edjemn\u00e1 v\u016fn\u011b<\/li>\n<li>pou\u017eiteln\u00e9 pro \u0161irokou \u0161k\u00e1lu ne\u010distot<\/li>\n<\/ul>\n<p>&nbsp;<\/p>\n<p>&nbsp;<\/p>\n<p>&nbsp;<\/p>\n<p>&nbsp;<\/p>\n","protected":false},"excerpt":{"rendered":"<p><strong>Vlh\u010den\u00e9 \u010distic\u00ed ubrousky <\/strong>ur\u010den\u00e9 k rychl\u00e9mu a \u0161etrn\u00e9mu odstran\u011bn\u00ed nevytvrzen\u00fdch zbytk\u016f polyuretanov\u00fdch p\u011bn a tmel\u016f z rukou, pracovn\u00edho vybaven\u00ed a hladk\u00fdch nesav\u00fdch povrch\u016f. Ubrousky jsou vhodn\u00e9 tak\u00e9 k odstra\u0148ov\u00e1n\u00ed \u010derstv\u00fdch zbytk\u016f barev, inkoust\u016f, lak\u016f a mastnoty. Lze pou\u017e\u00edt i na \u010di\u0161t\u011bn\u00ed povrch\u016f zne\u010di\u0161t\u011bn\u00fdch plast\u016f.<\/p>\n","protected":false},"featured_media":14997,"comment_status":"open","ping_status":"closed","template":"","meta":[],"product_cat":[68,129],"product_tag":[],"_links":{"self":[{"href":"https:\/\/www.brikol.sk\/cs\/wp-json\/wp\/v2\/product\/18141"}],"collection":[{"href":"https:\/\/www.brikol.sk\/cs\/wp-json\/wp\/v2\/product"}],"about":[{"href":"https:\/\/www.brikol.sk\/cs\/wp-json\/wp\/v2\/types\/product"}],"replies":[{"embeddable":true,"href":"https:\/\/www.brikol.sk\/cs\/wp-json\/wp\/v2\/comments?post=18141"}],"wp:featuredmedia":[{"embeddable":true,"href":"https:\/\/www.brikol.sk\/cs\/wp-json\/wp\/v2\/media\/14997"}],"wp:attachment":[{"href":"https:\/\/www.brikol.sk\/cs\/wp-json\/wp\/v2\/media?parent=18141"}],"wp:term":[{"taxonomy":"product_cat","embeddable":true,"href":"https:\/\/www.brikol.sk\/cs\/wp-json\/wp\/v2\/product_cat?post=18141"},{"taxonomy":"product_tag","embeddable":true,"href":"https:\/\/www.brikol.sk\/cs\/wp-json\/wp\/v2\/product_tag?post=18141"}],"curies":[{"name":"wp","href":"https:\/\/api.w.org\/{rel}","templated":true}]}}