{"id":18142,"date":"2023-03-03T10:38:48","date_gmt":"2023-03-03T09:38:48","guid":{"rendered":"https:\/\/www.brikol.sk\/produkt\/aplikace-pur-pistole-standard\/"},"modified":"2023-03-03T10:38:48","modified_gmt":"2023-03-03T09:38:48","slug":"aplikace-pur-pistole-standard","status":"publish","type":"product","link":"https:\/\/www.brikol.sk\/cs\/produkt\/aplikace-pur-pistole-standard\/","title":{"rendered":"Aplikace PUR pistole Standard"},"content":{"rendered":"<p>Aplika\u010dn\u00ed pistole pro pohodln\u00e9 a p\u0159esn\u00e9 nan\u00e1\u0161en\u00ed polyuretanov\u00fdch p\u011bn.<\/p>\n<p><strong>V\u00fdhody oproti aplika\u010dn\u00ed trubici:<\/strong><\/p>\n<ul>\n<li>opakovan\u00e9 pou\u017eit\u00ed PUR p\u011bny<\/li>\n<li>\u0159\u00edzen\u00ed pr\u016ftoku p\u011bny pomoc\u00ed pistole<\/li>\n<li>p\u0159esn\u00e9 a rovnom\u011brn\u00e9 nan\u00e1\u0161en\u00ed p\u011bny<\/li>\n<li>vy\u0161\u0161\u00ed v\u00fdt\u011b\u017enost p\u011bny<\/li>\n<li>lep\u0161\u00ed struktura p\u011bny<\/li>\n<li>spodn\u00ed sloupek expanzn\u00ed p\u011bny<\/li>\n<\/ul>\n<h2><span style=\"font-size: 80%;\">Barva<\/span><\/h2>\n<ul>\n<li>Zelen\u00e1<\/li>\n<\/ul>\n<h2><span style=\"font-size: 80%;\">Specifikace <\/span><\/h2>\n<ul>\n<li>t\u011blo pistole: termoplast<\/li>\n<li>materi\u00e1l rukojeti: termoplast<\/li>\n<\/ul>\n<p>&nbsp;<\/p>\n<p>&nbsp;<\/p>\n<p>&nbsp;<\/p>\n<p>&nbsp;<\/p>\n","protected":false},"excerpt":{"rendered":"<p>Aplika\u010dn\u00ed pistole pro pohodln\u00e9 a p\u0159esn\u00e9 nan\u00e1\u0161en\u00ed polyuretanov\u00fdch p\u011bn.<\/p>\n","protected":false},"featured_media":14987,"comment_status":"open","ping_status":"closed","template":"","meta":[],"product_cat":[68,129],"product_tag":[],"_links":{"self":[{"href":"https:\/\/www.brikol.sk\/cs\/wp-json\/wp\/v2\/product\/18142"}],"collection":[{"href":"https:\/\/www.brikol.sk\/cs\/wp-json\/wp\/v2\/product"}],"about":[{"href":"https:\/\/www.brikol.sk\/cs\/wp-json\/wp\/v2\/types\/product"}],"replies":[{"embeddable":true,"href":"https:\/\/www.brikol.sk\/cs\/wp-json\/wp\/v2\/comments?post=18142"}],"wp:featuredmedia":[{"embeddable":true,"href":"https:\/\/www.brikol.sk\/cs\/wp-json\/wp\/v2\/media\/14987"}],"wp:attachment":[{"href":"https:\/\/www.brikol.sk\/cs\/wp-json\/wp\/v2\/media?parent=18142"}],"wp:term":[{"taxonomy":"product_cat","embeddable":true,"href":"https:\/\/www.brikol.sk\/cs\/wp-json\/wp\/v2\/product_cat?post=18142"},{"taxonomy":"product_tag","embeddable":true,"href":"https:\/\/www.brikol.sk\/cs\/wp-json\/wp\/v2\/product_tag?post=18142"}],"curies":[{"name":"wp","href":"https:\/\/api.w.org\/{rel}","templated":true}]}}