{"id":18143,"date":"2023-03-03T10:23:54","date_gmt":"2023-03-03T09:23:54","guid":{"rendered":"https:\/\/www.brikol.sk\/produkt\/cistic-pur\/"},"modified":"2023-03-03T10:23:54","modified_gmt":"2023-03-03T09:23:54","slug":"cistic-pur","status":"publish","type":"product","link":"https:\/\/www.brikol.sk\/cs\/produkt\/cistic-pur\/","title":{"rendered":"\u010cisti\u010d PUR"},"content":{"rendered":"<p>Ur\u010deno k \u010di\u0161t\u011bn\u00ed <strong>aplika\u010dn\u00edch pistol\u00ed na<\/strong> PUR p\u011bnu, <strong>odstra\u0148ov\u00e1n\u00ed \u010derstv\u00e9 p\u011bny nebo polyuretanov\u00e9ho lepidla.<\/strong> Odstra\u0148uje tak\u00e9 paraf\u00edn, mastnotu, olej atd..<\/p>\n<h2><span style=\"font-size: 80%\">Balen\u00ed<\/span><\/h2>\n<ul>\n<li>500 ml plechov\u00e1 n\u00e1doba<\/li>\n<li>12 m\u011bs\u00edc\u016f &#8211; doba skladov\u00e1n\u00ed<\/li>\n<\/ul>\n<h2><span style=\"font-size: 80%\">V\u00fdhody<\/span><\/h2>\n<ul>\n<li>snadn\u00e1 aplikace<\/li>\n<li>s pistolov\u00fdm z\u00e1vitem a klasickou st\u0159\u00edkac\u00ed tryskou<\/li>\n<\/ul>\n<p><span style=\"text-decoration: underline\"><strong><span style=\"font-size: 130%\">St\u00e1hnout<\/span> <\/strong><\/span><\/p>\n<p><a href=\"https:\/\/www.brikol.sk\/wp-content\/uploads\/2023\/03\/Technicky-list-10.pdf\">Technick\u00fd list<\/a><\/p>\n<p><a href=\"https:\/\/www.brikol.sk\/wp-content\/uploads\/2023\/03\/Bezpecnostny-list-10.pdf\">Bezpe\u010dnostn\u00ed list<\/a><\/p>\n<p><a href=\"https:\/\/www.brikol.sk\/wp-content\/uploads\/2023\/03\/Vyhlasenie-o-parametroch-4.pdf\">Deklarace parametr\u016f<\/a><\/p>\n<p>&nbsp;<\/p>\n<p>&nbsp;<\/p>\n","protected":false},"excerpt":{"rendered":"<p>Ur\u010deno k \u010di\u0161t\u011bn\u00ed <strong>aplika\u010dn\u00edch pistol\u00ed na<\/strong> PUR p\u011bnu, <strong>odstra\u0148ov\u00e1n\u00ed \u010derstv\u00e9 p\u011bny nebo polyuretanov\u00e9ho lepidla.<\/strong> Odstra\u0148uje tak\u00e9 paraf\u00edn, mastnotu, olej atd..<\/p>\n","protected":false},"featured_media":14982,"comment_status":"open","ping_status":"closed","template":"","meta":[],"product_cat":[68,129],"product_tag":[],"_links":{"self":[{"href":"https:\/\/www.brikol.sk\/cs\/wp-json\/wp\/v2\/product\/18143"}],"collection":[{"href":"https:\/\/www.brikol.sk\/cs\/wp-json\/wp\/v2\/product"}],"about":[{"href":"https:\/\/www.brikol.sk\/cs\/wp-json\/wp\/v2\/types\/product"}],"replies":[{"embeddable":true,"href":"https:\/\/www.brikol.sk\/cs\/wp-json\/wp\/v2\/comments?post=18143"}],"wp:featuredmedia":[{"embeddable":true,"href":"https:\/\/www.brikol.sk\/cs\/wp-json\/wp\/v2\/media\/14982"}],"wp:attachment":[{"href":"https:\/\/www.brikol.sk\/cs\/wp-json\/wp\/v2\/media?parent=18143"}],"wp:term":[{"taxonomy":"product_cat","embeddable":true,"href":"https:\/\/www.brikol.sk\/cs\/wp-json\/wp\/v2\/product_cat?post=18143"},{"taxonomy":"product_tag","embeddable":true,"href":"https:\/\/www.brikol.sk\/cs\/wp-json\/wp\/v2\/product_tag?post=18143"}],"curies":[{"name":"wp","href":"https:\/\/api.w.org\/{rel}","templated":true}]}}