{"id":18144,"date":"2023-03-03T10:00:05","date_gmt":"2023-03-03T09:00:05","guid":{"rendered":"https:\/\/www.brikol.sk\/produkt\/pur-ohnivzdorna-pena\/"},"modified":"2023-03-03T10:00:05","modified_gmt":"2023-03-03T09:00:05","slug":"pur-ohnivzdorna-pena","status":"publish","type":"product","link":"https:\/\/www.brikol.sk\/cs\/produkt\/pur-ohnivzdorna-pena\/","title":{"rendered":"PUR ohnivzdorn\u00e1 p\u011bna"},"content":{"rendered":"<p><strong><br \/>\n  <span style=\"font-size: 115%\">Nullifire FF197<\/span><br \/>\n<\/strong><span style=\"font-size: 100%\"> je modifikovan\u00e1 jednoslo\u017ekov\u00e1<\/span>polyuretanov\u00e1 p\u011bna odoln\u00e1 proti ohni. T\u011bsnic\u00ed syst\u00e9m je navr\u017een tak, aby byla zachov\u00e1na funkce po\u017e\u00e1rn\u00edho odd\u011blen\u00ed st\u011bny nebo stropu s po\u017eadovanou po\u017e\u00e1rn\u00ed odolnost\u00ed konstrukce v m\u00edst\u011b spoje.<\/p>\n<h2><span style=\"font-size: 80%\">Pou\u017eijte<\/span><\/h2>\n<p>FF197 se pou\u017e\u00edv\u00e1 k ut\u011bsn\u011bn\u00ed liniov\u00fdch sp\u00e1r ve v\u0161ech po\u017e\u00e1rn\u011b odoln\u00fdch \u010d\u00e1stech budov. P\u011bna m\u00e1 vynikaj\u00edc\u00ed p\u0159ilnavost k v\u011bt\u0161in\u011b stavebn\u00edch materi\u00e1l\u016f. FF197 se pou\u017e\u00edv\u00e1 k ut\u011bsn\u011bn\u00ed sp\u00e1r v betonov\u00fdch st\u011bn\u00e1ch a stropech, betonov\u00fdch st\u011bn\u00e1ch a d\u0159ev\u011bn\u00fdch konstrukc\u00edch. Maxim\u00e1ln\u00ed \u0161\u00ed\u0159ka sp\u00e1r v konstrukci st\u011bny a stropu je 40 mm.<\/p>\n<p><strong><span style=\"font-size: 115%\">Balen\u00ed<\/span><\/strong><\/p>\n<ul>\n<li>plechovka o objemu 880 ml<\/li>\n<\/ul>\n<h2><span style=\"font-size: 80%\">\u00dalo\u017ei\u0161t\u011b<\/span><\/h2>\n<ul>\n<li>maxim\u00e1ln\u011b 12 m\u011bs\u00edc\u016f skladov\u00e1n\u00ed v suchu p\u0159i teplot\u011b +5 \u00b0C a\u017e +25 \u00b0C.<\/li>\n<\/ul>\n<h2><span style=\"font-size: 80%\">V\u00fdhody<\/span><\/h2>\n<ul>\n<li>Pro p\u011bnovou pistoli FF197 Fire bylo vyd\u00e1no evropsk\u00e9 technick\u00e9 schv\u00e1len\u00ed ETA 15\/0172.<\/li>\n<li>Je mo\u017en\u00e9 dos\u00e1hnout po\u017e\u00e1rn\u00ed odolnosti ut\u011bsn\u011bn\u00fdch sp\u00e1r a\u017e 240 minut ve st\u011bn\u00e1ch i stropech.<\/li>\n<\/ul>\n<p><span style=\"text-decoration: underline\"><strong><span style=\"font-size: 130%\">St\u00e1hnout<\/span> <\/strong><\/span><\/p>\n<p><a href=\"https:\/\/www.brikol.sk\/wp-content\/uploads\/2023\/03\/Technicky-list-9.pdf\">Technick\u00fd list<\/a><\/p>\n<p><a href=\"https:\/\/www.brikol.sk\/wp-content\/uploads\/2023\/03\/Bezpecnostny-list-9.pdf\">Bezpe\u010dnostn\u00ed list<\/a><\/p>\n<p><a href=\"https:\/\/www.brikol.sk\/wp-content\/uploads\/2023\/03\/ETA.pdf\">ETA<\/a><\/p>\n<p><a href=\"https:\/\/www.brikol.sk\/wp-content\/uploads\/2023\/03\/Vyhlasenie-o-parametroch-3.pdf\">Deklarace parametr\u016f<\/a><\/p>\n<p>&nbsp;<\/p>\n<p>&nbsp;<\/p>\n","protected":false},"excerpt":{"rendered":"<p><strong>Nullifire FF197<\/strong> je modifikovan\u00e1 jednoslo\u017ekov\u00e1 polyuretanov\u00e1 p\u011bna odoln\u00e1 proti ohni. T\u011bsnic\u00ed syst\u00e9m je navr\u017een tak, aby byla zachov\u00e1na funkce po\u017e\u00e1rn\u00edho odd\u011blen\u00ed st\u011bny nebo stropu s po\u017eadovanou po\u017e\u00e1rn\u00ed odolnost\u00ed konstrukce v m\u00edst\u011b spoje.<\/p>\n","protected":false},"featured_media":14942,"comment_status":"open","ping_status":"closed","template":"","meta":[],"product_cat":[68,129],"product_tag":[],"_links":{"self":[{"href":"https:\/\/www.brikol.sk\/cs\/wp-json\/wp\/v2\/product\/18144"}],"collection":[{"href":"https:\/\/www.brikol.sk\/cs\/wp-json\/wp\/v2\/product"}],"about":[{"href":"https:\/\/www.brikol.sk\/cs\/wp-json\/wp\/v2\/types\/product"}],"replies":[{"embeddable":true,"href":"https:\/\/www.brikol.sk\/cs\/wp-json\/wp\/v2\/comments?post=18144"}],"wp:featuredmedia":[{"embeddable":true,"href":"https:\/\/www.brikol.sk\/cs\/wp-json\/wp\/v2\/media\/14942"}],"wp:attachment":[{"href":"https:\/\/www.brikol.sk\/cs\/wp-json\/wp\/v2\/media?parent=18144"}],"wp:term":[{"taxonomy":"product_cat","embeddable":true,"href":"https:\/\/www.brikol.sk\/cs\/wp-json\/wp\/v2\/product_cat?post=18144"},{"taxonomy":"product_tag","embeddable":true,"href":"https:\/\/www.brikol.sk\/cs\/wp-json\/wp\/v2\/product_tag?post=18144"}],"curies":[{"name":"wp","href":"https:\/\/api.w.org\/{rel}","templated":true}]}}