{"id":18145,"date":"2023-03-03T09:33:21","date_gmt":"2023-03-03T08:33:21","guid":{"rendered":"https:\/\/www.brikol.sk\/produkt\/max-foam-fm365-montazni-pena\/"},"modified":"2024-03-27T14:03:03","modified_gmt":"2024-03-27T13:03:03","slug":"max-foam-fm365-montazni-pena","status":"publish","type":"product","link":"https:\/\/www.brikol.sk\/cs\/produkt\/max-foam-fm365-montazni-pena\/","title":{"rendered":"MAX FOAM FM365 mont\u00e1\u017en\u00ed p\u011bna"},"content":{"rendered":"<p>Jednoslo\u017ekov\u00e1 polyuretanov\u00e1 p\u011bna s extr\u00e9mn\u011b vysokou v\u00fdt\u011b\u017enost\u00ed.<\/p>\n<ul>\n<li>Pou\u017eit\u00ed od 0 \u00b0C do +35 \u00b0C.<\/li>\n<li><strong>K d\u00e1vkov\u00e1n\u00ed p\u011bny z d\u00e1vkova\u010de je nutn\u00e1 aplika\u010dn\u00ed pistole, kter\u00e1 nen\u00ed sou\u010d\u00e1st\u00ed balen\u00ed.<br \/>\n<\/strong><\/li>\n<\/ul>\n<h2><span style=\"font-size: 80%\">Barva<\/span><\/h2>\n<ul>\n<li>Zelen\u00e1<\/li>\n<\/ul>\n<h2><span style=\"font-size: 80%\">Balen\u00ed<\/span><\/h2>\n<ul>\n<li>plechovka s n\u00e1pln\u00ed 880 ml<\/li>\n<li>18 m\u011bs\u00edc\u016f &#8211; doba skladov\u00e1n\u00ed<\/li>\n<\/ul>\n<h2><span style=\"font-size: 80%\">V\u00fdhody<\/span><\/h2>\n<ul>\n<li>v\u00fdt\u011b\u017enost cca 70 l z balen\u00ed 880 ml nebo cca 25 m ve spoji 3&#215;7 cm.<\/li>\n<li>mo\u017enost pou\u017eit\u00ed s pistol\u00ed i trubkou AA210<\/li>\n<\/ul>\n<p><span style=\"text-decoration: underline\"><strong><span style=\"font-size: 130%\">St\u00e1hnout<\/span> <\/strong><\/span><\/p>\n<p><a href=\"https:\/\/www.brikol.sk\/wp-content\/uploads\/2023\/03\/Technicky-list-7.pdf\">Technick\u00fd list<\/a><\/p>\n<p><a href=\"https:\/\/www.brikol.sk\/wp-content\/uploads\/2023\/03\/Bezpecnostny-list-7.pdf\">Bezpe\u010dnostn\u00ed list<\/a><\/p>\n<p><a href=\"https:\/\/www.brikol.sk\/wp-content\/uploads\/2023\/03\/Certifikat-4.pdf\">Certifik\u00e1t<\/a><\/p>\n<p>&nbsp;<\/p>\n<p>&nbsp;<\/p>\n<p>&nbsp;<\/p>\n<p>&nbsp;<\/p>\n","protected":false},"excerpt":{"rendered":"<p>Jednoslo\u017ekov\u00e1 polyuretanov\u00e1 p\u011bna s extr\u00e9mn\u011b vysokou v\u00fdt\u011b\u017enost\u00ed.<\/p>\n","protected":false},"featured_media":14922,"comment_status":"open","ping_status":"closed","template":"","meta":[],"product_cat":[68,129],"product_tag":[],"_links":{"self":[{"href":"https:\/\/www.brikol.sk\/cs\/wp-json\/wp\/v2\/product\/18145"}],"collection":[{"href":"https:\/\/www.brikol.sk\/cs\/wp-json\/wp\/v2\/product"}],"about":[{"href":"https:\/\/www.brikol.sk\/cs\/wp-json\/wp\/v2\/types\/product"}],"replies":[{"embeddable":true,"href":"https:\/\/www.brikol.sk\/cs\/wp-json\/wp\/v2\/comments?post=18145"}],"wp:featuredmedia":[{"embeddable":true,"href":"https:\/\/www.brikol.sk\/cs\/wp-json\/wp\/v2\/media\/14922"}],"wp:attachment":[{"href":"https:\/\/www.brikol.sk\/cs\/wp-json\/wp\/v2\/media?parent=18145"}],"wp:term":[{"taxonomy":"product_cat","embeddable":true,"href":"https:\/\/www.brikol.sk\/cs\/wp-json\/wp\/v2\/product_cat?post=18145"},{"taxonomy":"product_tag","embeddable":true,"href":"https:\/\/www.brikol.sk\/cs\/wp-json\/wp\/v2\/product_tag?post=18145"}],"curies":[{"name":"wp","href":"https:\/\/api.w.org\/{rel}","templated":true}]}}