{"id":18146,"date":"2023-03-03T09:17:45","date_gmt":"2023-03-03T08:17:45","guid":{"rendered":"https:\/\/www.brikol.sk\/produkt\/instalacni-pena-perfect-elastic-foam-pro-fm330\/"},"modified":"2023-03-03T09:17:45","modified_gmt":"2023-03-03T08:17:45","slug":"instalacni-pena-perfect-elastic-foam-pro-fm330","status":"publish","type":"product","link":"https:\/\/www.brikol.sk\/cs\/produkt\/instalacni-pena-perfect-elastic-foam-pro-fm330\/","title":{"rendered":"Instala\u010dn\u00ed p\u011bna PERFECT ELASTIC FOAM PRO FM330"},"content":{"rendered":"<p><span style=\"font-size: 110%;\"><br \/>\n  <strong>P\u011bna na opl\u00e1\u0161t\u011bn\u00ed FM330<\/strong><br \/>\n<\/span> je jedine\u010dn\u00fdm v\u00fdrobkem sv\u00e9ho druhu. Slou\u017e\u00ed jako dlouhodob\u011b &#8220;pru\u017en\u00fd&#8221;, tepeln\u011b a zvukov\u011b izola\u010dn\u00ed materi\u00e1l. Velmi vhodn\u00e9 pro mont\u00e1\u017e okenn\u00edch a dve\u0159n\u00edch otvor\u016f a pro vypl\u0148ov\u00e1n\u00ed a ut\u011bs\u0148ov\u00e1n\u00ed dilata\u010dn\u00edch sp\u00e1r. D\u00edky sv\u00e9 n\u00edzk\u00e9 rozta\u017enosti, pru\u017enosti a b\u00edl\u00e9 barv\u011b se d\u00e1 pou\u017e\u00edt i k ut\u011bsn\u011bn\u00ed r\u016fzn\u00fdch dilata\u010dn\u00edch sp\u00e1r &#8211; nap\u0159. mezi deskami ETICS.<\/p>\n<ul>\n<li>pou\u017eit\u00ed od -3 \u00b0C do +35 \u00b0C<\/li>\n<li>k d\u00e1vkov\u00e1n\u00ed p\u011bny z n\u00e1doby je zapot\u0159eb\u00ed d\u00e1vkovac\u00ed pistole, kter\u00e1 nen\u00ed sou\u010d\u00e1st\u00ed balen\u00ed.<\/li>\n<\/ul>\n<h2><span style=\"font-size: 80%;\">Barva<\/span><\/h2>\n<ul>\n<li>B\u00edl\u00e1<\/li>\n<\/ul>\n<h2><span style=\"font-size: 80%;\">Balen\u00ed <\/span><\/h2>\n<ul>\n<li>plechovka o objemu 880 ml<\/li>\n<li>24 m\u011bs\u00edc\u016f &#8211; doba skladov\u00e1n\u00ed<\/li>\n<\/ul>\n<h2><span style=\"font-size: 80%;\">V\u00fdhody<\/span><\/h2>\n<ul>\n<li><span style=\"font-family: Arial;\">v\u00fdt\u011b\u017enost cca 17,5 m v dr\u00e1\u017ece 3&#215;7 cm<\/span><\/li>\n<li><span style=\"font-family: Arial;\">pru\u017enost a\u017e 35 %  <\/span><span style=\"font-family: Arial;\"><br \/>\n<\/span><\/li>\n<li><span style=\"font-family: Arial;\">nedeformuje okenn\u00ed r\u00e1my<\/span><\/li>\n<li><span style=\"font-family: Arial;\">vynikaj\u00edc\u00ed tepeln\u00e9 a akustick\u00e9 izola\u010dn\u00ed vlastnosti<\/span><\/li>\n<li><span style=\"font-family: Arial;\">celoro\u010dn\u00ed pou\u017eit\u00ed<\/span><span style=\"font-family: Arial;\"><br \/>\n<\/span><\/li>\n<\/ul>\n<p><span style=\"text-decoration: underline;\"><strong><span style=\"font-size: 130%;\">St\u00e1hnout<\/span> <\/strong><\/span><\/p>\n<p><a href=\"https:\/\/www.brikol.sk\/wp-content\/uploads\/2023\/03\/Technicky-list-6.pdf\">Technick\u00fd list<\/a><\/p>\n<p><a href=\"https:\/\/www.brikol.sk\/wp-content\/uploads\/2023\/03\/Bezpecnostny-list-6.pdf\">Bezpe\u010dnostn\u00ed list<\/a><\/p>\n<p><a href=\"https:\/\/www.brikol.sk\/wp-content\/uploads\/2023\/03\/Atest-Vzduchotesnot-vodotesnost.pdf\">Atestace &#8211; vzduchot\u011bsnost, vodot\u011bsnost<\/a><\/p>\n<p><a href=\"https:\/\/www.brikol.sk\/wp-content\/uploads\/2023\/03\/Vyhlasenie-o-parametroch-2.pdf\">Deklarace parametr\u016f<\/a><\/p>\n<p>&nbsp;<\/p>\n<p>&nbsp;<\/p>\n<p>&nbsp;<\/p>\n<p>&nbsp;<\/p>\n","protected":false},"excerpt":{"rendered":"<p><strong>Okenn\u00ed p\u011bna FM330<\/strong> je jedine\u010dn\u00fdm v\u00fdrobkem sv\u00e9ho druhu. Slou\u017e\u00ed jako dlouhodob\u011b &#8220;pru\u017en\u00fd&#8221;, tepeln\u011b a zvukov\u011b izola\u010dn\u00ed materi\u00e1l. Velmi vhodn\u00e9 pro mont\u00e1\u017e okenn\u00edch a dve\u0159n\u00edch otvor\u016f a pro vypl\u0148ov\u00e1n\u00ed a ut\u011bs\u0148ov\u00e1n\u00ed dilata\u010dn\u00edch sp\u00e1r. D\u00edky sv\u00e9 n\u00edzk\u00e9 rozta\u017enosti, pru\u017enosti a b\u00edl\u00e9 barv\u011b se d\u00e1 pou\u017e\u00edt i k ut\u011bsn\u011bn\u00ed r\u016fzn\u00fdch dilata\u010dn\u00edch sp\u00e1r &#8211; nap\u0159. mezi deskami ETICS.<\/p>\n","protected":false},"featured_media":14902,"comment_status":"open","ping_status":"closed","template":"","meta":[],"product_cat":[68,129],"product_tag":[],"_links":{"self":[{"href":"https:\/\/www.brikol.sk\/cs\/wp-json\/wp\/v2\/product\/18146"}],"collection":[{"href":"https:\/\/www.brikol.sk\/cs\/wp-json\/wp\/v2\/product"}],"about":[{"href":"https:\/\/www.brikol.sk\/cs\/wp-json\/wp\/v2\/types\/product"}],"replies":[{"embeddable":true,"href":"https:\/\/www.brikol.sk\/cs\/wp-json\/wp\/v2\/comments?post=18146"}],"wp:featuredmedia":[{"embeddable":true,"href":"https:\/\/www.brikol.sk\/cs\/wp-json\/wp\/v2\/media\/14902"}],"wp:attachment":[{"href":"https:\/\/www.brikol.sk\/cs\/wp-json\/wp\/v2\/media?parent=18146"}],"wp:term":[{"taxonomy":"product_cat","embeddable":true,"href":"https:\/\/www.brikol.sk\/cs\/wp-json\/wp\/v2\/product_cat?post=18146"},{"taxonomy":"product_tag","embeddable":true,"href":"https:\/\/www.brikol.sk\/cs\/wp-json\/wp\/v2\/product_tag?post=18146"}],"curies":[{"name":"wp","href":"https:\/\/api.w.org\/{rel}","templated":true}]}}