{"id":18147,"date":"2023-03-03T09:04:22","date_gmt":"2023-03-03T08:04:22","guid":{"rendered":"https:\/\/www.brikol.sk\/produkt\/montazni-pena-fm355-s-nizkym-rozpetim\/"},"modified":"2023-03-03T09:04:22","modified_gmt":"2023-03-03T08:04:22","slug":"montazni-pena-fm355-s-nizkym-rozpetim","status":"publish","type":"product","link":"https:\/\/www.brikol.sk\/cs\/produkt\/montazni-pena-fm355-s-nizkym-rozpetim\/","title":{"rendered":"Mont\u00e1\u017en\u00ed p\u011bna FM355 s n\u00edzk\u00fdm rozp\u011bt\u00edm"},"content":{"rendered":"<p><span style=\"font-size: 110%\"><br \/>\n  <strong>Kvalitn\u00ed n\u00edzkoexpanzn\u00ed p\u011bna<\/strong><br \/>\n<\/span>kter\u00e1 se vyzna\u010duje vysokou v\u00fdt\u011b\u017enost\u00ed, minim\u00e1ln\u00ed expanz\u00ed, vynikaj\u00edc\u00ed strukturou, rychl\u00fdm vytvrzen\u00edm a aplika\u010dn\u00ed teplotou od -10 \u00b0C. Vytvrzen\u00e1 p\u011bna m\u00e1 vynikaj\u00edc\u00ed tepeln\u011b izola\u010dn\u00ed vlastnosti.<\/p>\n<ul>\n<li>teplota pou\u017eit\u00ed od -10 \u00b0C do +35 \u00b0C<\/li>\n<li>k d\u00e1vkov\u00e1n\u00ed p\u011bny z n\u00e1doby je zapot\u0159eb\u00ed d\u00e1vkovac\u00ed pistole, kter\u00e1 nen\u00ed sou\u010d\u00e1st\u00ed balen\u00ed.<\/li>\n<\/ul>\n<h2><span style=\"font-size: 80%\">Barva<\/span><\/h2>\n<ul>\n<li>Zelen\u00e1<\/li>\n<\/ul>\n<h2><span style=\"font-size: 80%\">Balen\u00ed<\/span><\/h2>\n<ul>\n<li>plechovka o objemu 880 ml<\/li>\n<li>15 m\u011bs\u00edc\u016f &#8211; doba skladov\u00e1n\u00ed<\/li>\n<\/ul>\n<h2><span style=\"font-size: 80%\">V\u00fdhody<\/span><\/h2>\n<ul>\n<li>v\u00fdt\u011b\u017enost a\u017e 17 m ve slotu 3&#215;7 cm<\/li>\n<li>minim\u00e1ln\u00ed poexpanzn\u00ed a smr\u0161t\u011bn\u00ed<\/li>\n<li>vynikaj\u00edc\u00ed struktura a vzhled<\/li>\n<li>celoro\u010dn\u00ed pou\u017eit\u00ed od -10 \u00b0C<\/li>\n<li>vynikaj\u00edc\u00ed akustick\u00e1 izolace a\u017e 60 dB<\/li>\n<\/ul>\n<p><span style=\"text-decoration: underline\"><strong><span style=\"font-size: 130%\">St\u00e1hnout<\/span> <\/strong><\/span><\/p>\n<p><a href=\"https:\/\/www.brikol.sk\/wp-content\/uploads\/2023\/03\/Technicky-list-5.pdf\">Technick\u00fd list<\/a><\/p>\n<p><a href=\"https:\/\/www.brikol.sk\/wp-content\/uploads\/2023\/03\/Bezpecnostny-list-5.pdf\">Bezpe\u010dnostn\u00ed list<\/a><\/p>\n<p><a href=\"https:\/\/www.brikol.sk\/wp-content\/uploads\/2023\/03\/Vyhlasenie-o-parametroch-1.pdf\">Deklarace parametr\u016f<\/a><\/p>\n<p>&nbsp;<\/p>\n<p>&nbsp;<\/p>\n<p>&nbsp;<\/p>\n<p>&nbsp;<\/p>\n","protected":false},"excerpt":{"rendered":"<p><strong>Vysoce kvalitn\u00ed n\u00edzkoexpanzn\u00ed p\u011bna<\/strong> s vysokou v\u00fdt\u011b\u017enost\u00ed, minim\u00e1ln\u00ed expanz\u00ed, vynikaj\u00edc\u00ed strukturou, rychl\u00fdm vytvrzen\u00edm a aplika\u010dn\u00ed teplotou od -10 \u00b0C. Vytvrzen\u00e1 p\u011bna m\u00e1 vynikaj\u00edc\u00ed tepeln\u011b izola\u010dn\u00ed vlastnosti.<\/p>\n","protected":false},"featured_media":14877,"comment_status":"open","ping_status":"closed","template":"","meta":[],"product_cat":[68,129],"product_tag":[],"_links":{"self":[{"href":"https:\/\/www.brikol.sk\/cs\/wp-json\/wp\/v2\/product\/18147"}],"collection":[{"href":"https:\/\/www.brikol.sk\/cs\/wp-json\/wp\/v2\/product"}],"about":[{"href":"https:\/\/www.brikol.sk\/cs\/wp-json\/wp\/v2\/types\/product"}],"replies":[{"embeddable":true,"href":"https:\/\/www.brikol.sk\/cs\/wp-json\/wp\/v2\/comments?post=18147"}],"wp:featuredmedia":[{"embeddable":true,"href":"https:\/\/www.brikol.sk\/cs\/wp-json\/wp\/v2\/media\/14877"}],"wp:attachment":[{"href":"https:\/\/www.brikol.sk\/cs\/wp-json\/wp\/v2\/media?parent=18147"}],"wp:term":[{"taxonomy":"product_cat","embeddable":true,"href":"https:\/\/www.brikol.sk\/cs\/wp-json\/wp\/v2\/product_cat?post=18147"},{"taxonomy":"product_tag","embeddable":true,"href":"https:\/\/www.brikol.sk\/cs\/wp-json\/wp\/v2\/product_tag?post=18147"}],"curies":[{"name":"wp","href":"https:\/\/api.w.org\/{rel}","templated":true}]}}