{"id":18148,"date":"2023-03-03T08:31:30","date_gmt":"2023-03-03T07:31:30","guid":{"rendered":"https:\/\/www.brikol.sk\/produkt\/komprimovana-paska-illmod-trio-600\/"},"modified":"2023-03-03T08:31:30","modified_gmt":"2023-03-03T07:31:30","slug":"komprimovana-paska-illmod-trio-600","status":"publish","type":"product","link":"https:\/\/www.brikol.sk\/cs\/produkt\/komprimovana-paska-illmod-trio-600\/","title":{"rendered":"Komprimovan\u00e1 p\u00e1ska ILLMOD TRIO 600"},"content":{"rendered":"<p><span style=\"font-size: 115%\"><br \/>\n  <strong>ILLMOD TRIO 600<\/strong><br \/>\n<\/span> je v\u00fdrobek, kter\u00fd umo\u017e\u0148uje ut\u011bsnit parapetn\u00ed sp\u00e1ru pod podkladn\u00edm profilem pouze jedn\u00edm v\u00fdrobkem, p\u0159i\u010dem\u017e st\u00e1le plat\u00ed z\u00e1sada &#8220;t\u011bsn\u011bj\u0161\u00ed uvnit\u0159 ne\u017e zvenku&#8221;. V\u00fdrobek byl vyvinut pro velmi rychlou a spolehlivou izolaci sp\u00e1r p\u0159i mont\u00e1\u017ei oken a dve\u0159\u00ed. Ut\u011bsn\u011bn\u00fd spoj je vodot\u011bsn\u00fd, vzduchot\u011bsn\u00fd a poskytuje vynikaj\u00edc\u00ed tepelnou izolaci.<\/p>\n<ul>\n<li>vhodn\u00e9 do interi\u00e9ru i exteri\u00e9ru<\/li>\n<li>teplota aplikace bez omezen\u00ed<\/li>\n<\/ul>\n<h2><span style=\"font-size: 80%\">Barva<\/span><\/h2>\n<ul>\n<li>antracit<\/li>\n<li>vnit\u0159n\u00ed \/ vnit\u0159n\u00ed strana sv\u011btle \u0161ed\u00e1<\/li>\n<\/ul>\n<h2><span style=\"font-size: 80%\">V\u00fdhody<\/span><\/h2>\n<ul>\n<li>aplikace nez\u00e1visl\u00e1 na po\u010das\u00ed a teplot\u011b<\/li>\n<li>ide\u00e1ln\u00ed pro dilata\u010dn\u00ed sp\u00e1ry<\/li>\n<\/ul>\n<ul>\n<li>trvale UV stabiln\u00ed<\/li>\n<\/ul>\n<p><span style=\"text-decoration: underline\"><strong><span style=\"font-size: 130%\">St\u00e1hnout<\/span> <\/strong><\/span><\/p>\n<p><a href=\"https:\/\/www.brikol.sk\/wp-content\/uploads\/2023\/03\/technicky-list.pdf\">Technick\u00fd list<\/a><\/p>\n<p><a href=\"https:\/\/www.brikol.sk\/wp-content\/uploads\/2023\/03\/Bezpecnostny-list-4.pdf\">Bezpe\u010dnostn\u00ed list<\/a><\/p>\n<p><a href=\"https:\/\/www.brikol.sk\/wp-content\/uploads\/2023\/03\/Certifikat-3.pdf\">Certifik\u00e1t<\/a><\/p>\n<p><a href=\"https:\/\/www.brikol.sk\/wp-content\/uploads\/2023\/03\/Vyhlasenie-o-parametroch-folie-a-pasky.pdf\">Prohl\u00e1\u0161en\u00ed o parametrech &#8211; f\u00f3lie a p\u00e1sky<\/a><\/p>\n<p><a href=\"https:\/\/www.brikol.sk\/wp-content\/uploads\/2023\/03\/Atest-prievzdusnost.pdf\">Atest &#8211; vzduchot\u011bsnost<\/a><\/p>\n<p><a href=\"https:\/\/www.brikol.sk\/wp-content\/uploads\/2023\/03\/Atest-prievzdusnost.vodotesnost.pdf\">Atest &#8211; vzduchot\u011bsnost.vodot\u011bsnost<\/a><\/p>\n<p>&nbsp;<\/p>\n<p>&nbsp;<\/p>\n<p>&nbsp;<\/p>\n<p>&nbsp;<\/p>\n<p>&nbsp;<\/p>\n<p>&nbsp;<\/p>\n<p>&nbsp;<\/p>\n","protected":false},"excerpt":{"rendered":"<p><strong>ILLMOD TRIO 600<\/strong> je v\u00fdrobek, kter\u00fd umo\u017e\u0148uje ut\u011bsnit parapetn\u00ed sp\u00e1ru pod podkladn\u00edm profilem pouze jedn\u00edm v\u00fdrobkem, a p\u0159itom dodr\u017eet z\u00e1sadu &#8220;t\u011bsn\u011bj\u0161\u00ed uvnit\u0159 ne\u017e zvenku&#8221;.<\/p>\n","protected":false},"featured_media":14852,"comment_status":"open","ping_status":"closed","template":"","meta":[],"product_cat":[68,129],"product_tag":[],"_links":{"self":[{"href":"https:\/\/www.brikol.sk\/cs\/wp-json\/wp\/v2\/product\/18148"}],"collection":[{"href":"https:\/\/www.brikol.sk\/cs\/wp-json\/wp\/v2\/product"}],"about":[{"href":"https:\/\/www.brikol.sk\/cs\/wp-json\/wp\/v2\/types\/product"}],"replies":[{"embeddable":true,"href":"https:\/\/www.brikol.sk\/cs\/wp-json\/wp\/v2\/comments?post=18148"}],"wp:featuredmedia":[{"embeddable":true,"href":"https:\/\/www.brikol.sk\/cs\/wp-json\/wp\/v2\/media\/14852"}],"wp:attachment":[{"href":"https:\/\/www.brikol.sk\/cs\/wp-json\/wp\/v2\/media?parent=18148"}],"wp:term":[{"taxonomy":"product_cat","embeddable":true,"href":"https:\/\/www.brikol.sk\/cs\/wp-json\/wp\/v2\/product_cat?post=18148"},{"taxonomy":"product_tag","embeddable":true,"href":"https:\/\/www.brikol.sk\/cs\/wp-json\/wp\/v2\/product_tag?post=18148"}],"curies":[{"name":"wp","href":"https:\/\/api.w.org\/{rel}","templated":true}]}}