{"id":18153,"date":"2023-03-02T14:50:18","date_gmt":"2023-03-02T13:50:18","guid":{"rendered":"https:\/\/www.brikol.sk\/produkt\/komprimovana-paska-illac-300\/"},"modified":"2024-03-27T14:20:09","modified_gmt":"2024-03-27T13:20:09","slug":"komprimovana-paska-illac-300","status":"publish","type":"product","link":"https:\/\/www.brikol.sk\/cs\/produkt\/komprimovana-paska-illac-300\/","title":{"rendered":"Komprimovan\u00e1 p\u00e1ska ILLAC 300"},"content":{"rendered":"<p><span style=\"font-size: 120%\"><br \/>\n  <strong>ILLAC 300<\/strong><br \/>\n<\/span> je vysoce kvalitn\u00ed okenn\u00ed t\u011bsnic\u00ed p\u00e1ska ur\u010den\u00e1 k rychl\u00e9mu ut\u011bsn\u011bn\u00ed dilata\u010dn\u00edch sp\u00e1r. Ut\u011bsn\u011bn\u00fd spoj je vodot\u011bsn\u00fd a\u017e do 300 Pa a z\u00e1rove\u0148 poskytuje vynikaj\u00edc\u00ed tepelnou izolaci.<\/p>\n<ul>\n<li>vhodn\u00e9 pro venkovn\u00ed pou\u017eit\u00ed<\/li>\n<li>teplota aplikace bez omezen\u00ed<\/li>\n<\/ul>\n<h2><span style=\"font-size: 80%\">Barva<\/span><\/h2>\n<ul>\n<li>\u0161ed\u00e1<\/li>\n<\/ul>\n<h2><span style=\"font-size: 80%\">V\u00fdhody<\/span><\/h2>\n<ul>\n<li>instalace nez\u00e1visl\u00e1 na po\u010das\u00ed a teplot\u011b<\/li>\n<li>minim\u00e1ln\u00ed odpad p\u0159i aplikaci<\/li>\n<\/ul>\n<ul>\n<li>estetick\u00fd vzhled a rychl\u00e1 mont\u00e1\u017e<\/li>\n<\/ul>\n<p><span style=\"text-decoration: underline\"><strong><span style=\"font-size: 130%\">St\u00e1hnout<\/span> <\/strong><\/span><\/p>\n<p><a href=\"https:\/\/www.brikol.sk\/wp-content\/uploads\/2023\/03\/Technicky-list-4.pdf\">Technick\u00fd list<\/a><\/p>\n<p><a href=\"https:\/\/www.brikol.sk\/wp-content\/uploads\/2023\/03\/Bezpecnostny-list-3.pdf\">Bezpe\u010dnostn\u00ed list<\/a><\/p>\n<p><a href=\"https:\/\/www.brikol.sk\/wp-content\/uploads\/2023\/03\/Certifikat-2.pdf\">Certifik\u00e1t<\/a><\/p>\n<p><a href=\"https:\/\/www.brikol.sk\/wp-content\/uploads\/2023\/03\/Atest-PREHLAD.pdf\">Atestace &#8211; P\u0158EHLED<\/a><\/p>\n<p><a href=\"https:\/\/www.brikol.sk\/wp-content\/uploads\/2023\/03\/Atest-vodostesnost-skarova-prievzdusnost.pdf\">Atest &#8211; vodot\u011bsnost sp\u00e1ry propustnost vzduchu<\/a><\/p>\n<p>&nbsp;<\/p>\n<p>&nbsp;<\/p>\n<p><a href=\"https:\/\/www.brikol.sk\/wp-content\/uploads\/2023\/03\/Vyhlasenie-o-parametroch-folie-a-pasky-2-4.pdf\">Prohl\u00e1\u0161en\u00ed o parametrech &#8211; f\u00f3lie a p\u00e1sky-2-4<\/a><\/p>\n<p>&nbsp;<\/p>\n<p>&nbsp;<\/p>\n<p>&nbsp;<\/p>\n<p>&nbsp;<\/p>\n","protected":false},"excerpt":{"rendered":"<p><strong>ILLAC 300<\/strong> je vysoce kvalitn\u00ed <strong>okenn\u00ed t\u011bsnic\u00ed p\u00e1ska<\/strong> ur\u010den\u00e1 k rychl\u00e9mu ut\u011bsn\u011bn\u00ed dilata\u010dn\u00edch sp\u00e1r. Ut\u011bsn\u011bn\u00fd spoj je vodot\u011bsn\u00fd a\u017e do 300 Pa a z\u00e1rove\u0148 poskytuje vynikaj\u00edc\u00ed tepelnou izolaci.<\/p>\n<p>Role: 7-15x30x6m<\/p>\n","protected":false},"featured_media":14812,"comment_status":"open","ping_status":"closed","template":"","meta":[],"product_cat":[68,129],"product_tag":[],"_links":{"self":[{"href":"https:\/\/www.brikol.sk\/cs\/wp-json\/wp\/v2\/product\/18153"}],"collection":[{"href":"https:\/\/www.brikol.sk\/cs\/wp-json\/wp\/v2\/product"}],"about":[{"href":"https:\/\/www.brikol.sk\/cs\/wp-json\/wp\/v2\/types\/product"}],"replies":[{"embeddable":true,"href":"https:\/\/www.brikol.sk\/cs\/wp-json\/wp\/v2\/comments?post=18153"}],"wp:featuredmedia":[{"embeddable":true,"href":"https:\/\/www.brikol.sk\/cs\/wp-json\/wp\/v2\/media\/14812"}],"wp:attachment":[{"href":"https:\/\/www.brikol.sk\/cs\/wp-json\/wp\/v2\/media?parent=18153"}],"wp:term":[{"taxonomy":"product_cat","embeddable":true,"href":"https:\/\/www.brikol.sk\/cs\/wp-json\/wp\/v2\/product_cat?post=18153"},{"taxonomy":"product_tag","embeddable":true,"href":"https:\/\/www.brikol.sk\/cs\/wp-json\/wp\/v2\/product_tag?post=18153"}],"curies":[{"name":"wp","href":"https:\/\/api.w.org\/{rel}","templated":true}]}}