{"id":18154,"date":"2023-03-02T14:14:02","date_gmt":"2023-03-02T13:14:02","guid":{"rendered":"https:\/\/www.brikol.sk\/produkt\/illmod-trio-750-komprimovana-paska\/"},"modified":"2023-03-02T14:14:02","modified_gmt":"2023-03-02T13:14:02","slug":"illmod-trio-750-komprimovana-paska","status":"publish","type":"product","link":"https:\/\/www.brikol.sk\/cs\/produkt\/illmod-trio-750-komprimovana-paska\/","title":{"rendered":"ILLMOD TRIO 750 komprimovan\u00e1 p\u00e1ska"},"content":{"rendered":"<p><span style=\"font-size: 115%\"><br \/>\n  <strong>P\u00e1ska ILLMOD TRIO 750<\/strong><br \/>\n<\/span>kter\u00e1 spl\u0148uje nejvy\u0161\u0161\u00ed n\u00e1roky na kvalitn\u00ed, trvanliv\u00e9 a rychl\u00e9 ut\u011bsn\u011bn\u00ed spoj\u016f, nav\u00edc se jedn\u00e1 o &#8220;ekologick\u00fd v\u00fdrobek&#8221; bez emis\u00ed. Multifunk\u010dn\u00ed t\u011bsnic\u00ed p\u00e1ska navr\u017een\u00e1 speci\u00e1ln\u011b pro t\u011bsn\u011bn\u00ed okenn\u00edch sp\u00e1r v prost\u0159ed\u00ed:<\/p>\n<ul>\n<li>pasivn\u00ed a n\u00edzkoenergetick\u00e9 stavby<\/li>\n<li>b\u011b\u017en\u00e1 konstrukce<\/li>\n<li>rekonstrukce<\/li>\n<li>izolace spoj\u016f<\/li>\n<li>teplota aplikace bez omezen\u00ed<\/li>\n<\/ul>\n<h2><span style=\"font-size: 80%\">Barva<\/span><\/h2>\n<ul>\n<li>antracit<\/li>\n<li>Vnit\u0159n\u00ed strana : sv\u011btle \u0161ed\u00e1 s integrovanou v\u00fdztuhou proti \u00faniku vody<\/li>\n<\/ul>\n<h2>V\u00fdhody<\/h2>\n<ul>\n<li>komplexn\u00ed ut\u011bsn\u011bn\u00ed sp\u00e1r<\/li>\n<li>ide\u00e1ln\u00ed pro dilata\u010dn\u00ed sp\u00e1ry<\/li>\n<li>\u0161irok\u00e1 \u0161k\u00e1la aplikac\u00ed pro velk\u00e1 rozp\u011bt\u00ed<\/li>\n<\/ul>\n<ul>\n<li>rychl\u00e1 instalace nez\u00e1visl\u00e1 na po\u010das\u00ed a teplot\u011b<\/li>\n<\/ul>\n<p><span style=\"text-decoration: underline\"><strong><span style=\"font-size: 130%\">St\u00e1hnout<\/span> <\/strong><\/span><\/p>\n<p><a href=\"https:\/\/www.brikol.sk\/wp-content\/uploads\/2023\/03\/technicky.pdf\">Technick\u00e1 str\u00e1nka<\/a><\/p>\n<p><a href=\"https:\/\/www.brikol.sk\/wp-content\/uploads\/2023\/03\/bezpecnostny-list-1.pdf\">Bezpe\u010dnostn\u00ed list<\/a><\/p>\n<p><a href=\"https:\/\/www.brikol.sk\/wp-content\/uploads\/2023\/03\/certifikat.pdf\">Certifik\u00e1t<\/a><\/p>\n<p><a href=\"https:\/\/www.brikol.sk\/wp-content\/uploads\/2023\/03\/kategorie-pouzitia.pdf\">Kategorie pou\u017eit\u00ed<\/a><\/p>\n<p><a href=\"https:\/\/www.brikol.sk\/wp-content\/uploads\/2023\/03\/vyhlasenie-o-parametroch-2.pdf\">Deklarace parametr\u016f<\/a><\/p>\n<p><a href=\"https:\/\/www.brikol.sk\/wp-content\/uploads\/2023\/03\/atest-vodotesnost_skarova-prievzdusnost_stavebne_teleso.pdf\">Stavebn\u00ed t\u011bleso propou\u0161t\u011bj\u00edc\u00ed vzduch ve skl\u00e9rce<\/a><\/p>\n<p><a href=\"https:\/\/www.brikol.sk\/wp-content\/uploads\/2023\/03\/atest-Sucinitel-difuzneho-odporu.pdf\">Atest &#8211; Koeficient difuzn\u00edho odporu<\/a><\/p>\n<p><a href=\"https:\/\/www.brikol.sk\/wp-content\/uploads\/2023\/03\/atest-Tepelna-vodivost.pdf\">Atest &#8211; Tepeln\u00e1 vodivost<\/a><\/p>\n<p><a href=\"https:\/\/www.brikol.sk\/wp-content\/uploads\/2023\/03\/atest-vodotesnost-1050.pdf\">Testov\u00e1no &#8211; vodot\u011bsnost 1050<\/a><\/p>\n<p><a href=\"https:\/\/www.brikol.sk\/wp-content\/uploads\/2023\/03\/atest-vodotesnost_skarova-prievzdusnost_stavebne_teleso.pdf\">Atestace &#8211; vodot\u011bsn\u00e1<\/a><\/p>\n<p><a href=\"https:\/\/www.brikol.sk\/wp-content\/uploads\/2023\/03\/atest-vzduchova-nepriezvucnost.pdf\">Atestace &#8211; vzduchot\u011bsnost<\/a><\/p>\n<p><span style=\"text-decoration: underline\"><span style=\"font-size: 120%\"><strong>Video<\/strong><\/span><\/span><\/p>\n<p><a href=\"https:\/\/www.youtube.com\/watch?v=2SE2QxzpxLM\" target=\"_blank\" rel=\"noopener\">https:\/\/www.youtube.com\/watch?v=2SE2QxzpxLM<\/a><\/p>\n<p>&nbsp;<\/p>\n<p>&nbsp;<\/p>\n<p>&nbsp;<\/p>\n<p>&nbsp;<\/p>\n","protected":false},"excerpt":{"rendered":"<p><strong>ILLMOD TRIO 750 p\u00e1ska,<\/strong> kter\u00e1 spl\u0148uje nejvy\u0161\u0161\u00ed n\u00e1roky na kvalitn\u00ed, odoln\u00e9 a rychl\u00e9 ut\u011bsn\u011bn\u00ed spoj\u016f, nav\u00edc je &#8220;ekologick\u00fdm v\u00fdrobkem&#8221; bez emis\u00ed.<\/p>\n","protected":false},"featured_media":14777,"comment_status":"open","ping_status":"closed","template":"","meta":[],"product_cat":[68,129],"product_tag":[],"_links":{"self":[{"href":"https:\/\/www.brikol.sk\/cs\/wp-json\/wp\/v2\/product\/18154"}],"collection":[{"href":"https:\/\/www.brikol.sk\/cs\/wp-json\/wp\/v2\/product"}],"about":[{"href":"https:\/\/www.brikol.sk\/cs\/wp-json\/wp\/v2\/types\/product"}],"replies":[{"embeddable":true,"href":"https:\/\/www.brikol.sk\/cs\/wp-json\/wp\/v2\/comments?post=18154"}],"wp:featuredmedia":[{"embeddable":true,"href":"https:\/\/www.brikol.sk\/cs\/wp-json\/wp\/v2\/media\/14777"}],"wp:attachment":[{"href":"https:\/\/www.brikol.sk\/cs\/wp-json\/wp\/v2\/media?parent=18154"}],"wp:term":[{"taxonomy":"product_cat","embeddable":true,"href":"https:\/\/www.brikol.sk\/cs\/wp-json\/wp\/v2\/product_cat?post=18154"},{"taxonomy":"product_tag","embeddable":true,"href":"https:\/\/www.brikol.sk\/cs\/wp-json\/wp\/v2\/product_tag?post=18154"}],"curies":[{"name":"wp","href":"https:\/\/api.w.org\/{rel}","templated":true}]}}