{"id":18162,"date":"2023-03-02T13:19:11","date_gmt":"2023-03-02T12:19:11","guid":{"rendered":"https:\/\/www.brikol.sk\/produkt\/vodotesna-folie-exterier-me220\/"},"modified":"2023-03-02T13:19:11","modified_gmt":"2023-03-02T12:19:11","slug":"vodotesna-folie-exterier-me220","status":"publish","type":"product","link":"https:\/\/www.brikol.sk\/cs\/produkt\/vodotesna-folie-exterier-me220\/","title":{"rendered":"Vodot\u011bsn\u00e1 f\u00f3lie Exteri\u00e9r ME220"},"content":{"rendered":"<div class=\"popisObsah\">\n<p>Unik\u00e1tn\u00ed <strong>fas\u00e1dn\u00ed t\u011bsnic\u00ed f\u00f3lie<\/strong> vhodn\u00e1 k vytvo\u0159en\u00ed vodot\u011bsn\u00e9 bari\u00e9ry na vn\u011bj\u0161\u00ed stran\u011b konstrukc\u00ed a sp\u00e1r. D\u00edky sv\u00e9 konstrukci je pou\u017eiteln\u00fd pro v\u0161echny b\u011b\u017en\u00e9 tvary detail\u016f.<\/p>\n<ul>\n<li>pouze pro venkovn\u00ed pou\u017eit\u00ed<\/li>\n<li>pou\u017eit\u00ed od +5 \u00b0C do +35 \u00b0C<\/li>\n<\/ul>\n<h2><span style=\"font-size: 80%\">Barva &#8211; <span style=\"font-size: 75%\">\u010dern\u00e1<\/span><\/span><\/h2>\n<h2><span style=\"font-size: 80%\">V\u00fdhody<\/span><\/h2>\n<ul>\n<li><span style=\"font-family: Arial\">velmi hou\u017eevnat\u00fd materi\u00e1l odoln\u00fd proti po\u0161kozen\u00ed<\/span><\/li>\n<li><span style=\"font-family: Arial\">extr\u00e9mn\u00ed schopnost p\u0159en\u00e1\u0161et expanzn\u00ed pohyby<\/span><\/li>\n<li><span style=\"font-family: Arial\">velmi vysok\u00e1 odolnost proti pov\u011btrnostn\u00edm vliv\u016fm a st\u00e1rnut\u00ed<\/span><\/li>\n<\/ul>\n<\/div>\n<p><span style=\"text-decoration: underline\"><strong>St\u00e1hnout <\/strong><\/span><\/p>\n<p><a href=\"https:\/\/www.brikol.sk\/wp-content\/uploads\/2023\/03\/Technicky-list-2.pdf\">Technick\u00fd list<\/a><\/p>\n<p><a href=\"https:\/\/www.brikol.sk\/wp-content\/uploads\/2023\/03\/Bezpecnostny-list-1.pdf\">Bezpe\u010dnostn\u00ed list<\/a><\/p>\n<p><a href=\"https:\/\/www.brikol.sk\/wp-content\/uploads\/2023\/03\/Certifikat.pdf\">Certifik\u00e1t<\/a><\/p>\n<p><a href=\"https:\/\/www.brikol.sk\/wp-content\/uploads\/2023\/03\/atest-1.pdf\">atestace<\/a><\/p>\n<p><a href=\"https:\/\/www.brikol.sk\/wp-content\/uploads\/2023\/03\/vyhlasenie-o-parametroch-1.pdf\">deklarace parametr\u016f<\/a><\/p>\n","protected":false},"excerpt":{"rendered":"<p><strong><span style=\"font-size: 110%\">Unik\u00e1tn\u00ed<\/span> fas\u00e1dn\u00ed t\u011bsnic\u00ed f\u00f3lie <\/strong>vhodn\u00e1 k vytvo\u0159en\u00ed vodot\u011bsn\u00e9 bari\u00e9ry na vn\u011bj\u0161\u00ed stran\u011b konstrukc\u00ed a sp\u00e1r. D\u00edky sv\u00e9 konstrukci je pou\u017eiteln\u00fd pro v\u0161echny b\u011b\u017en\u00e9 tvary detail\u016f.<\/p>\n","protected":false},"featured_media":14682,"comment_status":"open","ping_status":"closed","template":"","meta":[],"product_cat":[68,129],"product_tag":[],"_links":{"self":[{"href":"https:\/\/www.brikol.sk\/cs\/wp-json\/wp\/v2\/product\/18162"}],"collection":[{"href":"https:\/\/www.brikol.sk\/cs\/wp-json\/wp\/v2\/product"}],"about":[{"href":"https:\/\/www.brikol.sk\/cs\/wp-json\/wp\/v2\/types\/product"}],"replies":[{"embeddable":true,"href":"https:\/\/www.brikol.sk\/cs\/wp-json\/wp\/v2\/comments?post=18162"}],"wp:featuredmedia":[{"embeddable":true,"href":"https:\/\/www.brikol.sk\/cs\/wp-json\/wp\/v2\/media\/14682"}],"wp:attachment":[{"href":"https:\/\/www.brikol.sk\/cs\/wp-json\/wp\/v2\/media?parent=18162"}],"wp:term":[{"taxonomy":"product_cat","embeddable":true,"href":"https:\/\/www.brikol.sk\/cs\/wp-json\/wp\/v2\/product_cat?post=18162"},{"taxonomy":"product_tag","embeddable":true,"href":"https:\/\/www.brikol.sk\/cs\/wp-json\/wp\/v2\/product_tag?post=18162"}],"curies":[{"name":"wp","href":"https:\/\/api.w.org\/{rel}","templated":true}]}}