{"id":18168,"date":"2023-03-02T11:54:40","date_gmt":"2023-03-02T10:54:40","guid":{"rendered":"https:\/\/www.brikol.sk\/produkt\/okenni-folie-do-exterieru-me321\/"},"modified":"2023-03-02T11:54:40","modified_gmt":"2023-03-02T10:54:40","slug":"okenni-folie-do-exterieru-me321","status":"publish","type":"product","link":"https:\/\/www.brikol.sk\/cs\/produkt\/okenni-folie-do-exterieru-me321\/","title":{"rendered":"Okenn\u00ed f\u00f3lie do exteri\u00e9ru ME321"},"content":{"rendered":"<p><strong><br \/>\n  <span style=\"font-size: 115%\">VN\u011aJ\u0160\u00cd MEMBR\u00c1NA <\/span><br \/>\n<\/strong>(vn\u011bj\u0161\u00ed okenn\u00ed membr\u00e1na) je navr\u017eena tak, aby na vn\u011bj\u0161\u00ed stran\u011b p\u0159ipojovac\u00ed sp\u00e1ry vytvo\u0159ila vodot\u011bsnou a z\u00e1rove\u0148 vysoce paropropustnou izola\u010dn\u00ed vrstvu. D\u00edky verzi &#8220;EW&#8221; je pou\u017eiteln\u00e1 pro v\u0161echny b\u011b\u017en\u00e9 tvary detail\u016f. D\u0159\u00edve byl film distribuov\u00e1n pod n\u00e1zvem ME510.<\/p>\n<ul>\n<li>pouze pro venkovn\u00ed pou\u017eit\u00ed<\/li>\n<li>pou\u017eit\u00ed od +5 \u00b0C do +45 \u00b0C<\/li>\n<\/ul>\n<h2><span style=\"font-size: 80%\">Barva<\/span><\/h2>\n<ul>\n<li>tv\u00e1\u0159e: \u0161ed\u00e9<\/li>\n<li>zadn\u00ed strana: b\u00edl\u00e1<\/li>\n<\/ul>\n<h2><span style=\"font-size: 80%\">Klady:<\/span><\/h2>\n<ul>\n<li>4 varianty mont\u00e1\u017ee na oblo\u017een\u00ed<\/li>\n<li>UV stabilita po dobu 2 m\u011bs\u00edc\u016f<\/li>\n<li>Om\u00edtnuteln\u00e9<\/li>\n<li>vysoce dif\u00fazn\u011b otev\u0159en\u00fd<\/li>\n<\/ul>\n<h2><span style=\"font-size: 80%\">V\u00fdhody<\/span><\/h2>\n<ul>\n<li><span style=\"font-family: Arial\">3 varianty mont\u00e1\u017ee na oblo\u017een\u00ed  <\/span><span style=\"font-family: Arial\"><br \/>\n<\/span><\/li>\n<li><span style=\"font-family: Arial\">Om\u00edtnuteln\u00e9  <\/span><span style=\"font-family: Arial\"><br \/>\n<\/span><\/li>\n<li><span style=\"font-family: Arial\">vysoce dif\u00fazn\u011b otev\u0159en\u00fd<\/span><\/li>\n<\/ul>\n<p><span style=\"text-decoration: underline\"><strong>St\u00e1hnout <\/strong><\/span><\/p>\n<p><a href=\"https:\/\/www.brikol.sk\/wp-content\/uploads\/2023\/03\/Technicky-list-1.pdf\">Technick\u00fd list<\/a><\/p>\n<p><a href=\"https:\/\/www.brikol.sk\/wp-content\/uploads\/2023\/03\/bezpecnostny-list.pdf\">Bezpe\u010dnostn\u00ed list<\/a><\/p>\n<p><a href=\"https:\/\/www.brikol.sk\/wp-content\/uploads\/2023\/03\/atest.pdf\">atestace<\/a><\/p>\n<p><a href=\"https:\/\/www.brikol.sk\/wp-content\/uploads\/2023\/03\/vyhlasenie-o-parametroch.pdf\">Deklarace parametr\u016f<\/a><\/p>\n","protected":false},"excerpt":{"rendered":"<p><strong>EXTERIOR MEMBRANE <\/strong>(vn\u011bj\u0161\u00ed okenn\u00ed f\u00f3lie) je navr\u017eena tak, aby na vn\u011bj\u0161\u00ed stran\u011b p\u0159ipojovac\u00ed sp\u00e1ry vytvo\u0159ila vodot\u011bsnou a z\u00e1rove\u0148 vysoce paropropustnou izola\u010dn\u00ed vrstvu. D\u00edky verzi &#8220;EW&#8221; je pou\u017eiteln\u00e1 pro v\u0161echny b\u011b\u017en\u00e9 tvary detail\u016f.<\/p>\n","protected":false},"featured_media":14647,"comment_status":"open","ping_status":"closed","template":"","meta":[],"product_cat":[68,129],"product_tag":[],"_links":{"self":[{"href":"https:\/\/www.brikol.sk\/cs\/wp-json\/wp\/v2\/product\/18168"}],"collection":[{"href":"https:\/\/www.brikol.sk\/cs\/wp-json\/wp\/v2\/product"}],"about":[{"href":"https:\/\/www.brikol.sk\/cs\/wp-json\/wp\/v2\/types\/product"}],"replies":[{"embeddable":true,"href":"https:\/\/www.brikol.sk\/cs\/wp-json\/wp\/v2\/comments?post=18168"}],"wp:featuredmedia":[{"embeddable":true,"href":"https:\/\/www.brikol.sk\/cs\/wp-json\/wp\/v2\/media\/14647"}],"wp:attachment":[{"href":"https:\/\/www.brikol.sk\/cs\/wp-json\/wp\/v2\/media?parent=18168"}],"wp:term":[{"taxonomy":"product_cat","embeddable":true,"href":"https:\/\/www.brikol.sk\/cs\/wp-json\/wp\/v2\/product_cat?post=18168"},{"taxonomy":"product_tag","embeddable":true,"href":"https:\/\/www.brikol.sk\/cs\/wp-json\/wp\/v2\/product_tag?post=18168"}],"curies":[{"name":"wp","href":"https:\/\/api.w.org\/{rel}","templated":true}]}}