{"id":18171,"date":"2023-03-08T12:54:43","date_gmt":"2023-03-08T11:54:43","guid":{"rendered":"https:\/\/www.brikol.sk\/produkt\/okenni-folie-interier-me320\/"},"modified":"2023-03-08T12:54:43","modified_gmt":"2023-03-08T11:54:43","slug":"okenni-folie-interier-me320","status":"publish","type":"product","link":"https:\/\/www.brikol.sk\/cs\/produkt\/okenni-folie-interier-me320\/","title":{"rendered":"Okenn\u00ed f\u00f3lie interi\u00e9r ME320"},"content":{"rendered":"<p><strong>INTERI\u00c9R MEMBR\u00c1NA<\/strong> (samolepic\u00ed okenn\u00ed f\u00f3lie Interi\u00e9r) je ur\u010dena k vytvo\u0159en\u00ed vzduchot\u011bsn\u00e9 izola\u010dn\u00ed vrstvy na vnit\u0159n\u00ed stran\u011b p\u0159ipojovac\u00ed sp\u00e1ry. D\u00edky verzi &#8220;EW&#8221; je pou\u017eiteln\u00e1 pro v\u0161echny b\u011b\u017en\u00e9 tvary detail\u016f. D\u0159\u00edve byl film distribuov\u00e1n pod n\u00e1zvem ME511.<\/p>\n<p>4 varianty proveden\u00ed:<\/p>\n<ul>\n<li>Bez butylu: p\u016fvodn\u00ed proveden\u00ed bez lepidla, kter\u00e9 fixuje f\u00f3lii k pod\u0161\u00edvce. SP025 nebo OT300 se pou\u017e\u00edv\u00e1 pro fixaci Aplikace od +5 \u00b0C do +40 \u00b0C.<\/li>\n<li>S butylem: Integrovan\u00fd samolepic\u00ed p\u00e1sek. Pou\u017eit\u00ed od +5 \u00b0C do +40 \u00b0C, pokud nen\u00ed pou\u017eita impregnace.<\/li>\n<li>S perlinkou: K upevn\u011bn\u00ed f\u00f3lie k oblo\u017een\u00ed se pou\u017e\u00edv\u00e1 integrovan\u00e1 perlinka, kter\u00e1 se vkl\u00e1d\u00e1 do vrstvy cementov\u00e9ho lepidla.<\/li>\n<li>VV: F\u00f3lie je t\u00e9m\u011b\u0159 cel\u00e1 pota\u017eena lepidlem nov\u00e9 generace. Pou\u017eit\u00ed od -10 \u00b0C do +40 \u00b0C.<\/li>\n<\/ul>\n<h2><span style=\"font-size: 80%\">Barva<\/span><\/h2>\n<ul>\n<li>B\u00edl\u00e1<\/li>\n<\/ul>\n<h2><span style=\"font-size: 80%\">V\u00fdhody<\/span><\/h2>\n<ul>\n<li><span style=\"font-family: Arial\">4 varianty mont\u00e1\u017ee na oblo\u017een\u00ed <\/span><span style=\"font-family: Arial\"><br \/>\n<\/span><\/li>\n<li><span style=\"font-family: Arial\">Om\u00edtnuteln\u00e9  <\/span><span style=\"font-family: Arial\"><br \/>\n<\/span><\/li>\n<li><span style=\"font-family: Arial\">vzduchot\u011bsnost a parot\u011bsnost<\/span><span style=\"font-family: Arial\">   <\/span><\/li>\n<\/ul>\n<p><span style=\"text-decoration: underline\"><strong>St\u00e1hnout <\/strong><\/span><\/p>\n<p><span style=\"font-family: Arial\"><a href=\"https:\/\/www.brikol.sk\/wp-content\/uploads\/2023\/03\/Technicky-list.pdf\">Technick\u00fd list <\/a><\/span><\/p>\n<p><a href=\"https:\/\/www.brikol.sk\/wp-content\/uploads\/2023\/03\/Bezpecnostny-list.pdf\">Bezpe\u010dnostn\u00ed list<\/a><\/p>\n<p><a href=\"https:\/\/www.brikol.sk\/wp-content\/uploads\/2023\/03\/Vyhlasenie-o-parametroch.pdf\">Deklarace parametr\u016f<\/a><\/p>\n<p><a href=\"https:\/\/www.brikol.sk\/wp-content\/uploads\/2023\/03\/Atest.pdf\">Atestace<\/a><\/p>\n","protected":false},"excerpt":{"rendered":"<p><strong>INTERIOR MEMBRANE<\/strong> (vnit\u0159n\u00ed okenn\u00ed f\u00f3lie) je ur\u010dena k vytvo\u0159en\u00ed vzduchot\u011bsn\u00e9 izola\u010dn\u00ed vrstvy na vnit\u0159n\u00ed stran\u011b p\u0159ipojovac\u00ed sp\u00e1ry.<\/p>\n<p>&nbsp;<\/p>\n","protected":false},"featured_media":14622,"comment_status":"open","ping_status":"closed","template":"","meta":[],"product_cat":[68,129],"product_tag":[],"_links":{"self":[{"href":"https:\/\/www.brikol.sk\/cs\/wp-json\/wp\/v2\/product\/18171"}],"collection":[{"href":"https:\/\/www.brikol.sk\/cs\/wp-json\/wp\/v2\/product"}],"about":[{"href":"https:\/\/www.brikol.sk\/cs\/wp-json\/wp\/v2\/types\/product"}],"replies":[{"embeddable":true,"href":"https:\/\/www.brikol.sk\/cs\/wp-json\/wp\/v2\/comments?post=18171"}],"wp:featuredmedia":[{"embeddable":true,"href":"https:\/\/www.brikol.sk\/cs\/wp-json\/wp\/v2\/media\/14622"}],"wp:attachment":[{"href":"https:\/\/www.brikol.sk\/cs\/wp-json\/wp\/v2\/media?parent=18171"}],"wp:term":[{"taxonomy":"product_cat","embeddable":true,"href":"https:\/\/www.brikol.sk\/cs\/wp-json\/wp\/v2\/product_cat?post=18171"},{"taxonomy":"product_tag","embeddable":true,"href":"https:\/\/www.brikol.sk\/cs\/wp-json\/wp\/v2\/product_tag?post=18171"}],"curies":[{"name":"wp","href":"https:\/\/api.w.org\/{rel}","templated":true}]}}