{"id":18188,"date":"2023-02-09T12:45:40","date_gmt":"2023-02-09T11:45:40","guid":{"rendered":"https:\/\/www.brikol.sk\/produkt\/kulovy-konektor-retizek-kovovy-ks\/"},"modified":"2024-04-12T10:43:56","modified_gmt":"2024-04-12T08:43:56","slug":"kulovy-konektor-retizek-kovovy-ks","status":"publish","type":"product","link":"https:\/\/www.brikol.sk\/cs\/produkt\/kulovy-konektor-retizek-kovovy-ks\/","title":{"rendered":"Kulov\u00fd konektor (\u0159et\u00edzek) kovov\u00fd \/ ks"},"content":{"rendered":"<p><strong>Kovov\u00e1 spojka kulov\u00e9ho lanka<\/strong><\/p>\n<p>Univerz\u00e1ln\u00ed spojka ur\u010den\u00e1 pro horizont\u00e1ln\u00ed \u017ealuzie ovl\u00e1dan\u00e9 pomoc\u00ed <a href=\"https:\/\/www.brikol.sk\/produkt\/gulickova-snura-retiazka-na-zaluzie-nahradne-diely-na-zaluzie\/\"><span style=\"text-decoration: underline;\"><strong>\u0159et\u00edzkem o pr\u016fm\u011bru 3,2 mm.<\/strong><\/span><\/a><\/p>\n<p>Spojka je vyrobena z kovu.<\/p>\n<p>Konce \u0159et\u011bzov\u00fdch koul\u00ed se jednodu\u0161e zasunou proti sob\u011b do dr\u00e1\u017eek spojek.<\/p>\n<p>15 x 6 x 4,45 mm, 2mm otvor<\/p>\n<p>&nbsp;<\/p>\n","protected":false},"excerpt":{"rendered":"<p>Univerz\u00e1ln\u00ed spojka ur\u010den\u00e1 pro horizont\u00e1ln\u00ed \u017ealuzie ovl\u00e1dan\u00e9 pomoc\u00ed <span style=\"text-decoration: underline;\"><strong>\u0159et\u00edzkem o pr\u016fm\u011bru 3,2 mm.<\/strong><\/span><\/p>\n","protected":false},"featured_media":14137,"comment_status":"open","ping_status":"closed","template":"","meta":[],"product_cat":[132,137,138,139,133,141],"product_tag":[],"_links":{"self":[{"href":"https:\/\/www.brikol.sk\/cs\/wp-json\/wp\/v2\/product\/18188"}],"collection":[{"href":"https:\/\/www.brikol.sk\/cs\/wp-json\/wp\/v2\/product"}],"about":[{"href":"https:\/\/www.brikol.sk\/cs\/wp-json\/wp\/v2\/types\/product"}],"replies":[{"embeddable":true,"href":"https:\/\/www.brikol.sk\/cs\/wp-json\/wp\/v2\/comments?post=18188"}],"wp:featuredmedia":[{"embeddable":true,"href":"https:\/\/www.brikol.sk\/cs\/wp-json\/wp\/v2\/media\/14137"}],"wp:attachment":[{"href":"https:\/\/www.brikol.sk\/cs\/wp-json\/wp\/v2\/media?parent=18188"}],"wp:term":[{"taxonomy":"product_cat","embeddable":true,"href":"https:\/\/www.brikol.sk\/cs\/wp-json\/wp\/v2\/product_cat?post=18188"},{"taxonomy":"product_tag","embeddable":true,"href":"https:\/\/www.brikol.sk\/cs\/wp-json\/wp\/v2\/product_tag?post=18188"}],"curies":[{"name":"wp","href":"https:\/\/api.w.org\/{rel}","templated":true}]}}