{"id":18190,"date":"2023-02-08T09:46:45","date_gmt":"2023-02-08T08:46:45","guid":{"rendered":"https:\/\/www.brikol.sk\/produkt\/nekonecna-snura-retizek-32-mm-kus\/"},"modified":"2023-02-08T09:46:45","modified_gmt":"2023-02-08T08:46:45","slug":"nekonecna-snura-retizek-32-mm-kus","status":"publish","type":"product","link":"https:\/\/www.brikol.sk\/cs\/produkt\/nekonecna-snura-retizek-32-mm-kus\/","title":{"rendered":"Nekone\u010dn\u00e1 \u0161\u0148\u016fra (\u0159et\u00edzek) 3,2 mm \/ kus"},"content":{"rendered":"<p>Nekone\u010dn\u00e1 \u017ealuziov\u00e1 \u0161\u0148\u016fra (\u0159et\u00edzek) pro vnit\u0159n\u00ed \u0159et\u00edzkov\u00e9 \u017ealuzie s pr\u016fm\u011brem koule 3,2 m.<\/p>\n<p>\u0158et\u011bz je &#8220;sva\u0159en&#8221; v jedn\u00e9 kouli &#8211; je <strong>bez<\/strong> spojky.<\/p>\n<p><strong>Rozm\u011br<\/strong><\/p>\n<p>Celkov\u00fd obvod s d\u00e9lkou 0,50 cm je 1 m \u0159et\u00edzku.<\/p>\n<p>Celkov\u00fd obvod s d\u00e9lkou 0,75 cm \u010din\u00ed 1,50 m \u0159et\u00edzku.<\/p>\n<p>Celkov\u00fd obvod pro d\u00e9lku 1 m je 2 m \u0159et\u011bzu.<\/p>\n<p>Celkov\u00fd obvod \u0159et\u00edzku o d\u00e9lce 1,5 je 3 m.<\/p>\n<p>Celkov\u00fd obvod p\u0159i d\u00e9lce 2 m je 4 m \u0159et\u011bzu.<\/p>\n","protected":false},"excerpt":{"rendered":"<p>Nekone\u010dn\u00e1 \u017ealuziov\u00e1 \u0161\u0148\u016fra (\u0159et\u00edzek) pro vnit\u0159n\u00ed \u0159et\u00edzkov\u00e9 \u017ealuzie s pr\u016fm\u011brem koule 3,2 m.<\/p>\n<p>\u0158et\u011bz je &#8220;sva\u0159en&#8221; v jedn\u00e9 kouli &#8211; je <strong>bez<\/strong> spojky.<\/p>\n","protected":false},"featured_media":13997,"comment_status":"open","ping_status":"closed","template":"","meta":[],"product_cat":[141],"product_tag":[],"_links":{"self":[{"href":"https:\/\/www.brikol.sk\/cs\/wp-json\/wp\/v2\/product\/18190"}],"collection":[{"href":"https:\/\/www.brikol.sk\/cs\/wp-json\/wp\/v2\/product"}],"about":[{"href":"https:\/\/www.brikol.sk\/cs\/wp-json\/wp\/v2\/types\/product"}],"replies":[{"embeddable":true,"href":"https:\/\/www.brikol.sk\/cs\/wp-json\/wp\/v2\/comments?post=18190"}],"wp:featuredmedia":[{"embeddable":true,"href":"https:\/\/www.brikol.sk\/cs\/wp-json\/wp\/v2\/media\/13997"}],"wp:attachment":[{"href":"https:\/\/www.brikol.sk\/cs\/wp-json\/wp\/v2\/media?parent=18190"}],"wp:term":[{"taxonomy":"product_cat","embeddable":true,"href":"https:\/\/www.brikol.sk\/cs\/wp-json\/wp\/v2\/product_cat?post=18190"},{"taxonomy":"product_tag","embeddable":true,"href":"https:\/\/www.brikol.sk\/cs\/wp-json\/wp\/v2\/product_tag?post=18190"}],"curies":[{"name":"wp","href":"https:\/\/api.w.org\/{rel}","templated":true}]}}