{"id":18208,"date":"2023-02-03T09:06:27","date_gmt":"2023-02-03T08:06:27","guid":{"rendered":"https:\/\/www.brikol.sk\/produkt\/otocny-drzak-hacek-na-sit-proti-hmyzu-par\/"},"modified":"2023-02-03T09:06:27","modified_gmt":"2023-02-03T08:06:27","slug":"otocny-drzak-hacek-na-sit-proti-hmyzu-par","status":"publish","type":"product","link":"https:\/\/www.brikol.sk\/cs\/produkt\/otocny-drzak-hacek-na-sit-proti-hmyzu-par\/","title":{"rendered":"Oto\u010dn\u00fd dr\u017e\u00e1k (h\u00e1\u010dek) na s\u00ed\u0165 proti hmyzu \/p\u00e1r"},"content":{"rendered":"<div id=\"otocny-drziak\">\n<p><strong>Oto\u010dn\u00fd dr\u017e\u00e1k (h\u00e1\u010dek<\/strong> ) s\u00edt\u011b proti hmyzu slou\u017e\u00ed k upevn\u011bn\u00ed pevn\u00e9 s\u00edt\u011b proti hmyzu na okenn\u00ed r\u00e1m.<\/p>\n<p>Je nanesena na r\u00e1mu s\u00edt\u011b proti hmyzu. H\u00e1\u010dek se za n\u00edm zav\u00edr\u00e1 <span style=\"text-decoration: underline;\"><br \/>\n  <strong><br \/>\n    <a href=\"https:\/\/www.brikol.sk\/kategoria\/tesnenia-na-okna\/\">t\u011bsn\u011bn\u00ed r\u00e1mu<\/a><br \/>\n  <\/strong><br \/>\n<\/span> plastov\u00e9ho okna (z vnit\u0159n\u00ed strany).<\/p>\n<p>H\u00e1k se pou\u017e\u00edv\u00e1 na r\u016fzn\u00fdch profilech, proto uv\u00e1d\u00edme skute\u010dnou v\u00fd\u0161ku dr\u017e\u00e1ku.<\/p>\n<p>Doporu\u010dujeme zakoupit dr\u017e\u00e1k <span style=\"text-decoration: underline;\"><strong><a href=\"https:\/\/www.brikol.sk\/produkt\/nit-trhaci-al-4x6mm-ks\/\">n\u00fdty.<\/a><\/strong><\/span><\/p>\n<p><span style=\"text-decoration: underline;\"><strong>Pokyny pro m\u00ed\u0159en\u00ed<\/strong><\/span><\/p>\n<p><span style=\"color: #ed1c24;\"><a style=\"color: #ed1c24;\" href=\"https:\/\/www.brikol.sk\/wp-content\/uploads\/2023\/02\/Navod-na-zameranie-vysky-otocneho-drziaka.pdf\">Pokyny pro m\u011b\u0159en\u00ed v\u00fd\u0161ky oto\u010dn\u00e9ho dr\u017e\u00e1ku<\/a><\/span><\/p>\n<div class=\"oSioSc\">\n<div id=\"tw-target\">\n<div id=\"kAz1tf\" class=\"g9WsWb\">\n<div id=\"tw-target-text-container\" class=\"tw-ta-container hide-focus-ring tw-nfl\" tabindex=\"0\">\n<p class=\"tw-data-text tw-text-large XcVN5d tw-ta\" dir=\"ltr\" data-placeholder=\"P\u0159eklad\">\n<\/div>\n<\/div>\n<\/div>\n<\/div>\n<\/div>\n","protected":false},"excerpt":{"rendered":"<p>Oto\u010dn\u00fd dr\u017e\u00e1k (h\u00e1\u010dek) s\u00edt\u011b proti hmyzu se pou\u017e\u00edv\u00e1 pro &#8230;.. <span style=\"color: #0000ff;\"><br \/>\n  <strong><br \/>\n    <a style=\"color: #0000ff;\" href=\"#otocny-drziak\">V\u00edce v popisu<\/a><br \/>\n  <\/strong><br \/>\n<\/span><\/p>\n","protected":false},"featured_media":13822,"comment_status":"open","ping_status":"closed","template":"","meta":[],"product_cat":[130,143],"product_tag":[],"_links":{"self":[{"href":"https:\/\/www.brikol.sk\/cs\/wp-json\/wp\/v2\/product\/18208"}],"collection":[{"href":"https:\/\/www.brikol.sk\/cs\/wp-json\/wp\/v2\/product"}],"about":[{"href":"https:\/\/www.brikol.sk\/cs\/wp-json\/wp\/v2\/types\/product"}],"replies":[{"embeddable":true,"href":"https:\/\/www.brikol.sk\/cs\/wp-json\/wp\/v2\/comments?post=18208"}],"wp:featuredmedia":[{"embeddable":true,"href":"https:\/\/www.brikol.sk\/cs\/wp-json\/wp\/v2\/media\/13822"}],"wp:attachment":[{"href":"https:\/\/www.brikol.sk\/cs\/wp-json\/wp\/v2\/media?parent=18208"}],"wp:term":[{"taxonomy":"product_cat","embeddable":true,"href":"https:\/\/www.brikol.sk\/cs\/wp-json\/wp\/v2\/product_cat?post=18208"},{"taxonomy":"product_tag","embeddable":true,"href":"https:\/\/www.brikol.sk\/cs\/wp-json\/wp\/v2\/product_tag?post=18208"}],"curies":[{"name":"wp","href":"https:\/\/api.w.org\/{rel}","templated":true}]}}