{"id":18242,"date":"2022-02-10T15:01:22","date_gmt":"2022-02-10T14:01:22","guid":{"rendered":"https:\/\/www.brikol.sk\/produkt\/vzorkovnice-sada-tesneni\/"},"modified":"2026-01-13T12:48:20","modified_gmt":"2026-01-13T11:48:20","slug":"vzorkovnice-sada-tesneni","status":"publish","type":"product","link":"https:\/\/www.brikol.sk\/cs\/produkt\/vzorkovnice-sada-tesneni\/","title":{"rendered":"Vzorkovnice\/sada t\u011bsn\u011bn\u00ed"},"content":{"rendered":"<p>Vzorn\u00edk obsahuje p\u0159ibli\u017en\u011b 10 cm kus\u016f v\u0161ech t\u011bsn\u011bn\u00ed, kter\u00e1 m\u00e1me v nab\u00eddce. Ka\u017ed\u00e9 t\u011bsn\u011bn\u00ed je dod\u00e1v\u00e1no v samostatn\u00e9m s\u00e1\u010dku s n\u00e1zvem t\u011bsn\u011bn\u00ed, abyste mohli ur\u010dit vhodn\u00e9 t\u011bsn\u011bn\u00ed pro sv\u00e1 okna.<\/p>\n<p>Podle na\u0161ich podm\u00ednek n\u00e1m m\u016f\u017eete vzorkovn\u00edk do 14 kalend\u00e1\u0159n\u00edch dn\u016f vr\u00e1tit a z\u00edskat zp\u011bt plnou \u010d\u00e1stku v\u010detn\u011b po\u0161tovn\u00e9ho (po\u0161tovn\u00e9 zp\u011bt je na z\u00e1kazn\u00edkovi, proto doporu\u010dujeme zaslat vzorkovn\u00edk doporu\u010den\u00fdm dopisem 2. t\u0159\u00eddy, co\u017e je nejlevn\u011bj\u0161\u00ed zp\u016fsob vr\u00e1cen\u00ed). P\u0159i vr\u00e1cen\u00ed vzorku v\u00e1s po\u017e\u00e1d\u00e1me o sd\u011blen\u00ed \u010d\u00edsla \u00fa\u010dtu, na kter\u00fd m\u00e1me pen\u00edze zaslat.<\/p>\n<p>V\u010detn\u011b t\u011bsn\u011bn\u00ed<\/p>\n<ul>\n<li>Aluplast universal, Aluplast casement , Aluplast frame<\/li>\n<li>Brueg<\/li>\n<li>Deceunick<\/li>\n<li>Gealan s k\u0159\u00eddly<\/li>\n<li>R\u00e1m Kommerling, k\u0159\u00eddlo Kommerling<\/li>\n<li>S &#8211; 618<\/li>\n<li>K\u0159\u00eddlo Kommerling 1<\/li>\n<li>Sulko &#8211; panorama<\/li>\n<li>Salamandr<\/li>\n<li>K\u0159\u00eddla Veka, r\u00e1m Veka<\/li>\n<li>K\u0159\u00eddla Rehau, r\u00e1m Rehau<\/li>\n<li>Decco<\/li>\n<\/ul>\n","protected":false},"excerpt":{"rendered":"<p>Vzorkovnice obsahuje p\u0159ibli\u017en\u011b 10 cm dlouh\u00e9 kusy v\u0161ech na\u0161ich t\u011bsn\u011bn\u00ed. Ka\u017ed\u00e9 t\u011bsn\u011bn\u00ed je dod\u00e1v\u00e1no v samostatn\u00e9m s\u00e1\u010dku s popisem, abyste mohli ur\u010dit vhodn\u00e9 t\u011bsn\u011bn\u00ed pro sv\u00e1 okna.<\/p>\n<p>Podle na\u0161ich podm\u00ednek n\u00e1m m\u016f\u017eete vzorkovn\u00edk do 14 kalend\u00e1\u0159n\u00edch dn\u016f vr\u00e1tit a z\u00edskat zp\u011bt celou \u010d\u00e1stku v\u010detn\u011b po\u0161tovn\u00e9ho. P\u0159i vr\u00e1cen\u00ed vzorku v\u00e1s po\u017e\u00e1d\u00e1me o sd\u011blen\u00ed \u010d\u00edsla \u00fa\u010dtu, na kter\u00fd m\u00e1me pen\u00edze zaslat.<\/p>\n<p>V\u010detn\u011b t\u011bsn\u011bn\u00ed<\/p>\n<ul>\n<li>rehau casement, rehau framed, kommerling, gealan framed, gealan casement, brueg, sulko, aluplast casement, aluplast framed, lids, salamander<\/li>\n<\/ul>\n","protected":false},"featured_media":20179,"comment_status":"open","ping_status":"closed","template":"","meta":[],"product_cat":[135,217,136],"product_tag":[],"_links":{"self":[{"href":"https:\/\/www.brikol.sk\/cs\/wp-json\/wp\/v2\/product\/18242"}],"collection":[{"href":"https:\/\/www.brikol.sk\/cs\/wp-json\/wp\/v2\/product"}],"about":[{"href":"https:\/\/www.brikol.sk\/cs\/wp-json\/wp\/v2\/types\/product"}],"replies":[{"embeddable":true,"href":"https:\/\/www.brikol.sk\/cs\/wp-json\/wp\/v2\/comments?post=18242"}],"wp:featuredmedia":[{"embeddable":true,"href":"https:\/\/www.brikol.sk\/cs\/wp-json\/wp\/v2\/media\/20179"}],"wp:attachment":[{"href":"https:\/\/www.brikol.sk\/cs\/wp-json\/wp\/v2\/media?parent=18242"}],"wp:term":[{"taxonomy":"product_cat","embeddable":true,"href":"https:\/\/www.brikol.sk\/cs\/wp-json\/wp\/v2\/product_cat?post=18242"},{"taxonomy":"product_tag","embeddable":true,"href":"https:\/\/www.brikol.sk\/cs\/wp-json\/wp\/v2\/product_tag?post=18242"}],"curies":[{"name":"wp","href":"https:\/\/api.w.org\/{rel}","templated":true}]}}