{"id":18246,"date":"2023-01-30T13:38:39","date_gmt":"2023-01-30T12:38:39","guid":{"rendered":"https:\/\/www.brikol.sk\/produkt\/susicka-oken-pevna\/"},"modified":"2025-04-27T20:57:04","modified_gmt":"2025-04-27T18:57:04","slug":"okenni-susak","status":"publish","type":"product","link":"https:\/\/www.brikol.sk\/cs\/produkt\/okenni-susak\/","title":{"rendered":"Okenn\u00ed su\u0161\u00e1k pevn\u00fd"},"content":{"rendered":"<p>Okenn\u00ed su\u0161\u00e1k je vyroben z hlin\u00edkov\u00e9ho uzav\u0159en\u00e9ho profilu s eloxovanou a pr\u00e1\u0161kovou povrchovou \u00fapravou, kter\u00fd je spojen pod \u00fahlem pomoc\u00ed \u0161roub\u016f a n\u00fdt\u016f z nerezov\u00e9 oceli. Lehk\u00e1, ale velmi pevn\u00e1 konstrukce ramen je zakon\u010dena distan\u010dn\u00ed trubkou p\u0159izp\u016fsobenou \u0161\u00ed\u0159ce okna a\u017e do 2400 mm.<\/p>\n<p>Su\u0161\u00e1k je po instalaci naklon\u011bn sm\u011brem k oknu, co\u017e umo\u017e\u0148uje lep\u0161\u00ed p\u0159\u00edstup k \u0161esti \u0161\u0148\u016fr\u00e1m na zav\u011b\u0161en\u00ed pr\u00e1dla. Ramena jsou 750 mm dlouh\u00e1 a kotv\u00ed se do bo\u010dn\u00edho oblo\u017een\u00ed, a to i u zateplen\u00fdch obytn\u00fdch budov.<\/p>\n<p>Su\u0161\u00e1k je dod\u00e1v\u00e1n s kotevn\u00edm materi\u00e1lem, vysoce pevnou pr\u00e1deln\u00ed \u0161\u0148\u016frou s opletenou silonovou \u0161\u0148\u016frou a polyamidov\u00fdm povrchem o tlou\u0161\u0165ce 3 mm s ukon\u010dovac\u00ed svorkou.<\/p>\n<p><span style=\"color: #ff0000;\">Do pozn\u00e1mky v objedn\u00e1vce uve\u010fte nam\u011b\u0159en\u00e9 rozm\u011bry pro v\u00fdrobu su\u0161i\u010dky podle obr\u00e1zku!<\/span><\/p>\n<p><span style=\"color: #ff0000;\">M\u00e1te-li jak\u00e9koli dotazy k v\u00fdrobku, nev\u00e1hejte n\u00e1s kontaktovat.<\/span><\/p>\n<p>Dod\u00e1n\u00ed do 2 t\u00fddn\u016f<\/p>\n<p><span style=\"font-size: 120%;\"><strong>St\u00e1hnout<\/strong><\/span><\/p>\n<p><a href=\"https:\/\/www.brikol.sk\/wp-content\/uploads\/2023\/01\/Navod-na-montaz-okenneho-susiaka-2.pdf\"><strong><span style=\"font-size: 120%; color: #ffcc00;\">Pokyny pro instalaci su\u0161\u00e1ku<\/span><\/strong><\/a><\/p>\n<p><img loading=\"lazy\" class=\"\" src=\"https:\/\/www.brikol.sk\/wp-content\/uploads\/2023\/01\/okenna-zahradka-4.jpg\" width=\"254\" height=\"191\" \/><\/p>\n","protected":false},"excerpt":{"rendered":"<p>Okenn\u00ed su\u0161\u00e1k je vyroben z hlin\u00edkov\u00e9ho uzav\u0159en\u00e9ho profilu s eloxovanou a pr\u00e1\u0161kovou povrchovou \u00fapravou, kter\u00fd je spojen pod \u00fahlem pomoc\u00ed \u0161roub\u016f a n\u00fdt\u016f z nerezov\u00e9 oceli. Lehk\u00e1, ale velmi pevn\u00e1 konstrukce ramen je zakon\u010dena distan\u010dn\u00ed trubkou p\u0159izp\u016fsobenou \u0161\u00ed\u0159ce okna a\u017e do 2400 mm.<\/p>\n<p>Su\u0161\u00e1k je po instalaci naklon\u011bna sm\u011brem k oknu, co\u017e umo\u017e\u0148uje lep\u0161\u00ed p\u0159\u00edstup k \u0161esti \u0161\u0148\u016fr\u00e1m na zav\u011b\u0161en\u00ed pr\u00e1dla. Ramena jsou 750 mm dlouh\u00e1 a kotv\u00ed se do bo\u010dn\u00edho oblo\u017een\u00ed, a to i u zateplen\u00fdch obytn\u00fdch budov.<\/p>\n<p>Su\u0161\u00e1k je dod\u00e1v\u00e1n s kotevn\u00edm materi\u00e1lem, vysoce pevnou pr\u00e1deln\u00ed \u0161\u0148\u016frou s opletenou silonovou \u0161\u0148\u016frou a polyamidov\u00fdm povrchem o tlou\u0161\u0165ce 3 mm s ukon\u010dovac\u00ed svorkou.<\/p>\n<p><strong><span style=\"text-decoration: underline;\"><span style=\"font-size: 120%;\">St\u00e1hnout<\/span><\/span><\/strong><\/p>\n<p><a href=\"https:\/\/www.brikol.sk\/wp-content\/uploads\/2023\/01\/Navod-na-montaz-okenneho-susiaka-1.pdf\"><strong><span style=\"font-size: 120%; color: #ffcc00;\">Pokyny pro instalaci su\u0161i\u010dky oken<\/span><\/strong><\/a><\/p>\n<p><img loading=\"lazy\" class=\"alignnone wp-image-6708\" src=\"https:\/\/www.brikol.sk\/wp-content\/uploads\/2023\/01\/okenny-susiak-pevny-533x400.jpg\" alt=\"\" width=\"344\" height=\"258\" \/><\/p>\n","protected":false},"featured_media":13112,"comment_status":"open","ping_status":"closed","template":"","meta":[],"product_cat":[68,150],"product_tag":[],"_links":{"self":[{"href":"https:\/\/www.brikol.sk\/cs\/wp-json\/wp\/v2\/product\/18246"}],"collection":[{"href":"https:\/\/www.brikol.sk\/cs\/wp-json\/wp\/v2\/product"}],"about":[{"href":"https:\/\/www.brikol.sk\/cs\/wp-json\/wp\/v2\/types\/product"}],"replies":[{"embeddable":true,"href":"https:\/\/www.brikol.sk\/cs\/wp-json\/wp\/v2\/comments?post=18246"}],"wp:featuredmedia":[{"embeddable":true,"href":"https:\/\/www.brikol.sk\/cs\/wp-json\/wp\/v2\/media\/13112"}],"wp:attachment":[{"href":"https:\/\/www.brikol.sk\/cs\/wp-json\/wp\/v2\/media?parent=18246"}],"wp:term":[{"taxonomy":"product_cat","embeddable":true,"href":"https:\/\/www.brikol.sk\/cs\/wp-json\/wp\/v2\/product_cat?post=18246"},{"taxonomy":"product_tag","embeddable":true,"href":"https:\/\/www.brikol.sk\/cs\/wp-json\/wp\/v2\/product_tag?post=18246"}],"curies":[{"name":"wp","href":"https:\/\/api.w.org\/{rel}","templated":true}]}}