{"id":18268,"date":"2023-01-02T13:55:46","date_gmt":"2023-01-02T12:55:46","guid":{"rendered":"https:\/\/www.brikol.sk\/produkt\/znacky-kanten-fix-ks\/"},"modified":"2026-01-13T12:37:50","modified_gmt":"2026-01-13T11:37:50","slug":"znacky-kanten-fix-ks","status":"publish","type":"product","link":"https:\/\/www.brikol.sk\/cs\/produkt\/znacky-kanten-fix-ks\/","title":{"rendered":"Zna\u010dky Kanten-fix \/ ks"},"content":{"rendered":"<p>Fixa\u010dn\u00ed prost\u0159edek pro opravy n\u00e1t\u011br\u016f a komaxitu &#8211; Kanten-Fix RAL K\u00f6 243 pr\u00e1\u0161kov\u00fd lak. Lakov\u00e9 korek\u010dn\u00ed fixy lze podle specializace pou\u017e\u00edt na lakovan\u00e9 povrchy ze \u017eeleza, hlin\u00edku, d\u0159eva a tak\u00e9 na lamin\u00e1ty, PVC, plastov\u00e9 f\u00f3lie, k\u00e1men, keramiku a sklo. Snadno oprav\u00edte po\u0161kozen\u00fd pr\u00e1\u0161kov\u00fd lak na kovov\u00fdch povr\u0161\u00edch, \u0161kr\u00e1bance na n\u00e1bytku, podlah\u00e1ch, plastov\u00fdch okenn\u00edch profilech, brou\u0161en\u00ed, lemov\u00e1n\u00ed hran a opot\u0159ebovan\u00e9 rohy nebo dopln\u00edte chyb\u011bj\u00edc\u00ed barvu a strukturu povrchu.<\/p>\n<p>Oblasti pou\u017eit\u00ed: Pro opravy drobn\u00fdch po\u0161kozen\u00ed n\u00e1t\u011br\u016f, pr\u00e1\u0161kov\u00fdch barev, komaxitu na kovov\u00fdch konstrukc\u00edch v odst\u00ednech RAL, vhodn\u00e9 pro vnit\u0159n\u00ed i venkovn\u00ed pou\u017eit\u00ed.<\/p>\n<p><a href=\"https:\/\/www.brikol.sk\/wp-content\/uploads\/2022\/12\/Navod-na-pouzitie-Technicky-list.pdf\">N\u00e1vod k pou\u017eit\u00ed &#8211; Technick\u00fd list<\/a><\/p>\n","protected":false},"excerpt":{"rendered":"<p>Korek\u010dn\u00ed fix pro opravy laku Kanten-Fix RAL K\u00f6 243 a komaxitov\u00e9ho pr\u00e1\u0161kov\u00e9ho laku.Korek\u010dn\u00ed fixy lze pou\u017e\u00edt podle specializace na lakovan\u00e9 povrchy ze \u017eeleza, hlin\u00edku, d\u0159eva a tak\u00e9 na lamin\u00e1ty, PVC, plastov\u00e9 f\u00f3lie, k\u00e1men, keramiku a sklo. Snadno oprav\u00edte po\u0161kozen\u00fd pr\u00e1\u0161kov\u00fd lak na kovov\u00fdch povr\u0161\u00edch, \u0161kr\u00e1bance na n\u00e1bytku, podlah\u00e1ch, plastov\u00fdch okenn\u00edch profilech, brou\u0161en\u00ed, lemov\u00e1n\u00ed hran a opot\u0159ebovan\u00e9 rohy nebo dopln\u00edte chyb\u011bj\u00edc\u00ed barvu a strukturu povrchu.<\/p>\n<p>Oblasti pou\u017eit\u00ed: Pro opravy drobn\u00fdch po\u0161kozen\u00ed n\u00e1t\u011br\u016f, pr\u00e1\u0161kov\u00fdch barev, komaxitu na kovov\u00fdch konstrukc\u00edch v odst\u00ednech RAL, vhodn\u00e9 pro vnit\u0159n\u00ed i venkovn\u00ed pou\u017eit\u00ed.<\/p>\n<p><a href=\"https:\/\/www.brikol.sk\/wp-content\/uploads\/2022\/12\/Navod-na-pouzitie-Technicky-list.pdf\">N\u00e1vod k pou\u017eit\u00ed &#8211; Technick\u00fd list<\/a><\/p>\n<p>https:\/\/youtu.be\/ck-a8Pr74g4<\/p>\n","protected":false},"featured_media":13067,"comment_status":"open","ping_status":"closed","template":"","meta":[],"product_cat":[136,128],"product_tag":[],"_links":{"self":[{"href":"https:\/\/www.brikol.sk\/cs\/wp-json\/wp\/v2\/product\/18268"}],"collection":[{"href":"https:\/\/www.brikol.sk\/cs\/wp-json\/wp\/v2\/product"}],"about":[{"href":"https:\/\/www.brikol.sk\/cs\/wp-json\/wp\/v2\/types\/product"}],"replies":[{"embeddable":true,"href":"https:\/\/www.brikol.sk\/cs\/wp-json\/wp\/v2\/comments?post=18268"}],"wp:featuredmedia":[{"embeddable":true,"href":"https:\/\/www.brikol.sk\/cs\/wp-json\/wp\/v2\/media\/13067"}],"wp:attachment":[{"href":"https:\/\/www.brikol.sk\/cs\/wp-json\/wp\/v2\/media?parent=18268"}],"wp:term":[{"taxonomy":"product_cat","embeddable":true,"href":"https:\/\/www.brikol.sk\/cs\/wp-json\/wp\/v2\/product_cat?post=18268"},{"taxonomy":"product_tag","embeddable":true,"href":"https:\/\/www.brikol.sk\/cs\/wp-json\/wp\/v2\/product_tag?post=18268"}],"curies":[{"name":"wp","href":"https:\/\/api.w.org\/{rel}","templated":true}]}}