{"id":18278,"date":"2022-11-26T09:39:25","date_gmt":"2022-11-26T08:39:25","guid":{"rendered":"https:\/\/www.brikol.sk\/produkt\/okenni-zaluzie-isso-1-25-mm\/"},"modified":"2025-04-27T21:17:38","modified_gmt":"2025-04-27T19:17:38","slug":"okenni-zaluzie-isso-1-25-mm","status":"publish","type":"product","link":"https:\/\/www.brikol.sk\/cs\/produkt\/okenni-zaluzie-isso-1-25-mm\/","title":{"rendered":"Okenn\u00ed \u017ealuzie ISSO 1 &#8211; 25 mm"},"content":{"rendered":"<p><strong>\u017daluzie<\/strong> jsou nezbytn\u00fdm dopl\u0148kem ka\u017ed\u00e9ho okna. \u017daluzie jsou vhodn\u00e9 pro plastov\u00e1, ale i d\u0159ev\u011bn\u00e1 eurookna. Libovoln\u00e9 nakl\u00e1p\u011bn\u00ed lamel nab\u00edz\u00ed optim\u00e1ln\u00ed zast\u00edn\u011bn\u00ed interi\u00e9ru, v letn\u00edch m\u011bs\u00edc\u00edch nepropou\u0161t\u011bj\u00ed teplo do m\u00edstnosti a samoz\u0159ejm\u011b poskytuj\u00ed dostatek soukrom\u00ed.<\/p>\n<p>D\u00edky \u0161irok\u00e9 \u0161k\u00e1le barev se <strong>\u017ealuzie <\/strong>p\u0159izp\u016fsob\u00ed ka\u017ed\u00e9mu oknu. Ocen\u00edte tak\u00e9 rychlou mont\u00e1\u017e a snadn\u00e9 ovl\u00e1d\u00e1n\u00ed \u0159et\u011bzem.<\/p>\n<p>Jedn\u00e1 se o modern\u00ed a esteticky vyv\u00e1\u017een\u00e9 <strong>\u017ealuzie<\/strong>.<\/p>\n<p>(dod\u00e1v\u00e1me roletu jako celek &#8211; slo\u017eenou)<\/p>\n<p><strong>Dodac\u00ed lh\u016fta je 5 a\u017e 10 pracovn\u00edch dn\u016f od p\u0159ijet\u00ed platby na n\u00e1\u0161 bankovn\u00ed \u00fa\u010det.<\/strong><\/p>\n<p><strong>Technick\u00e1 specifikace:<\/strong><\/p>\n<table style=\"height: 237px;\" width=\"296\">\n<tbody>\n<tr>\n<td><strong>Typ ovl\u00e1d\u00e1n\u00ed<\/strong><\/td>\n<td colspan=\"3\">\u0159et\u011bz<\/td>\n<\/tr>\n<tr>\n<td><strong>Kontroln\u00ed strana<\/strong><\/td>\n<td colspan=\"3\">vpravo \/ vlevo<\/td>\n<\/tr>\n<tr>\n<td><strong>Instalace<\/strong><\/td>\n<td colspan=\"3\">mezi zaskl\u00edvac\u00edmi li\u0161tami<\/td>\n<\/tr>\n<tr>\n<td colspan=\"2\"><strong>Materi\u00e1l<\/strong><\/td>\n<td>Al<\/td>\n<\/tr>\n<tr>\n<td colspan=\"2\"><strong>\u0160\u00ed\u0159ka lamel<\/strong><\/td>\n<td>25 mm<\/td>\n<\/tr>\n<\/tbody>\n<\/table>\n<p><span style=\"text-decoration: underline;\"><span style=\"font-size: 120%;\"><strong>St\u00e1hnout:<\/strong><\/span><\/span><\/p>\n<p><a href=\"https:\/\/www.brikol.sk\/wp-content\/uploads\/2022\/11\/Navod-na-zameranie.pdf\">Pokyny pro m\u00ed\u0159en\u00ed<\/a><\/p>\n<p><a href=\"https:\/\/www.brikol.sk\/wp-content\/uploads\/2022\/12\/Navod-na-montaz.pdf\">N\u00e1vod k mont\u00e1\u017ei<\/a><\/p>\n","protected":false},"excerpt":{"rendered":"<p>Horizont\u00e1ln\u00ed \u017ealuzie vhodn\u00e9 do interi\u00e9ru. \u0160\u00ed\u0159ka lamel 25 mm.<\/p>\n<p>Cena \u017ealuzi\u00ed se pohybuje od 10,20 \u20ac za kus v z\u00e1vislosti na velikosti.<\/p>\n<p><strong>Dodac\u00ed lh\u016fta je 5 a\u017e 10 pracovn\u00edch dn\u016f od p\u0159ijet\u00ed platby na n\u00e1\u0161 bankovn\u00ed \u00fa\u010det.<\/strong><\/p>\n","protected":false},"featured_media":23561,"comment_status":"open","ping_status":"closed","template":"","meta":[],"product_cat":[134,68],"product_tag":[],"_links":{"self":[{"href":"https:\/\/www.brikol.sk\/cs\/wp-json\/wp\/v2\/product\/18278"}],"collection":[{"href":"https:\/\/www.brikol.sk\/cs\/wp-json\/wp\/v2\/product"}],"about":[{"href":"https:\/\/www.brikol.sk\/cs\/wp-json\/wp\/v2\/types\/product"}],"replies":[{"embeddable":true,"href":"https:\/\/www.brikol.sk\/cs\/wp-json\/wp\/v2\/comments?post=18278"}],"wp:featuredmedia":[{"embeddable":true,"href":"https:\/\/www.brikol.sk\/cs\/wp-json\/wp\/v2\/media\/23561"}],"wp:attachment":[{"href":"https:\/\/www.brikol.sk\/cs\/wp-json\/wp\/v2\/media?parent=18278"}],"wp:term":[{"taxonomy":"product_cat","embeddable":true,"href":"https:\/\/www.brikol.sk\/cs\/wp-json\/wp\/v2\/product_cat?post=18278"},{"taxonomy":"product_tag","embeddable":true,"href":"https:\/\/www.brikol.sk\/cs\/wp-json\/wp\/v2\/product_tag?post=18278"}],"curies":[{"name":"wp","href":"https:\/\/api.w.org\/{rel}","templated":true}]}}