{"id":18282,"date":"2022-07-01T08:08:23","date_gmt":"2022-07-01T06:08:23","guid":{"rendered":"https:\/\/www.brikol.sk\/produkt\/montazni-rukojet-roto-ks\/"},"modified":"2026-01-13T12:38:27","modified_gmt":"2026-01-13T11:38:27","slug":"montazni-rukojet-roto-ks","status":"publish","type":"product","link":"https:\/\/www.brikol.sk\/cs\/produkt\/montazni-rukojet-roto-ks\/","title":{"rendered":"Mont\u00e1\u017en\u00ed rukoje\u0165 ROTO \/ ks"},"content":{"rendered":"<p>Mont\u00e1\u017en\u00ed klika ROTO se pou\u017e\u00edv\u00e1 p\u0159edev\u0161\u00edm p\u0159i mont\u00e1\u017ei oken, u kter\u00fdch nejsou na k\u0159\u00eddlech namontov\u00e1ny kliky. Je to rychl\u00fd pomocn\u00edk, proto\u017ee rukoje\u0165 uvoln\u00ed a vyt\u00e1hne horn\u00ed zaji\u0161\u0165ovac\u00ed kol\u00edk ze z\u00e1v\u011bsu. Mont\u00e1\u017en\u00ed madlo se pou\u017e\u00edv\u00e1 tak\u00e9 na stavb\u00e1ch, kde prob\u00edhaj\u00ed jin\u00e9 stavebn\u00ed pr\u00e1ce, aby se zabr\u00e1nilo po\u0161kozen\u00ed nebo zne\u010di\u0161t\u011bn\u00ed okenn\u00edch klik. Rukoje\u0165 lze pou\u017e\u00edt i na jin\u00e9 kov\u00e1n\u00ed, nap\u0159\u00edklad Siegenia.<\/p>\n<p>Rukoje\u0165 je ur\u010dena pro kov\u00e1n\u00ed ROTO<\/p>\n","protected":false},"excerpt":{"rendered":"<p>Mont\u00e1\u017en\u00ed klika ROTO se pou\u017e\u00edv\u00e1 p\u0159edev\u0161\u00edm p\u0159i mont\u00e1\u017ei oken, u kter\u00fdch nejsou na k\u0159\u00eddlech namontov\u00e1ny kliky. Je to rychl\u00fd pomocn\u00edk, proto\u017ee rukoje\u0165 uvoln\u00ed a vyt\u00e1hne horn\u00ed zaji\u0161\u0165ovac\u00ed kol\u00edk ze z\u00e1v\u011bsu. Mont\u00e1\u017en\u00ed madlo se pou\u017e\u00edv\u00e1 tak\u00e9 na stavb\u00e1ch, kde prob\u00edhaj\u00ed jin\u00e9 stavebn\u00ed pr\u00e1ce, aby se zabr\u00e1nilo po\u0161kozen\u00ed nebo zne\u010di\u0161t\u011bn\u00ed okenn\u00edch klik. Rukoje\u0165 lze pou\u017e\u00edt i na jin\u00e9 kov\u00e1n\u00ed, nap\u0159\u00edklad Siegenia.<\/p>\n<p>Rukoje\u0165 je ur\u010dena pro kov\u00e1n\u00ed ROTO<\/p>\n","protected":false},"featured_media":14217,"comment_status":"open","ping_status":"closed","template":"","meta":[],"product_cat":[136,128],"product_tag":[],"_links":{"self":[{"href":"https:\/\/www.brikol.sk\/cs\/wp-json\/wp\/v2\/product\/18282"}],"collection":[{"href":"https:\/\/www.brikol.sk\/cs\/wp-json\/wp\/v2\/product"}],"about":[{"href":"https:\/\/www.brikol.sk\/cs\/wp-json\/wp\/v2\/types\/product"}],"replies":[{"embeddable":true,"href":"https:\/\/www.brikol.sk\/cs\/wp-json\/wp\/v2\/comments?post=18282"}],"wp:featuredmedia":[{"embeddable":true,"href":"https:\/\/www.brikol.sk\/cs\/wp-json\/wp\/v2\/media\/14217"}],"wp:attachment":[{"href":"https:\/\/www.brikol.sk\/cs\/wp-json\/wp\/v2\/media?parent=18282"}],"wp:term":[{"taxonomy":"product_cat","embeddable":true,"href":"https:\/\/www.brikol.sk\/cs\/wp-json\/wp\/v2\/product_cat?post=18282"},{"taxonomy":"product_tag","embeddable":true,"href":"https:\/\/www.brikol.sk\/cs\/wp-json\/wp\/v2\/product_tag?post=18282"}],"curies":[{"name":"wp","href":"https:\/\/api.w.org\/{rel}","templated":true}]}}