{"id":18283,"date":"2021-12-14T08:53:33","date_gmt":"2021-12-14T07:53:33","guid":{"rendered":"https:\/\/www.brikol.sk\/produkt\/zebrik-a-fixacni-snura-ks\/"},"modified":"2021-12-14T08:53:33","modified_gmt":"2021-12-14T07:53:33","slug":"zebrik-a-fixacni-snura-ks","status":"publish","type":"product","link":"https:\/\/www.brikol.sk\/cs\/produkt\/zebrik-a-fixacni-snura-ks\/","title":{"rendered":"\u017deb\u0159\u00edk a fixa\u010dn\u00ed \u0161\u0148\u016fra \/ ks"},"content":{"rendered":"<p>\u017deb\u0159\u00edk a upev\u0148ovac\u00ed \u0161\u0148\u016fra jsou ur\u010deny pro \u017ealuzie ovl\u00e1dan\u00e9 h\u016flkou a \u0161\u0148\u016frou. Fix\u00e1tor je um\u00edst\u011bn na spodn\u00edm profilu vn\u011bj\u0161\u00ed pr\u016fm\u011br je 11 mm, vnit\u0159n\u00ed pr\u016fm\u011br je 5 mm, v\u00fd\u0161ka je 8 mm.<\/p>\n","protected":false},"excerpt":{"rendered":"<p>\u017deb\u0159\u00edk a upev\u0148ovac\u00ed \u0161\u0148\u016fra jsou ur\u010deny pro \u017ealuzie ovl\u00e1dan\u00e9 h\u016flkou a \u0161\u0148\u016frou. Fix\u00e1tor je um\u00edst\u011bn na spodn\u00edm profilu vn\u011bj\u0161\u00ed pr\u016fm\u011br je 11 mm, vnit\u0159n\u00ed pr\u016fm\u011br je 5 mm, v\u00fd\u0161ka je 8 mm.<\/p>\n","protected":false},"featured_media":13622,"comment_status":"open","ping_status":"closed","template":"","meta":[],"product_cat":[133],"product_tag":[],"_links":{"self":[{"href":"https:\/\/www.brikol.sk\/cs\/wp-json\/wp\/v2\/product\/18283"}],"collection":[{"href":"https:\/\/www.brikol.sk\/cs\/wp-json\/wp\/v2\/product"}],"about":[{"href":"https:\/\/www.brikol.sk\/cs\/wp-json\/wp\/v2\/types\/product"}],"replies":[{"embeddable":true,"href":"https:\/\/www.brikol.sk\/cs\/wp-json\/wp\/v2\/comments?post=18283"}],"wp:featuredmedia":[{"embeddable":true,"href":"https:\/\/www.brikol.sk\/cs\/wp-json\/wp\/v2\/media\/13622"}],"wp:attachment":[{"href":"https:\/\/www.brikol.sk\/cs\/wp-json\/wp\/v2\/media?parent=18283"}],"wp:term":[{"taxonomy":"product_cat","embeddable":true,"href":"https:\/\/www.brikol.sk\/cs\/wp-json\/wp\/v2\/product_cat?post=18283"},{"taxonomy":"product_tag","embeddable":true,"href":"https:\/\/www.brikol.sk\/cs\/wp-json\/wp\/v2\/product_tag?post=18283"}],"curies":[{"name":"wp","href":"https:\/\/api.w.org\/{rel}","templated":true}]}}