{"id":18290,"date":"2021-10-05T13:38:26","date_gmt":"2021-10-05T11:38:26","guid":{"rendered":"https:\/\/www.brikol.sk\/produkt\/ovladac-pro-meziokenni-zaluzie-bily-ks\/"},"modified":"2021-10-05T13:38:26","modified_gmt":"2021-10-05T11:38:26","slug":"ovladac-pro-meziokenni-zaluzie-bily-ks","status":"publish","type":"product","link":"https:\/\/www.brikol.sk\/cs\/produkt\/ovladac-pro-meziokenni-zaluzie-bily-ks\/","title":{"rendered":"Ovlada\u010d pro meziokenn\u00ed \u017ealuzie b\u00edl\u00fd \/ ks"},"content":{"rendered":"<p>Ovlada\u010d pro meziokenn\u00ed \u017ealuzie ur\u010den\u00fd pro \u017ealuzie ovl\u00e1dan\u00e9 h\u016flkou a \u0161\u0148\u016frou.<\/p>\n<p>Rozm\u011br: pr\u016fm\u011br 4 mm<\/p>\n","protected":false},"excerpt":{"rendered":"<p>Ovlada\u010d pro meziokenn\u00ed \u017ealuzie ur\u010den\u00fd pro \u017ealuzie ovl\u00e1dan\u00e9 h\u016flkou a \u0161\u0148\u016frou.<\/p>\n<p>Rozm\u011br: pr\u016fm\u011br 4 mm<\/p>\n","protected":false},"featured_media":17432,"comment_status":"open","ping_status":"closed","template":"","meta":[],"product_cat":[132,133],"product_tag":[],"_links":{"self":[{"href":"https:\/\/www.brikol.sk\/cs\/wp-json\/wp\/v2\/product\/18290"}],"collection":[{"href":"https:\/\/www.brikol.sk\/cs\/wp-json\/wp\/v2\/product"}],"about":[{"href":"https:\/\/www.brikol.sk\/cs\/wp-json\/wp\/v2\/types\/product"}],"replies":[{"embeddable":true,"href":"https:\/\/www.brikol.sk\/cs\/wp-json\/wp\/v2\/comments?post=18290"}],"wp:featuredmedia":[{"embeddable":true,"href":"https:\/\/www.brikol.sk\/cs\/wp-json\/wp\/v2\/media\/17432"}],"wp:attachment":[{"href":"https:\/\/www.brikol.sk\/cs\/wp-json\/wp\/v2\/media?parent=18290"}],"wp:term":[{"taxonomy":"product_cat","embeddable":true,"href":"https:\/\/www.brikol.sk\/cs\/wp-json\/wp\/v2\/product_cat?post=18290"},{"taxonomy":"product_tag","embeddable":true,"href":"https:\/\/www.brikol.sk\/cs\/wp-json\/wp\/v2\/product_tag?post=18290"}],"curies":[{"name":"wp","href":"https:\/\/api.w.org\/{rel}","templated":true}]}}