{"id":18295,"date":"2021-10-05T13:36:25","date_gmt":"2021-10-05T11:36:25","guid":{"rendered":"https:\/\/www.brikol.sk\/produkt\/plastova-tyc-cira-ks\/"},"modified":"2021-10-05T13:36:25","modified_gmt":"2021-10-05T11:36:25","slug":"plastova-tyc-cira-ks","status":"publish","type":"product","link":"https:\/\/www.brikol.sk\/cs\/produkt\/plastova-tyc-cira-ks\/","title":{"rendered":"Plastov\u00e1 ty\u010d \u010dir\u00e1 \/ ks"},"content":{"rendered":"<p>Plastov\u00e1 ty\u010d ur\u010den\u00e1 pro \u017ealuzie ovl\u00e1dan\u00e9 h\u016flkou a \u0161\u0148\u016frou, plastov\u00e1 ty\u010d je \u0161estihrann\u00e9ho tvaru s koncovkou a tak\u00e9 s h\u00e1\u010dkem.<\/p>\n<p>Pr\u016fm\u011br ty\u010de: 8 mm<\/p>\n","protected":false},"excerpt":{"rendered":"<p>Plastov\u00e1 ty\u010d ur\u010den\u00e1 pro \u017ealuzie ovl\u00e1dan\u00e9 h\u016flkou a \u0161\u0148\u016frou, plastov\u00e1 ty\u010d je \u0161estihrann\u00e9ho tvaru s koncovkou a tak\u00e9 s h\u00e1\u010dkem.<\/p>\n<p>Pr\u016fm\u011br ty\u010de: 8 mm<\/p>\n","protected":false},"featured_media":13942,"comment_status":"open","ping_status":"closed","template":"","meta":[],"product_cat":[132,133],"product_tag":[],"_links":{"self":[{"href":"https:\/\/www.brikol.sk\/cs\/wp-json\/wp\/v2\/product\/18295"}],"collection":[{"href":"https:\/\/www.brikol.sk\/cs\/wp-json\/wp\/v2\/product"}],"about":[{"href":"https:\/\/www.brikol.sk\/cs\/wp-json\/wp\/v2\/types\/product"}],"replies":[{"embeddable":true,"href":"https:\/\/www.brikol.sk\/cs\/wp-json\/wp\/v2\/comments?post=18295"}],"wp:featuredmedia":[{"embeddable":true,"href":"https:\/\/www.brikol.sk\/cs\/wp-json\/wp\/v2\/media\/13942"}],"wp:attachment":[{"href":"https:\/\/www.brikol.sk\/cs\/wp-json\/wp\/v2\/media?parent=18295"}],"wp:term":[{"taxonomy":"product_cat","embeddable":true,"href":"https:\/\/www.brikol.sk\/cs\/wp-json\/wp\/v2\/product_cat?post=18295"},{"taxonomy":"product_tag","embeddable":true,"href":"https:\/\/www.brikol.sk\/cs\/wp-json\/wp\/v2\/product_tag?post=18295"}],"curies":[{"name":"wp","href":"https:\/\/api.w.org\/{rel}","templated":true}]}}