{"id":18300,"date":"2021-10-01T14:16:07","date_gmt":"2021-10-01T12:16:07","guid":{"rendered":"https:\/\/www.brikol.sk\/produkt\/hacek-na-ovladaci-tyc-ks\/"},"modified":"2021-10-01T14:16:07","modified_gmt":"2021-10-01T12:16:07","slug":"hacek-na-ovladaci-tyc-ks","status":"publish","type":"product","link":"https:\/\/www.brikol.sk\/cs\/produkt\/hacek-na-ovladaci-tyc-ks\/","title":{"rendered":"H\u00e1\u010dek na ovl\u00e1dac\u00ed ty\u010d \/ ks"},"content":{"rendered":"<p>H\u00e1\u010dek ovl\u00e1dac\u00ed ty\u010de vnit\u0159n\u00ed \u017ealuzie. H\u00e1\u010dek je ur\u010den pro plastovou \u0161estihrannou ty\u010d pro ovl\u00e1d\u00e1n\u00ed \u017ealuzi\u00ed pomoc\u00ed \u0161\u0148\u016fry a h\u016flky.<\/p>\n<p>Rozm\u011bry: \u0161\u00ed\u0159ka 10 mm, v\u00fd\u0161ka 25 mm<\/p>\n","protected":false},"excerpt":{"rendered":"<p>H\u00e1\u010dek ovl\u00e1dac\u00ed ty\u010de vnit\u0159n\u00ed \u017ealuzie. H\u00e1\u010dek je ur\u010den pro plastovou \u0161estihrannou ty\u010d pro ovl\u00e1d\u00e1n\u00ed \u017ealuzi\u00ed pomoc\u00ed \u0161\u0148\u016fry a h\u016flky.<\/p>\n<p>Rozm\u011bry: \u0161\u00ed\u0159ka 10 mm, v\u00fd\u0161ka 25 mm<\/p>\n","protected":false},"featured_media":22146,"comment_status":"open","ping_status":"closed","template":"","meta":[],"product_cat":[132,133],"product_tag":[],"_links":{"self":[{"href":"https:\/\/www.brikol.sk\/cs\/wp-json\/wp\/v2\/product\/18300"}],"collection":[{"href":"https:\/\/www.brikol.sk\/cs\/wp-json\/wp\/v2\/product"}],"about":[{"href":"https:\/\/www.brikol.sk\/cs\/wp-json\/wp\/v2\/types\/product"}],"replies":[{"embeddable":true,"href":"https:\/\/www.brikol.sk\/cs\/wp-json\/wp\/v2\/comments?post=18300"}],"wp:featuredmedia":[{"embeddable":true,"href":"https:\/\/www.brikol.sk\/cs\/wp-json\/wp\/v2\/media\/22146"}],"wp:attachment":[{"href":"https:\/\/www.brikol.sk\/cs\/wp-json\/wp\/v2\/media?parent=18300"}],"wp:term":[{"taxonomy":"product_cat","embeddable":true,"href":"https:\/\/www.brikol.sk\/cs\/wp-json\/wp\/v2\/product_cat?post=18300"},{"taxonomy":"product_tag","embeddable":true,"href":"https:\/\/www.brikol.sk\/cs\/wp-json\/wp\/v2\/product_tag?post=18300"}],"curies":[{"name":"wp","href":"https:\/\/api.w.org\/{rel}","templated":true}]}}