{"id":18301,"date":"2021-10-01T14:08:45","date_gmt":"2021-10-01T12:08:45","guid":{"rendered":"https:\/\/www.brikol.sk\/produkt\/sroubovy-naklapeci-mechanismus-ks\/"},"modified":"2021-10-01T14:08:45","modified_gmt":"2021-10-01T12:08:45","slug":"sroubovy-naklapeci-mechanismus-ks","status":"publish","type":"product","link":"https:\/\/www.brikol.sk\/cs\/produkt\/sroubovy-naklapeci-mechanismus-ks\/","title":{"rendered":"\u0160roubov\u00fd nakl\u00e1p\u011bc\u00ed mechanismus \/ ks"},"content":{"rendered":"<p>\u0160nekov\u00fd nakl\u00e1p\u011bc\u00ed mechanismus pro vnit\u0159n\u00ed \u017ealuzie ovl\u00e1dan\u00fd h\u016flkou a \u0161\u0148\u016frou. \u0160nekov\u00fd mechanismus se montuje do horn\u00edho profilu \u017ealuzie.<\/p>\n<p>Rozm\u011bry: \u0161\u00ed\u0159ka 13 mm, v\u00fd\u0161ka 30 mm<\/p>\n","protected":false},"excerpt":{"rendered":"<p>\u0160nekov\u00fd nakl\u00e1p\u011bc\u00ed mechanismus pro vnit\u0159n\u00ed \u017ealuzie ovl\u00e1dan\u00fd h\u016flkou a \u0161\u0148\u016frou. \u0160nekov\u00fd mechanismus se montuje do horn\u00edho profilu \u017ealuzie.<\/p>\n<p>Rozm\u011bry: \u0161\u00ed\u0159ka 13 mm, v\u00fd\u0161ka 30 mm<\/p>\n","protected":false},"featured_media":15762,"comment_status":"open","ping_status":"closed","template":"","meta":[],"product_cat":[132,133],"product_tag":[],"_links":{"self":[{"href":"https:\/\/www.brikol.sk\/cs\/wp-json\/wp\/v2\/product\/18301"}],"collection":[{"href":"https:\/\/www.brikol.sk\/cs\/wp-json\/wp\/v2\/product"}],"about":[{"href":"https:\/\/www.brikol.sk\/cs\/wp-json\/wp\/v2\/types\/product"}],"replies":[{"embeddable":true,"href":"https:\/\/www.brikol.sk\/cs\/wp-json\/wp\/v2\/comments?post=18301"}],"wp:featuredmedia":[{"embeddable":true,"href":"https:\/\/www.brikol.sk\/cs\/wp-json\/wp\/v2\/media\/15762"}],"wp:attachment":[{"href":"https:\/\/www.brikol.sk\/cs\/wp-json\/wp\/v2\/media?parent=18301"}],"wp:term":[{"taxonomy":"product_cat","embeddable":true,"href":"https:\/\/www.brikol.sk\/cs\/wp-json\/wp\/v2\/product_cat?post=18301"},{"taxonomy":"product_tag","embeddable":true,"href":"https:\/\/www.brikol.sk\/cs\/wp-json\/wp\/v2\/product_tag?post=18301"}],"curies":[{"name":"wp","href":"https:\/\/api.w.org\/{rel}","templated":true}]}}