{"id":18303,"date":"2021-09-24T09:32:04","date_gmt":"2021-09-24T07:32:04","guid":{"rendered":"https:\/\/www.brikol.sk\/produkt\/gumova-zatka-pro-rukojet-cira-ks\/"},"modified":"2026-01-13T12:48:53","modified_gmt":"2026-01-13T11:48:53","slug":"gumova-zatka-pro-rukojet-cira-ks","status":"publish","type":"product","link":"https:\/\/www.brikol.sk\/cs\/produkt\/gumova-zatka-pro-rukojet-cira-ks\/","title":{"rendered":"Gumov\u00e1 z\u00e1tka pro rukoje\u0165 \u010dir\u00e1 \/ ks"},"content":{"rendered":"<p>Gumov\u00e1 zar\u00e1\u017eka na madle dve\u0159\u00ed udr\u017euje st\u011bny neporu\u0161en\u00e9. Um\u00edst\u00ed se na kliku dve\u0159\u00ed, \u010d\u00edm\u017e se zabr\u00e1n\u00ed po\u0161kozen\u00ed a otisk\u016fm na st\u011bn\u00e1ch a z\u00e1rove\u0148 se zabr\u00e1n\u00ed po\u0161kozen\u00ed kliky.<\/p>\n<p>Dno nen\u00ed t\u0159eba lepit. Lze jej snadno p\u0159em\u00edstit podle pot\u0159eby. D\u00edky sv\u00e9mu bezbarv\u00e9mu vzhledu se hod\u00ed do ka\u017ed\u00e9ho prostoru.<\/p>\n<p>&nbsp;<\/p>\n","protected":false},"excerpt":{"rendered":"<p>Pru\u017en\u00e1 bezbarv\u00e1 zar\u00e1\u017eka kliky dve\u0159\u00ed, chr\u00e1n\u00ed p\u0159ed n\u00e1razem do zdi.<\/p>\n","protected":false},"featured_media":15742,"comment_status":"open","ping_status":"closed","template":"","meta":[],"product_cat":[136,127,222],"product_tag":[],"_links":{"self":[{"href":"https:\/\/www.brikol.sk\/cs\/wp-json\/wp\/v2\/product\/18303"}],"collection":[{"href":"https:\/\/www.brikol.sk\/cs\/wp-json\/wp\/v2\/product"}],"about":[{"href":"https:\/\/www.brikol.sk\/cs\/wp-json\/wp\/v2\/types\/product"}],"replies":[{"embeddable":true,"href":"https:\/\/www.brikol.sk\/cs\/wp-json\/wp\/v2\/comments?post=18303"}],"wp:featuredmedia":[{"embeddable":true,"href":"https:\/\/www.brikol.sk\/cs\/wp-json\/wp\/v2\/media\/15742"}],"wp:attachment":[{"href":"https:\/\/www.brikol.sk\/cs\/wp-json\/wp\/v2\/media?parent=18303"}],"wp:term":[{"taxonomy":"product_cat","embeddable":true,"href":"https:\/\/www.brikol.sk\/cs\/wp-json\/wp\/v2\/product_cat?post=18303"},{"taxonomy":"product_tag","embeddable":true,"href":"https:\/\/www.brikol.sk\/cs\/wp-json\/wp\/v2\/product_tag?post=18303"}],"curies":[{"name":"wp","href":"https:\/\/api.w.org\/{rel}","templated":true}]}}