{"id":18304,"date":"2021-09-23T13:05:25","date_gmt":"2021-09-23T11:05:25","guid":{"rendered":"https:\/\/www.brikol.sk\/produkt\/spirala-10-cm-bila-ks\/"},"modified":"2021-09-23T13:05:25","modified_gmt":"2021-09-23T11:05:25","slug":"spirala-10-cm-bila-ks","status":"publish","type":"product","link":"https:\/\/www.brikol.sk\/cs\/produkt\/spirala-10-cm-bila-ks\/","title":{"rendered":"Spir\u00e1la 10 cm b\u00edl\u00e1 \/ ks"},"content":{"rendered":"<p>Pr\u016fchodka se pou\u017e\u00edv\u00e1 u meziskeln\u00edch \u017ealuzi\u00ed, slou\u017e\u00ed k provle\u010den\u00ed ovl\u00e1d\u00e1n\u00ed (\u0161\u0148\u016fry a t\u00e1hla).<br \/>\nP\u0159ipev\u0148uje se dv\u011bma \u0161rouby (\u010depy) k horn\u00ed \u010d\u00e1sti okna (nejsou sou\u010d\u00e1st\u00ed dod\u00e1vky).<br \/>\nPru\u017eina vede t\u00e1hlo tak, aby byl zaji\u0161t\u011bn hladk\u00fd chod, otvor nad pru\u017einou slou\u017e\u00ed k vyveden\u00ed bouden, ke kter\u00e9mu se p\u0159ipojuje t\u00e1hlo \u017ealuzie.<\/p>\n<p>V\u00fd\u0161ka 44 mm, \u0161\u00ed\u0159ka 16 mm, d\u00e9lka 100 mm<\/p>\n","protected":false},"excerpt":{"rendered":"<p>Pr\u016fchodka se pou\u017e\u00edv\u00e1 u meziskeln\u00edch \u017ealuzi\u00ed, slou\u017e\u00ed k provle\u010den\u00ed ovl\u00e1d\u00e1n\u00ed (\u0161\u0148\u016fry a t\u00e1hla). P\u0159ipev\u0148uje se dv\u011bma \u0161rouby (\u010depy) k horn\u00ed \u010d\u00e1sti okna (nejsou sou\u010d\u00e1st\u00ed dod\u00e1vky). Pru\u017eina vede t\u00e1hlo tak, aby byl zaji\u0161t\u011bn hladk\u00fd chod, otvor nad pru\u017einou slou\u017e\u00ed k vyveden\u00ed bouden, ke kter\u00e9mu se p\u0159ipojuje t\u00e1hlo \u017ealuzie. V\u00fd\u0161ka 44 mm, \u0161\u00ed\u0159ka 16 mm, d\u00e9lka 100 [&hellip;]\n","protected":false},"featured_media":13837,"comment_status":"open","ping_status":"closed","template":"","meta":[],"product_cat":[132,133],"product_tag":[],"_links":{"self":[{"href":"https:\/\/www.brikol.sk\/cs\/wp-json\/wp\/v2\/product\/18304"}],"collection":[{"href":"https:\/\/www.brikol.sk\/cs\/wp-json\/wp\/v2\/product"}],"about":[{"href":"https:\/\/www.brikol.sk\/cs\/wp-json\/wp\/v2\/types\/product"}],"replies":[{"embeddable":true,"href":"https:\/\/www.brikol.sk\/cs\/wp-json\/wp\/v2\/comments?post=18304"}],"wp:featuredmedia":[{"embeddable":true,"href":"https:\/\/www.brikol.sk\/cs\/wp-json\/wp\/v2\/media\/13837"}],"wp:attachment":[{"href":"https:\/\/www.brikol.sk\/cs\/wp-json\/wp\/v2\/media?parent=18304"}],"wp:term":[{"taxonomy":"product_cat","embeddable":true,"href":"https:\/\/www.brikol.sk\/cs\/wp-json\/wp\/v2\/product_cat?post=18304"},{"taxonomy":"product_tag","embeddable":true,"href":"https:\/\/www.brikol.sk\/cs\/wp-json\/wp\/v2\/product_tag?post=18304"}],"curies":[{"name":"wp","href":"https:\/\/api.w.org\/{rel}","templated":true}]}}