{"id":18305,"date":"2021-09-16T15:25:26","date_gmt":"2021-09-16T13:25:26","guid":{"rendered":"https:\/\/www.brikol.sk\/produkt\/kryt-sada-pritlacnych-zavesu\/"},"modified":"2021-09-16T15:25:26","modified_gmt":"2021-09-16T13:25:26","slug":"kryt-sada-pritlacnych-zavesu","status":"publish","type":"product","link":"https:\/\/www.brikol.sk\/cs\/produkt\/kryt-sada-pritlacnych-zavesu\/","title":{"rendered":"Kryt \/ sada p\u0159\u00edtla\u010dn\u00fdch z\u00e1v\u011bs\u016f"},"content":{"rendered":"<p>Kryt p\u0159\u00edtla\u010dn\u00e9ho z\u00e1v\u011bsu obsahuje 1 kryt r\u00e1mu a 1 kryt k\u0159\u00eddla. V\u00ed\u010dka se nasazuj\u00ed na p\u0159\u00edtla\u010dnou \u010d\u00e1st z\u00e1v\u011bsu.<\/p>\n<p>&nbsp;<\/p>\n<p>&nbsp;<\/p>\n","protected":false},"excerpt":{"rendered":"<p>Kryt p\u0159\u00edtla\u010dn\u00e9ho z\u00e1v\u011bsu<\/p>\n","protected":false},"featured_media":15272,"comment_status":"open","ping_status":"closed","template":"","meta":[],"product_cat":[136,221,146,222],"product_tag":[],"_links":{"self":[{"href":"https:\/\/www.brikol.sk\/cs\/wp-json\/wp\/v2\/product\/18305"}],"collection":[{"href":"https:\/\/www.brikol.sk\/cs\/wp-json\/wp\/v2\/product"}],"about":[{"href":"https:\/\/www.brikol.sk\/cs\/wp-json\/wp\/v2\/types\/product"}],"replies":[{"embeddable":true,"href":"https:\/\/www.brikol.sk\/cs\/wp-json\/wp\/v2\/comments?post=18305"}],"wp:featuredmedia":[{"embeddable":true,"href":"https:\/\/www.brikol.sk\/cs\/wp-json\/wp\/v2\/media\/15272"}],"wp:attachment":[{"href":"https:\/\/www.brikol.sk\/cs\/wp-json\/wp\/v2\/media?parent=18305"}],"wp:term":[{"taxonomy":"product_cat","embeddable":true,"href":"https:\/\/www.brikol.sk\/cs\/wp-json\/wp\/v2\/product_cat?post=18305"},{"taxonomy":"product_tag","embeddable":true,"href":"https:\/\/www.brikol.sk\/cs\/wp-json\/wp\/v2\/product_tag?post=18305"}],"curies":[{"name":"wp","href":"https:\/\/api.w.org\/{rel}","templated":true}]}}