{"id":18309,"date":"2021-08-17T14:55:22","date_gmt":"2021-08-17T12:55:22","guid":{"rendered":"https:\/\/www.brikol.sk\/produkt\/drzak-ovladaci-tyce-ks\/"},"modified":"2021-08-17T14:55:22","modified_gmt":"2021-08-17T12:55:22","slug":"drzak-ovladaci-tyce-ks","status":"publish","type":"product","link":"https:\/\/www.brikol.sk\/cs\/produkt\/drzak-ovladaci-tyce-ks\/","title":{"rendered":"Dr\u017e\u00e1k ovl\u00e1dac\u00ed ty\u010de \/ ks"},"content":{"rendered":"<p>Dr\u017e\u00e1k ovl\u00e1dac\u00ed ty\u010de pro vnit\u0159n\u00ed \u017ealuzie.<\/p>\n","protected":false},"excerpt":{"rendered":"<p>Dr\u017e\u00e1k ovl\u00e1dac\u00ed ty\u010de slou\u017e\u00ed k uchycen\u00ed ty\u010de (t\u00e1hla), kter\u00e1 ot\u00e1\u010d\u00ed lamelami \u017ealuzie.<\/p>\n","protected":false},"featured_media":13332,"comment_status":"closed","ping_status":"closed","template":"","meta":[],"product_cat":[132,133],"product_tag":[],"_links":{"self":[{"href":"https:\/\/www.brikol.sk\/cs\/wp-json\/wp\/v2\/product\/18309"}],"collection":[{"href":"https:\/\/www.brikol.sk\/cs\/wp-json\/wp\/v2\/product"}],"about":[{"href":"https:\/\/www.brikol.sk\/cs\/wp-json\/wp\/v2\/types\/product"}],"replies":[{"embeddable":true,"href":"https:\/\/www.brikol.sk\/cs\/wp-json\/wp\/v2\/comments?post=18309"}],"wp:featuredmedia":[{"embeddable":true,"href":"https:\/\/www.brikol.sk\/cs\/wp-json\/wp\/v2\/media\/13332"}],"wp:attachment":[{"href":"https:\/\/www.brikol.sk\/cs\/wp-json\/wp\/v2\/media?parent=18309"}],"wp:term":[{"taxonomy":"product_cat","embeddable":true,"href":"https:\/\/www.brikol.sk\/cs\/wp-json\/wp\/v2\/product_cat?post=18309"},{"taxonomy":"product_tag","embeddable":true,"href":"https:\/\/www.brikol.sk\/cs\/wp-json\/wp\/v2\/product_tag?post=18309"}],"curies":[{"name":"wp","href":"https:\/\/api.w.org\/{rel}","templated":true}]}}