{"id":18314,"date":"2021-08-17T14:34:27","date_gmt":"2021-08-17T12:34:27","guid":{"rendered":"https:\/\/www.brikol.sk\/produkt\/snurove-kolo-ks\/"},"modified":"2021-08-17T14:34:27","modified_gmt":"2021-08-17T12:34:27","slug":"snurove-kolo-ks","status":"publish","type":"product","link":"https:\/\/www.brikol.sk\/cs\/produkt\/snurove-kolo-ks\/","title":{"rendered":"\u0160\u0148\u016frov\u00e9 kolo \/ ks"},"content":{"rendered":"<p>Ta\u017en\u00e9 kole\u010dko pro vnit\u0159n\u00ed \u017ealuzie. Kolo je v\u010detn\u011b \u0161roubu.<\/p>\n<p>Pou\u017e\u00edv\u00e1 se k aretaci \u0161\u0148\u016fry \u017ealuzi\u00ed. Zachycen\u00edm \u0161\u0148\u016fry na kole\u010dku udr\u017eujeme \u017ealuzii v po\u017eadovan\u00e9 poloze nebo zcela vyta\u017eenou.<\/p>\n<p>pr\u016fm\u011br 17 mm<\/p>\n","protected":false},"excerpt":{"rendered":"<p>Kole\u010dko pro vytahov\u00e1n\u00ed \u0161\u0148\u016fry u vnit\u0159n\u00edch \u017ealuzi\u00ed. Kolo je v\u010detn\u011b \u0161roubu.<\/p>\n<p>Pou\u017e\u00edv\u00e1 se k aretaci \u0161\u0148\u016fry \u017ealuzi\u00ed. Zachycen\u00edm \u0161\u0148\u016fry na kole\u010dku udr\u017eujeme \u017ealuzii v po\u017eadovan\u00e9 poloze nebo zcela vyta\u017eenou.<\/p>\n","protected":false},"featured_media":13312,"comment_status":"closed","ping_status":"closed","template":"","meta":[],"product_cat":[132,133],"product_tag":[],"_links":{"self":[{"href":"https:\/\/www.brikol.sk\/cs\/wp-json\/wp\/v2\/product\/18314"}],"collection":[{"href":"https:\/\/www.brikol.sk\/cs\/wp-json\/wp\/v2\/product"}],"about":[{"href":"https:\/\/www.brikol.sk\/cs\/wp-json\/wp\/v2\/types\/product"}],"replies":[{"embeddable":true,"href":"https:\/\/www.brikol.sk\/cs\/wp-json\/wp\/v2\/comments?post=18314"}],"wp:featuredmedia":[{"embeddable":true,"href":"https:\/\/www.brikol.sk\/cs\/wp-json\/wp\/v2\/media\/13312"}],"wp:attachment":[{"href":"https:\/\/www.brikol.sk\/cs\/wp-json\/wp\/v2\/media?parent=18314"}],"wp:term":[{"taxonomy":"product_cat","embeddable":true,"href":"https:\/\/www.brikol.sk\/cs\/wp-json\/wp\/v2\/product_cat?post=18314"},{"taxonomy":"product_tag","embeddable":true,"href":"https:\/\/www.brikol.sk\/cs\/wp-json\/wp\/v2\/product_tag?post=18314"}],"curies":[{"name":"wp","href":"https:\/\/api.w.org\/{rel}","templated":true}]}}