{"id":18321,"date":"2021-08-17T14:26:49","date_gmt":"2021-08-17T12:26:49","guid":{"rendered":"https:\/\/www.brikol.sk\/produkt\/snura-pear-koncovka-ks\/"},"modified":"2026-01-13T12:43:28","modified_gmt":"2026-01-13T11:43:28","slug":"koncovka-snury-tahacek","status":"publish","type":"product","link":"https:\/\/www.brikol.sk\/cs\/produkt\/koncovka-snury-tahacek\/","title":{"rendered":"Koncovka \u0161\u0148\u016fry (tah\u00e1\u010dek) \/ ks"},"content":{"rendered":"<p>Nab\u00edz\u00edme kvalitn\u00ed plastov\u00e9 i d\u0159ev\u011bn\u00e9 koncovky \u0161\u0148\u016fry (tzv. tah\u00e1\u010dky), kter\u00e9 slou\u017e\u00ed k estetick\u00e9mu zakon\u010den\u00ed ovl\u00e1dac\u00ed \u0161\u0148\u016fry va\u0161ich \u017ealuzi\u00ed nebo rolet. Tento drobn\u00fd, ale d\u016fle\u017eit\u00fd komponent zaji\u0161\u0165uje pohodlnou manipulaci a zabra\u0148uje vyvl\u00e9knut\u00ed \u0161\u0148\u016fry z mechanismu. Na\u0161e koncovky jsou dostupn\u00e9 v r\u016fzn\u00fdch barevn\u00fdch proveden\u00edch, aby dokonale ladily s va\u0161\u00edm interi\u00e9rem.<\/p>\n","protected":false},"excerpt":{"rendered":"<p>Nab\u00edz\u00edme kvalitn\u00ed plastov\u00e9 i d\u0159ev\u011bn\u00e9 koncovky \u0161\u0148\u016fry (tzv. tah\u00e1\u010dky), kter\u00e9 slou\u017e\u00ed k estetick\u00e9mu zakon\u010den\u00ed ovl\u00e1dac\u00ed \u0161\u0148\u016fry va\u0161ich \u017ealuzi\u00ed nebo rolet. Tento drobn\u00fd, ale d\u016fle\u017eit\u00fd komponent zaji\u0161\u0165uje pohodlnou manipulaci a zabra\u0148uje vyvl\u00e9knut\u00ed \u0161\u0148\u016fry z mechanismu. Na\u0161e koncovky jsou dostupn\u00e9 v r\u016fzn\u00fdch barevn\u00fdch proveden\u00edch, aby dokonale ladily s va\u0161\u00edm interi\u00e9rem.<\/p>\n","protected":false},"featured_media":13787,"comment_status":"closed","ping_status":"closed","template":"","meta":[],"product_cat":[132,133],"product_tag":[],"_links":{"self":[{"href":"https:\/\/www.brikol.sk\/cs\/wp-json\/wp\/v2\/product\/18321"}],"collection":[{"href":"https:\/\/www.brikol.sk\/cs\/wp-json\/wp\/v2\/product"}],"about":[{"href":"https:\/\/www.brikol.sk\/cs\/wp-json\/wp\/v2\/types\/product"}],"replies":[{"embeddable":true,"href":"https:\/\/www.brikol.sk\/cs\/wp-json\/wp\/v2\/comments?post=18321"}],"wp:featuredmedia":[{"embeddable":true,"href":"https:\/\/www.brikol.sk\/cs\/wp-json\/wp\/v2\/media\/13787"}],"wp:attachment":[{"href":"https:\/\/www.brikol.sk\/cs\/wp-json\/wp\/v2\/media?parent=18321"}],"wp:term":[{"taxonomy":"product_cat","embeddable":true,"href":"https:\/\/www.brikol.sk\/cs\/wp-json\/wp\/v2\/product_cat?post=18321"},{"taxonomy":"product_tag","embeddable":true,"href":"https:\/\/www.brikol.sk\/cs\/wp-json\/wp\/v2\/product_tag?post=18321"}],"curies":[{"name":"wp","href":"https:\/\/api.w.org\/{rel}","templated":true}]}}