{"id":18326,"date":"2021-04-13T12:24:49","date_gmt":"2021-04-13T10:24:49","guid":{"rendered":"https:\/\/www.brikol.sk\/produkt\/kryty-zavesu-joker-bile-sada\/"},"modified":"2026-01-13T12:49:45","modified_gmt":"2026-01-13T11:49:45","slug":"kryty-zavesu-joker-bile-sada","status":"publish","type":"product","link":"https:\/\/www.brikol.sk\/cs\/produkt\/kryty-zavesu-joker-bile-sada\/","title":{"rendered":"Kryty z\u00e1v\u011bs\u016f JOKER b\u00edl\u00e9 \/ sada"},"content":{"rendered":"<p>Plastov\u00e9 kryty z\u00e1v\u011bs\u016f JOKER. V sad\u011b jsou 4 uz\u00e1v\u011bry.<\/p>\n","protected":false},"excerpt":{"rendered":"<p>Plastov\u00e9 krytky pro dve\u0159n\u00ed z\u00e1v\u011bsy JOKER. V sad\u011b jsou 4 uz\u00e1v\u011bry.<\/p>\n","protected":false},"featured_media":15747,"comment_status":"open","ping_status":"closed","template":"","meta":[],"product_cat":[136,127],"product_tag":[],"_links":{"self":[{"href":"https:\/\/www.brikol.sk\/cs\/wp-json\/wp\/v2\/product\/18326"}],"collection":[{"href":"https:\/\/www.brikol.sk\/cs\/wp-json\/wp\/v2\/product"}],"about":[{"href":"https:\/\/www.brikol.sk\/cs\/wp-json\/wp\/v2\/types\/product"}],"replies":[{"embeddable":true,"href":"https:\/\/www.brikol.sk\/cs\/wp-json\/wp\/v2\/comments?post=18326"}],"wp:featuredmedia":[{"embeddable":true,"href":"https:\/\/www.brikol.sk\/cs\/wp-json\/wp\/v2\/media\/15747"}],"wp:attachment":[{"href":"https:\/\/www.brikol.sk\/cs\/wp-json\/wp\/v2\/media?parent=18326"}],"wp:term":[{"taxonomy":"product_cat","embeddable":true,"href":"https:\/\/www.brikol.sk\/cs\/wp-json\/wp\/v2\/product_cat?post=18326"},{"taxonomy":"product_tag","embeddable":true,"href":"https:\/\/www.brikol.sk\/cs\/wp-json\/wp\/v2\/product_tag?post=18326"}],"curies":[{"name":"wp","href":"https:\/\/api.w.org\/{rel}","templated":true}]}}