{"id":18328,"date":"2021-04-07T09:29:15","date_gmt":"2021-04-07T07:29:15","guid":{"rendered":"https:\/\/www.brikol.sk\/produkt\/zavitove-zebrikove-zaluzie-ks\/"},"modified":"2021-04-07T09:29:15","modified_gmt":"2021-04-07T07:29:15","slug":"zavitove-zebrikove-zaluzie-ks","status":"publish","type":"product","link":"https:\/\/www.brikol.sk\/cs\/produkt\/zavitove-zebrikove-zaluzie-ks\/","title":{"rendered":"Z\u00e1vitov\u00e9 \u017eeb\u0159\u00edkov\u00e9 \u017ealuzie \/ ks"},"content":{"rendered":"<p>Navl\u00e9kn\u011bte \u017eeb\u0159\u00edkov\u00e9 \u017ealuzie pro spojen\u00ed na horn\u00edm nosn\u00edku.<\/p>\n","protected":false},"excerpt":{"rendered":"<p>Navl\u00e9kn\u011bte \u017eeb\u0159\u00edkov\u00e9 \u017ealuzie pro spojen\u00ed na horn\u00edm nosn\u00edku.<\/p>\n","protected":false},"featured_media":12012,"comment_status":"open","ping_status":"closed","template":"","meta":[],"product_cat":[132,140,137,138,139,133],"product_tag":[],"_links":{"self":[{"href":"https:\/\/www.brikol.sk\/cs\/wp-json\/wp\/v2\/product\/18328"}],"collection":[{"href":"https:\/\/www.brikol.sk\/cs\/wp-json\/wp\/v2\/product"}],"about":[{"href":"https:\/\/www.brikol.sk\/cs\/wp-json\/wp\/v2\/types\/product"}],"replies":[{"embeddable":true,"href":"https:\/\/www.brikol.sk\/cs\/wp-json\/wp\/v2\/comments?post=18328"}],"wp:featuredmedia":[{"embeddable":true,"href":"https:\/\/www.brikol.sk\/cs\/wp-json\/wp\/v2\/media\/12012"}],"wp:attachment":[{"href":"https:\/\/www.brikol.sk\/cs\/wp-json\/wp\/v2\/media?parent=18328"}],"wp:term":[{"taxonomy":"product_cat","embeddable":true,"href":"https:\/\/www.brikol.sk\/cs\/wp-json\/wp\/v2\/product_cat?post=18328"},{"taxonomy":"product_tag","embeddable":true,"href":"https:\/\/www.brikol.sk\/cs\/wp-json\/wp\/v2\/product_tag?post=18328"}],"curies":[{"name":"wp","href":"https:\/\/api.w.org\/{rel}","templated":true}]}}