{"id":18332,"date":"2021-03-22T15:07:48","date_gmt":"2021-03-22T14:07:48","guid":{"rendered":"https:\/\/www.brikol.sk\/produkt\/zasuvna-dverni-zastrcka-wala-203-mm-par\/"},"modified":"2021-03-22T15:07:48","modified_gmt":"2021-03-22T14:07:48","slug":"zasuvna-dverni-zastrcka-wala-203-mm-par","status":"publish","type":"product","link":"https:\/\/www.brikol.sk\/cs\/produkt\/zasuvna-dverni-zastrcka-wala-203-mm-par\/","title":{"rendered":"Z\u00e1suvn\u00e1 dve\u0159n\u00ed z\u00e1str\u010dka WALA 203 mm \/ p\u00e1r"},"content":{"rendered":"<p>Dve\u0159n\u00ed z\u00e1str\u010dka WALA ur\u010den\u00e1 pro hlin\u00edkov\u00e9 dve\u0159e k zapu\u0161t\u011bn\u00ed do profilu. Sou\u010d\u00e1st\u00ed balen\u00ed jsou tak\u00e9 ty\u010de proti k\u00fdv\u00e1n\u00ed r\u00e1mu a sada \u0161roub\u016f.<br \/>\nD\u00e9lka z\u00e1tky je 203 mm, \u0161\u00ed\u0159ka 25 mm.<\/p>\n<p>D\u00e9lka prodlou\u017een\u00e9 z\u00e1str\u010dky je 110 mm<\/p>\n","protected":false},"excerpt":{"rendered":"<p>Dve\u0159n\u00ed z\u00e1str\u010dka WALA ur\u010den\u00e1 pro hlin\u00edkov\u00e9 dve\u0159e k zapu\u0161t\u011bn\u00ed do profilu. Sou\u010d\u00e1st\u00ed balen\u00ed jsou tak\u00e9 ty\u010de proti k\u00fdv\u00e1n\u00ed r\u00e1mu a sada \u0161roub\u016f.<br \/>\nD\u00e9lka z\u00e1tky je 203 mm, \u0161\u00ed\u0159ka 25 mm.<\/p>\n<p>D\u00e9lka prodlou\u017een\u00e9 z\u00e1str\u010dky je 110 mm<\/p>\n","protected":false},"featured_media":11872,"comment_status":"open","ping_status":"closed","template":"","meta":[],"product_cat":[136,127],"product_tag":[],"_links":{"self":[{"href":"https:\/\/www.brikol.sk\/cs\/wp-json\/wp\/v2\/product\/18332"}],"collection":[{"href":"https:\/\/www.brikol.sk\/cs\/wp-json\/wp\/v2\/product"}],"about":[{"href":"https:\/\/www.brikol.sk\/cs\/wp-json\/wp\/v2\/types\/product"}],"replies":[{"embeddable":true,"href":"https:\/\/www.brikol.sk\/cs\/wp-json\/wp\/v2\/comments?post=18332"}],"wp:featuredmedia":[{"embeddable":true,"href":"https:\/\/www.brikol.sk\/cs\/wp-json\/wp\/v2\/media\/11872"}],"wp:attachment":[{"href":"https:\/\/www.brikol.sk\/cs\/wp-json\/wp\/v2\/media?parent=18332"}],"wp:term":[{"taxonomy":"product_cat","embeddable":true,"href":"https:\/\/www.brikol.sk\/cs\/wp-json\/wp\/v2\/product_cat?post=18332"},{"taxonomy":"product_tag","embeddable":true,"href":"https:\/\/www.brikol.sk\/cs\/wp-json\/wp\/v2\/product_tag?post=18332"}],"curies":[{"name":"wp","href":"https:\/\/api.w.org\/{rel}","templated":true}]}}