{"id":18341,"date":"2021-03-05T07:26:40","date_gmt":"2021-03-05T06:26:40","guid":{"rendered":"https:\/\/www.brikol.sk\/produkt\/kryt-tlakoveho-zavesu-siegenia-bily-ks\/"},"modified":"2026-01-13T13:47:03","modified_gmt":"2026-01-13T12:47:03","slug":"kryt-tlakoveho-zavesu-siegenia-bily-ks","status":"publish","type":"product","link":"https:\/\/www.brikol.sk\/cs\/produkt\/kryt-tlakoveho-zavesu-siegenia-bily-ks\/","title":{"rendered":"Kryt tlakov\u00e9ho z\u00e1v\u011bsu SIEGENIA b\u00edl\u00fd \/ ks"},"content":{"rendered":"<p>Kryt tlakov\u00e9ho z\u00e1v\u011bsu SIEGENIA<\/p>\n","protected":false},"excerpt":{"rendered":"<p>Kryt tlakov\u00e9ho z\u00e1v\u011bsu SIEGENIA<\/p>\n","protected":false},"featured_media":15282,"comment_status":"open","ping_status":"closed","template":"","meta":[],"product_cat":[136,221,145,222],"product_tag":[],"_links":{"self":[{"href":"https:\/\/www.brikol.sk\/cs\/wp-json\/wp\/v2\/product\/18341"}],"collection":[{"href":"https:\/\/www.brikol.sk\/cs\/wp-json\/wp\/v2\/product"}],"about":[{"href":"https:\/\/www.brikol.sk\/cs\/wp-json\/wp\/v2\/types\/product"}],"replies":[{"embeddable":true,"href":"https:\/\/www.brikol.sk\/cs\/wp-json\/wp\/v2\/comments?post=18341"}],"wp:featuredmedia":[{"embeddable":true,"href":"https:\/\/www.brikol.sk\/cs\/wp-json\/wp\/v2\/media\/15282"}],"wp:attachment":[{"href":"https:\/\/www.brikol.sk\/cs\/wp-json\/wp\/v2\/media?parent=18341"}],"wp:term":[{"taxonomy":"product_cat","embeddable":true,"href":"https:\/\/www.brikol.sk\/cs\/wp-json\/wp\/v2\/product_cat?post=18341"},{"taxonomy":"product_tag","embeddable":true,"href":"https:\/\/www.brikol.sk\/cs\/wp-json\/wp\/v2\/product_tag?post=18341"}],"curies":[{"name":"wp","href":"https:\/\/api.w.org\/{rel}","templated":true}]}}