{"id":18342,"date":"2021-02-22T12:40:13","date_gmt":"2021-02-22T11:40:13","guid":{"rendered":"https:\/\/www.brikol.sk\/produkt\/siegenia-imbusovy-klic-4-mm-sw-11-ks\/"},"modified":"2026-01-13T13:47:25","modified_gmt":"2026-01-13T12:47:25","slug":"siegenia-imbusovy-klic-4-mm-sw-11-ks","status":"publish","type":"product","link":"https:\/\/www.brikol.sk\/cs\/produkt\/siegenia-imbusovy-klic-4-mm-sw-11-ks\/","title":{"rendered":"SIEGENIA imbusov\u00fd kl\u00ed\u010d 4 mm \/sw 11 ks"},"content":{"rendered":"<p>Nastavovac\u00ed kl\u00ed\u010d Siegenia z del\u0161\u00ed strany SW 11 z krat\u0161\u00ed zahnut\u00e9 strany imbus 4 mm. Nastavovac\u00ed kl\u00ed\u010d slou\u017e\u00ed k nastaven\u00ed (se\u0159\u00edzen\u00ed) kov\u00e1n\u00ed Siegenia Favorit. Pou\u017e\u00edv\u00e1 se hlavn\u011b k nastaven\u00ed v\u00fd\u0161ky okna a sklonu okna na horn\u00ed fr\u00e9ze.<br \/>\nD\u00e9lka &#8211; 140 mm, \u0161\u00ed\u0159ka &#8211; 30 mm<\/p>\n","protected":false},"excerpt":{"rendered":"<p>Nastavovac\u00ed kl\u00ed\u010d Siegenia z del\u0161\u00ed strany SW 11 z krat\u0161\u00ed zahnut\u00e9 strany imbus 4 mm. Nastavovac\u00ed kl\u00ed\u010d slou\u017e\u00ed k nastaven\u00ed (se\u0159\u00edzen\u00ed) kov\u00e1n\u00ed Siegenia Favorit. Pou\u017e\u00edv\u00e1 se hlavn\u011b k nastaven\u00ed v\u00fd\u0161ky okna a sklonu okna na horn\u00ed fr\u00e9ze.<br \/>\nD\u00e9lka &#8211; 140 mm, \u0161\u00ed\u0159ka &#8211; 30 mm<\/p>\n","protected":false},"featured_media":14237,"comment_status":"open","ping_status":"closed","template":"","meta":[],"product_cat":[136,220],"product_tag":[],"_links":{"self":[{"href":"https:\/\/www.brikol.sk\/cs\/wp-json\/wp\/v2\/product\/18342"}],"collection":[{"href":"https:\/\/www.brikol.sk\/cs\/wp-json\/wp\/v2\/product"}],"about":[{"href":"https:\/\/www.brikol.sk\/cs\/wp-json\/wp\/v2\/types\/product"}],"replies":[{"embeddable":true,"href":"https:\/\/www.brikol.sk\/cs\/wp-json\/wp\/v2\/comments?post=18342"}],"wp:featuredmedia":[{"embeddable":true,"href":"https:\/\/www.brikol.sk\/cs\/wp-json\/wp\/v2\/media\/14237"}],"wp:attachment":[{"href":"https:\/\/www.brikol.sk\/cs\/wp-json\/wp\/v2\/media?parent=18342"}],"wp:term":[{"taxonomy":"product_cat","embeddable":true,"href":"https:\/\/www.brikol.sk\/cs\/wp-json\/wp\/v2\/product_cat?post=18342"},{"taxonomy":"product_tag","embeddable":true,"href":"https:\/\/www.brikol.sk\/cs\/wp-json\/wp\/v2\/product_tag?post=18342"}],"curies":[{"name":"wp","href":"https:\/\/api.w.org\/{rel}","templated":true}]}}